{"id":102,"date":"2023-08-30T13:31:46","date_gmt":"2023-08-30T11:31:46","guid":{"rendered":"https:\/\/terapeuci.com.pl\/?page_id=102"},"modified":"2023-11-12T11:25:02","modified_gmt":"2023-11-12T10:25:02","slug":"interwencja-kryzysowa","status":"publish","type":"page","link":"http:\/\/terapeuci.com.pl\/index.php\/interwencja-kryzysowa\/","title":{"rendered":"Interwencja kryzysowa"},"content":{"rendered":"\n<div class=\"wp-block-group alignfull has-background is-layout-flow wp-block-group-is-layout-flow\" style=\"background-color:#f5eac1;padding-top:6vw;padding-right:6vw;padding-bottom:6vw;padding-left:6vw\"><div class=\"wp-block-group__inner-container\">\n<div style=\"height:1vw\" aria-hidden=\"true\" class=\"wp-block-spacer\"><\/div>\n\n\n\n<p><strong>Nie wiesz, jakie dzia\u0142ania podj\u0105\u0107, by Tw\u00f3j dom znowu sta\u0142 si\u0119 przyjaznym i pe\u0142nym ciep\u0142a miejscem? Wiesz, \u017ce Tw\u00f3j partner lub partnerka potrzebuje specjalistycznej pomocy, ale bagatelizuje problem i coraz ch\u0119tniej oddaje si\u0119 na\u0142ogowi? Je\u015bli kto\u015b Ci bliski pije za du\u017co, je\u015bli w Twoim domu spok\u00f3j zamieni\u0142 si\u0119 w cierpienie, a Ty nie wiesz co zrobi\u0107? <a href=\"mailto:piotr@terapeuci.com.pl\">Napisz<\/a> lub <a href=\"tel:+48537447111\">zadzwo\u0144<\/a><\/strong><\/p>\n\n\n\n<div class=\"wp-block-group alignwide is-vertical is-nowrap is-layout-flex wp-container-8 wp-block-group-is-layout-flex\" style=\"padding-top:0;padding-right:0;padding-bottom:0;padding-left:0\">\n<div class=\"wp-block-columns alignwide is-layout-flex wp-container-4 wp-block-columns-is-layout-flex\">\n<div class=\"wp-block-column is-layout-flow wp-block-column-is-layout-flow\" style=\"flex-basis:33.38%\">\n<p>Interwencja kryzysowa to przygotowane dzia\u0142anie przez osoby najbli\u017csze wobec osoby uzale\u017cnionej. Jej celem jest spotkanie razem z t\u0105 osob\u0105, na kt\u00f3rym przedstawia si\u0119 fakty, udowadniaj\u0105ce potrzeb\u0119 podj\u0119cia leczenia. Fakty te zostaj\u0105 wcze\u015bniej om\u00f3wione oraz spisane wsp\u00f3lnie z interwentem kryzysowym \/ terapeut\u0105 uzale\u017cnie\u0144.  <\/p>\n<\/div>\n\n\n\n<div class=\"wp-block-column is-layout-flow wp-block-column-is-layout-flow\" style=\"flex-basis:33%\">\n<div style=\"height:2vw\" aria-hidden=\"true\" class=\"wp-block-spacer\"><\/div>\n\n\n\n<figure class=\"wp-block-image size-full is-resized\"><img decoding=\"async\" loading=\"lazy\" width=\"214\" height=\"235\" src=\"http:\/\/terapeuci.com.pl\/wp-content\/uploads\/2023\/08\/interwencja-kryzysowa_uzaleznienie_mazowieckie.png\" alt=\"terapia uzale\u017cnie\u0144  interwencja kryzysowa warszawa targ\u00f3wek mazowieckie psychoterapeuta \" class=\"wp-image-103\" style=\"width:200px;height:220px\"\/><\/figure>\n<\/div>\n\n\n\n<div class=\"wp-block-column is-layout-flow wp-block-column-is-layout-flow\" style=\"flex-basis:33.62%\">\n<figure class=\"wp-block-image size-full is-resized\"><img decoding=\"async\" loading=\"lazy\" width=\"310\" height=\"163\" src=\"http:\/\/terapeuci.com.pl\/wp-content\/uploads\/2023\/08\/terapia-uzaleznien_interwencja-kryzysowa_warszawa_targowek.jpg\" alt=\"terapia uzale\u017cnie\u0144  interwencja kryzysowa warszawa targ\u00f3wek mazowieckie psychoterapeuta \" class=\"wp-image-104\" style=\"width:361px;height:190px\" srcset=\"http:\/\/terapeuci.com.pl\/wp-content\/uploads\/2023\/08\/terapia-uzaleznien_interwencja-kryzysowa_warszawa_targowek.jpg 310w, http:\/\/terapeuci.com.pl\/wp-content\/uploads\/2023\/08\/terapia-uzaleznien_interwencja-kryzysowa_warszawa_targowek-300x158.jpg 300w\" sizes=\"(max-width: 310px) 100vw, 310px\" \/><\/figure>\n<\/div>\n<\/div>\n\n\n\n<div class=\"wp-block-columns alignwide is-layout-flex wp-container-7 wp-block-columns-is-layout-flex\">\n<div class=\"wp-block-column is-layout-flow wp-block-column-is-layout-flow\" style=\"flex-basis:69%\">\n<figure class=\"wp-block-image size-full is-resized\"><img decoding=\"async\" loading=\"lazy\" width=\"304\" height=\"166\" src=\"http:\/\/terapeuci.com.pl\/wp-content\/uploads\/2023\/08\/terapia-uzaleznien_warszawa_targowek.jpg\" alt=\"terapia uzale\u017cnie\u0144  interwencja kryzysowa warszawa targ\u00f3wek mazowieckie psychoterapeuta \" class=\"wp-image-105\" style=\"width:386px;height:167px\" srcset=\"http:\/\/terapeuci.com.pl\/wp-content\/uploads\/2023\/08\/terapia-uzaleznien_warszawa_targowek.jpg 304w, http:\/\/terapeuci.com.pl\/wp-content\/uploads\/2023\/08\/terapia-uzaleznien_warszawa_targowek-300x164.jpg 300w\" sizes=\"(max-width: 304px) 100vw, 304px\" \/><\/figure>\n<\/div>\n\n\n\n<div class=\"wp-block-column is-vertically-aligned-center is-layout-flow wp-block-column-is-layout-flow\" style=\"flex-basis:33%\">\n<div style=\"height:2vw\" aria-hidden=\"true\" class=\"wp-block-spacer\"><\/div>\n\n\n\n<p class=\"has-text-color\" style=\"color:#000000;font-size:17px\">Przygotowana sesja interwencyjna posiada charakter konfrontacyjny i rzeczowy. Jest ona konkretna, a jednocze\u015bnie \u017cyczliwa wobec osoby uzale\u017cnionej. Jej zadaniem jest doprowadzenie do udzielenia przez ni\u0105 zgody na leczenie.<\/p>\n<\/div>\n<\/div>\n<\/div>\n\n\n\n<p>Rzeczowo\u015b\u0107 interwencji kryzysowej polega na tym, \u017ce omawia si\u0119 wszystkie fakty i zachowania zwi\u0105zane z uzale\u017cnieniem. Nie mo\u017cna tutaj stosowa\u0107 uog\u00f3lnie\u0144, interpretacji, os\u0105d\u00f3w i ocen, ani m\u00f3wi\u0107 o rzeczach, kt\u00f3re wiemy od kogo\u015b innego. Skupiamy si\u0119 tylko na faktach i samym uzale\u017cnieniu.<\/p>\n\n\n\n<p><strong>Poni\u017csze zdania opisuj\u0105 czym jest interwencja kryzysowa dla osoby uzale\u017cnionej:<\/strong><\/p>\n\n\n\n<ul>\n<li>Interwencja to pomoc komu\u015b, kto tej pomocy nie chce.<\/li>\n\n\n\n<li>Interwencja to dzia\u0142anie z zewn\u0105trz.<\/li>\n\n\n\n<li>W czasie interwencji atakowane s\u0105 argumenty, a nie osoba alkoholika.<\/li>\n<\/ul>\n\n\n\n<p>Skuteczna interwencja kryzysowa uzale\u017cnie\u0144 zwie\u0144czona jest spotkaniem, na kt\u00f3rym bliscy b\u0105d\u017a znajomi alkoholika spotykaj\u0105 z nim i przedstawiaj\u0105 fakty, kt\u00f3re stanowi\u0105 wa\u017cny pow\u00f3d do podj\u0119cia leczenia.<\/p>\n\n\n\n<p><strong>Wyr\u00f3\u017cniamy trzy podstawowe cechy udanej sesji interwencyjnej.<\/strong><\/p>\n\n\n\n<ol type=\"1\" start=\"1\">\n<li><strong>Rzeczowo<\/strong><strong>\u015b\u0107<\/strong>&nbsp;\u2013 nale\u017cy unika\u0107 domys\u0142\u00f3w i domniemania pewnych zachowa\u0144. Alkoholikowi trzeba przestawi\u0107 fakty dotycz\u0105ce zaniedba\u0144 i krzywd, jakie pojawi\u0142y si\u0119 w bezpo\u015brednim zwi\u0105zku z nadmiernym spo\u017cywaniem alkoholu. Nie m\u00f3w te\u017c o intencjach alkoholika. Sformu\u0142owania typu &#8222;my\u015bla\u0142e\u015b, \u017ce nikt nie zauwa\u017cy&#8221; nie wnios\u0105 nic pozytywnego do rozmowy, a mog\u0105 skutkowa\u0107 postaw\u0105 obron\u0105.<\/li>\n\n\n\n<li><strong>Konkretno<\/strong><strong>\u015b\u0107<\/strong>&nbsp;\u2013 w trakcie przedstawiania krzywd spowodowanych przez alkohol m\u00f3wimy konkrety, bez \u017cadnych uog\u00f3lnie\u0144. Zamiast wi\u0119c powiedzie\u0107: &#8222;Jeste\u015b z\u0142ym ojcem&#8221;, lepiej poda\u0107 konkretne przyk\u0142ady, kt\u00f3re o tym \u015bwiadcz\u0105 (np. &#8222;Kiedy wr\u00f3ci\u0142am do domu, dzieci by\u0142y g\u0142odne&#8221; lub &#8222;Mia\u0142e\u015b odebra\u0107 j\u0105 ze szko\u0142y, a tymczasem otrzyma\u0142am telefon ze \u015bwietlicy, \u017ce nikt nie przyszed\u0142&#8221;).<\/li>\n<\/ol>\n\n\n\n<p>3. <strong>\u017byczliwo\u015b\u0107<\/strong>&nbsp;\u2013 interwencja nie mo\u017ce przypomina\u0107 kolejnej awantury. Prawda musi by\u0107 podawana w taki spos\u00f3b, by cz\u0142owiek si\u0119 na ni\u0105 otwiera\u0142, a nie zamyka\u0142. Wa\u017cna jest zatem atmosfera \u017cyczliwo\u015bci, troski i mi\u0142o\u015bci do alkoholika. Osoba uzale\u017cniona musi wiedzie\u0107, \u017ce je\u015bli podejmie leczenie, otrzyma pe\u0142ne wsparcie najbli\u017cszych. Opieraj si\u0119 tylko na w\u0142asnych do\u015bwiadczeniach. Nie u\u017cywaj argument\u00f3w, kt\u00f3re s\u0105 informacjami zas\u0142yszanymi od os\u00f3b trzecich.<\/p>\n\n\n\n<p><strong>Czym nie jest interwencja kryzysowa wobec osoby uzale\u017cnionej:<\/strong><\/p>\n\n\n\n<p>*Nie jest kolejn\u0105 awantur\u0105 rodzinn\u0105 na temat czynnego uzale\u017cnienia.<\/p>\n\n\n\n<p>&nbsp;*Nie jest sesj\u0105 oskar\u017ce\u0144 i pretensji wobec osoby uzale\u017cnionej.<\/p>\n\n\n\n<p>* Nie jest okazj\u0105 do u\u017calania si\u0119 na sw\u00f3j los.<\/p>\n\n\n\n<p>* Nie jest dyskusj\u0105 o tym, dlaczego uzale\u017cniony jest w czynnym uzale\u017cnieniu.<\/p>\n\n\n\n<p>&nbsp;* Nie jest konferencj\u0105 na temat, czy nadu\u017cywanie \u015brodk\u00f3w psychoaktywnych jest normalne czy chorobliwe.<\/p>\n\n\n\n<p>* Nie jest podsumowaniem uzaleznionego w jego rolach spo\u0142ecznych i jak ich nie spe\u0142nia (jeste\u015b z\u0142ym ojcem, co z ciebie za pracownik).<\/p>\n\n\n\n<p>* Nie jest sesj\u0105 terapeutyczno &#8211; lecznicz\u0105 ani te\u017c diagnoz\u0105 uzale\u017cnienia.<\/p>\n\n\n\n<p>&nbsp;* Nie jest dyskusj\u0105 nad tym, czym jest, a czym nie jest uzale\u017cnienie.<\/p>\n\n\n\n<p>* Nie jest publicznym upokarzaniem uzale\u017cnionego.<\/p>\n<\/div><\/div>\n","protected":false},"excerpt":{"rendered":"<p>Nie wiesz, jakie dzia\u0142ania podj\u0105\u0107, by Tw\u00f3j dom znowu sta\u0142 si\u0119 przyjaznym i pe\u0142nym ciep\u0142a miejscem? Wiesz, \u017ce Tw\u00f3j partner lub partnerka potrzebuje specjalistycznej pomocy, ale bagatelizuje problem i coraz ch\u0119tniej oddaje si\u0119 na\u0142ogowi? Je\u015bli kto\u015b Ci bliski pije za du\u017co, je\u015bli w Twoim domu spok\u00f3j zamieni\u0142 si\u0119 w cierpienie, a Ty nie wiesz co [&hellip;]<\/p>\n","protected":false},"author":1,"featured_media":0,"parent":0,"menu_order":0,"comment_status":"closed","ping_status":"closed","template":"","meta":{"om_disable_all_campaigns":false,"_monsterinsights_skip_tracking":false,"_monsterinsights_sitenote_active":false,"_monsterinsights_sitenote_note":"","_monsterinsights_sitenote_category":0,"footnotes":""},"aioseo_notices":[],"yoast_head":"<!-- This site is optimized with the Yoast SEO Premium plugin v21.3 (Yoast SEO v22.6) - https:\/\/yoast.com\/wordpress\/plugins\/seo\/ -->\n<title>Interwencja kryzysowa - Terapia uzale\u017cnie\u0144, wsp\u00f3\u0142uzale\u017cnie\u0144, par, DDA, DDD<\/title>\n<meta name=\"description\" content=\"Interwencja kryzysowa to przygotowane dzia\u0142anie przez osoby najbli\u017csze wobec osoby uzale\u017cnionej.\" \/>\n<meta name=\"robots\" content=\"index, follow, max-snippet:-1, max-image-preview:large, max-video-preview:-1\" \/>\n<link rel=\"canonical\" href=\"http:\/\/terapeuci.com.pl\/index.php\/interwencja-kryzysowa\/\" \/>\n<meta property=\"og:locale\" content=\"pl_PL\" \/>\n<meta property=\"og:type\" content=\"article\" \/>\n<meta property=\"og:title\" content=\"Interwencja kryzysowa\" \/>\n<meta property=\"og:description\" content=\"Interwencja kryzysowa to przygotowane dzia\u0142anie przez osoby najbli\u017csze wobec osoby uzale\u017cnionej.\" \/>\n<meta property=\"og:url\" content=\"http:\/\/terapeuci.com.pl\/index.php\/interwencja-kryzysowa\/\" \/>\n<meta property=\"og:site_name\" content=\"Terapia uzale\u017cnie\u0144, wsp\u00f3\u0142uzale\u017cnie\u0144, par, DDA, DDD\" \/>\n<meta property=\"article:modified_time\" content=\"2023-11-12T10:25:02+00:00\" \/>\n<meta property=\"og:image\" content=\"http:\/\/terapeuci.com.pl\/wp-content\/uploads\/2023\/08\/interwencja-kryzysowa_uzaleznienie_mazowieckie.png\" \/>\n<meta name=\"twitter:card\" content=\"summary_large_image\" \/>\n<meta name=\"twitter:label1\" content=\"Szacowany czas czytania\" \/>\n\t<meta name=\"twitter:data1\" content=\"4 minuty\" \/>\n<script type=\"application\/ld+json\" class=\"yoast-schema-graph\">{\"@context\":\"https:\/\/schema.org\",\"@graph\":[{\"@type\":\"WebPage\",\"@id\":\"http:\/\/terapeuci.com.pl\/index.php\/interwencja-kryzysowa\/\",\"url\":\"http:\/\/terapeuci.com.pl\/index.php\/interwencja-kryzysowa\/\",\"name\":\"Interwencja kryzysowa - Terapia uzale\u017cnie\u0144, wsp\u00f3\u0142uzale\u017cnie\u0144, par, DDA, DDD\",\"isPartOf\":{\"@id\":\"http:\/\/terapeuci.com.pl\/#website\"},\"primaryImageOfPage\":{\"@id\":\"http:\/\/terapeuci.com.pl\/index.php\/interwencja-kryzysowa\/#primaryimage\"},\"image\":{\"@id\":\"http:\/\/terapeuci.com.pl\/index.php\/interwencja-kryzysowa\/#primaryimage\"},\"thumbnailUrl\":\"http:\/\/terapeuci.com.pl\/wp-content\/uploads\/2023\/08\/interwencja-kryzysowa_uzaleznienie_mazowieckie.png\",\"datePublished\":\"2023-08-30T11:31:46+00:00\",\"dateModified\":\"2023-11-12T10:25:02+00:00\",\"description\":\"Interwencja kryzysowa to przygotowane dzia\u0142anie przez osoby najbli\u017csze wobec osoby uzale\u017cnionej.\",\"breadcrumb\":{\"@id\":\"http:\/\/terapeuci.com.pl\/index.php\/interwencja-kryzysowa\/#breadcrumb\"},\"inLanguage\":\"pl-PL\",\"potentialAction\":[{\"@type\":\"ReadAction\",\"target\":[\"http:\/\/terapeuci.com.pl\/index.php\/interwencja-kryzysowa\/\"]}]},{\"@type\":\"ImageObject\",\"inLanguage\":\"pl-PL\",\"@id\":\"http:\/\/terapeuci.com.pl\/index.php\/interwencja-kryzysowa\/#primaryimage\",\"url\":\"http:\/\/terapeuci.com.pl\/wp-content\/uploads\/2023\/08\/interwencja-kryzysowa_uzaleznienie_mazowieckie.png\",\"contentUrl\":\"http:\/\/terapeuci.com.pl\/wp-content\/uploads\/2023\/08\/interwencja-kryzysowa_uzaleznienie_mazowieckie.png\"},{\"@type\":\"BreadcrumbList\",\"@id\":\"http:\/\/terapeuci.com.pl\/index.php\/interwencja-kryzysowa\/#breadcrumb\",\"itemListElement\":[{\"@type\":\"ListItem\",\"position\":1,\"name\":\"Strona g\u0142\u00f3wna\",\"item\":\"https:\/\/terapeuci.com.pl\/\"},{\"@type\":\"ListItem\",\"position\":2,\"name\":\"Interwencja kryzysowa\"}]},{\"@type\":\"WebSite\",\"@id\":\"http:\/\/terapeuci.com.pl\/#website\",\"url\":\"http:\/\/terapeuci.com.pl\/\",\"name\":\"Terapia uzale\u017cnie\u0144, wsp\u00f3\u0142uzale\u017cnie\u0144, par, DDA, DDD\",\"description\":\"Spraw, aby ka\u017cdy dzie\u0144 m\u00f3g\u0142 by\u0107 najpi\u0119kniejszym dniem Twojego \u017cycia\",\"potentialAction\":[{\"@type\":\"SearchAction\",\"target\":{\"@type\":\"EntryPoint\",\"urlTemplate\":\"http:\/\/terapeuci.com.pl\/?s={search_term_string}\"},\"query-input\":\"required name=search_term_string\"}],\"inLanguage\":\"pl-PL\"}]}<\/script>\n<!-- \/ Yoast SEO Premium plugin. -->","yoast_head_json":{"title":"Interwencja kryzysowa - Terapia uzale\u017cnie\u0144, wsp\u00f3\u0142uzale\u017cnie\u0144, par, DDA, DDD","description":"Interwencja kryzysowa to przygotowane dzia\u0142anie przez osoby najbli\u017csze wobec osoby uzale\u017cnionej.","robots":{"index":"index","follow":"follow","max-snippet":"max-snippet:-1","max-image-preview":"max-image-preview:large","max-video-preview":"max-video-preview:-1"},"canonical":"http:\/\/terapeuci.com.pl\/index.php\/interwencja-kryzysowa\/","og_locale":"pl_PL","og_type":"article","og_title":"Interwencja kryzysowa","og_description":"Interwencja kryzysowa to przygotowane dzia\u0142anie przez osoby najbli\u017csze wobec osoby uzale\u017cnionej.","og_url":"http:\/\/terapeuci.com.pl\/index.php\/interwencja-kryzysowa\/","og_site_name":"Terapia uzale\u017cnie\u0144, wsp\u00f3\u0142uzale\u017cnie\u0144, par, DDA, DDD","article_modified_time":"2023-11-12T10:25:02+00:00","og_image":[{"url":"http:\/\/terapeuci.com.pl\/wp-content\/uploads\/2023\/08\/interwencja-kryzysowa_uzaleznienie_mazowieckie.png"}],"twitter_card":"summary_large_image","twitter_misc":{"Szacowany czas czytania":"4 minuty"},"schema":{"@context":"https:\/\/schema.org","@graph":[{"@type":"WebPage","@id":"http:\/\/terapeuci.com.pl\/index.php\/interwencja-kryzysowa\/","url":"http:\/\/terapeuci.com.pl\/index.php\/interwencja-kryzysowa\/","name":"Interwencja kryzysowa - Terapia uzale\u017cnie\u0144, wsp\u00f3\u0142uzale\u017cnie\u0144, par, DDA, DDD","isPartOf":{"@id":"http:\/\/terapeuci.com.pl\/#website"},"primaryImageOfPage":{"@id":"http:\/\/terapeuci.com.pl\/index.php\/interwencja-kryzysowa\/#primaryimage"},"image":{"@id":"http:\/\/terapeuci.com.pl\/index.php\/interwencja-kryzysowa\/#primaryimage"},"thumbnailUrl":"http:\/\/terapeuci.com.pl\/wp-content\/uploads\/2023\/08\/interwencja-kryzysowa_uzaleznienie_mazowieckie.png","datePublished":"2023-08-30T11:31:46+00:00","dateModified":"2023-11-12T10:25:02+00:00","description":"Interwencja kryzysowa to przygotowane dzia\u0142anie przez osoby najbli\u017csze wobec osoby uzale\u017cnionej.","breadcrumb":{"@id":"http:\/\/terapeuci.com.pl\/index.php\/interwencja-kryzysowa\/#breadcrumb"},"inLanguage":"pl-PL","potentialAction":[{"@type":"ReadAction","target":["http:\/\/terapeuci.com.pl\/index.php\/interwencja-kryzysowa\/"]}]},{"@type":"ImageObject","inLanguage":"pl-PL","@id":"http:\/\/terapeuci.com.pl\/index.php\/interwencja-kryzysowa\/#primaryimage","url":"http:\/\/terapeuci.com.pl\/wp-content\/uploads\/2023\/08\/interwencja-kryzysowa_uzaleznienie_mazowieckie.png","contentUrl":"http:\/\/terapeuci.com.pl\/wp-content\/uploads\/2023\/08\/interwencja-kryzysowa_uzaleznienie_mazowieckie.png"},{"@type":"BreadcrumbList","@id":"http:\/\/terapeuci.com.pl\/index.php\/interwencja-kryzysowa\/#breadcrumb","itemListElement":[{"@type":"ListItem","position":1,"name":"Strona g\u0142\u00f3wna","item":"https:\/\/terapeuci.com.pl\/"},{"@type":"ListItem","position":2,"name":"Interwencja kryzysowa"}]},{"@type":"WebSite","@id":"http:\/\/terapeuci.com.pl\/#website","url":"http:\/\/terapeuci.com.pl\/","name":"Terapia uzale\u017cnie\u0144, wsp\u00f3\u0142uzale\u017cnie\u0144, par, DDA, DDD","description":"Spraw, aby ka\u017cdy dzie\u0144 m\u00f3g\u0142 by\u0107 najpi\u0119kniejszym dniem Twojego \u017cycia","potentialAction":[{"@type":"SearchAction","target":{"@type":"EntryPoint","urlTemplate":"http:\/\/terapeuci.com.pl\/?s={search_term_string}"},"query-input":"required name=search_term_string"}],"inLanguage":"pl-PL"}]}},"_links":{"self":[{"href":"http:\/\/terapeuci.com.pl\/index.php\/wp-json\/wp\/v2\/pages\/102"}],"collection":[{"href":"http:\/\/terapeuci.com.pl\/index.php\/wp-json\/wp\/v2\/pages"}],"about":[{"href":"http:\/\/terapeuci.com.pl\/index.php\/wp-json\/wp\/v2\/types\/page"}],"author":[{"embeddable":true,"href":"http:\/\/terapeuci.com.pl\/index.php\/wp-json\/wp\/v2\/users\/1"}],"replies":[{"embeddable":true,"href":"http:\/\/terapeuci.com.pl\/index.php\/wp-json\/wp\/v2\/comments?post=102"}],"version-history":[{"count":3,"href":"http:\/\/terapeuci.com.pl\/index.php\/wp-json\/wp\/v2\/pages\/102\/revisions"}],"predecessor-version":[{"id":246,"href":"http:\/\/terapeuci.com.pl\/index.php\/wp-json\/wp\/v2\/pages\/102\/revisions\/246"}],"wp:attachment":[{"href":"http:\/\/terapeuci.com.pl\/index.php\/wp-json\/wp\/v2\/media?parent=102"}],"curies":[{"name":"wp","href":"https:\/\/api.w.org\/{rel}","templated":true}]}}