{"id":189,"date":"2023-10-16T16:14:03","date_gmt":"2023-10-16T14:14:03","guid":{"rendered":"http:\/\/terapeuci.com.pl\/?page_id=189"},"modified":"2023-11-12T11:34:01","modified_gmt":"2023-11-12T10:34:01","slug":"leczenie-uzaleznien","status":"publish","type":"page","link":"http:\/\/terapeuci.com.pl\/index.php\/leczenie-uzaleznien\/","title":{"rendered":"Leczenie uzale\u017cnie\u0144"},"content":{"rendered":"\n<div class=\"wp-block-media-text alignfull is-stacked-on-mobile is-vertically-aligned-center\"><figure class=\"wp-block-media-text__media\"><img decoding=\"async\" loading=\"lazy\" width=\"1024\" height=\"512\" src=\"http:\/\/terapeuci.com.pl\/wp-content\/uploads\/2023\/10\/Leczenie_uzaleznieni_warszawa-1024x512.jpg\" alt=\"leczenie terapia psychoterapia uzale\u017cnie\u0144 wsp\u00f3\u0142uzale\u017cnie\u0144 DDA Warszawa mazowieckie \" class=\"wp-image-190 size-full\" srcset=\"http:\/\/terapeuci.com.pl\/wp-content\/uploads\/2023\/10\/Leczenie_uzaleznieni_warszawa-1024x512.jpg 1024w, http:\/\/terapeuci.com.pl\/wp-content\/uploads\/2023\/10\/Leczenie_uzaleznieni_warszawa-300x150.jpg 300w, http:\/\/terapeuci.com.pl\/wp-content\/uploads\/2023\/10\/Leczenie_uzaleznieni_warszawa-768x384.jpg 768w, http:\/\/terapeuci.com.pl\/wp-content\/uploads\/2023\/10\/Leczenie_uzaleznieni_warszawa.jpg 1184w\" sizes=\"(max-width: 1024px) 100vw, 1024px\" \/><\/figure><div class=\"wp-block-media-text__content\">\n<h3 class=\"wp-block-heading has-text-align-center has-text-color\" id=\"h-terapia-uzaleznien-obejmuje\" style=\"color:#000000\"><strong><strong>Terapia uzale\u017cnie\u0144 obejmuje:<\/strong><\/strong><\/h3>\n\n\n\n<ul>\n<li>psychoterapi\u0119 indywidualn\u0105,<\/li>\n\n\n\n<li>psychoterapi\u0119 grupow\u0105,<\/li>\n\n\n\n<li>psychoedukacj\u0119,<\/li>\n\n\n\n<li>treningi umiej\u0119tno\u015bci, postaw asertywnych, konstruktywnej komunikacji<\/li>\n\n\n\n<li>reprogramming, czyli \u0107wiczenie nowych zachowa\u0144 oraz postaw, kt\u00f3re s\u0105 korzystne dla zdrowia i pozwalaj\u0105 na \u017cycie bez si\u0119gania po czynniki, od kt\u00f3rych Pacjent by\u0142 uzale\u017cniony,<\/li>\n\n\n\n<li>pomoc w samodzielnym poszukiwaniu rozwi\u0105za\u0144 problem\u00f3w<\/li>\n<\/ul>\n<\/div><\/div>\n\n\n\n<p><strong>Terapia stacjonarna<\/strong><\/p>\n\n\n\n<p>Terapia stacjonarna jest najskuteczniejsz\u0105 form\u0105 terapii. Model terapii stacjonarnej, jaki proponujemy,&nbsp; jest najskuteczniejszym obecnie procesem terapeutycznym. Opiera si\u0119 on na terapii indywidualnej stacjonarnej z terapia grupow\u0105. Terapia indywidualna odbywa si\u0119 pi\u0119c razy w tygodniu, dla ka\u017cdego uczestnika terapii, podczas gdy terapia grupowa odbywa si\u0119 sze\u015b\u0107 razy w tygodniu. Na zaj\u0119ciach grupowych podopieczni zdobywaj\u0105 pe\u0142en zakres wiedzy na temat uzale\u017cnie\u0144, mechanizm\u00f3w, wzor\u00f3w zachowa\u0144, dzia\u0142a\u0144 prewencyjnych itp., natomiast podczas sesji indywidualnych pracujemy nad problemami i wydarzeniami z przesz\u0142o\u015bci, kt\u00f3re powoduj\u0105 powroty do aktywnego uzale\u017cnienia. Terapia stacjonarna jest r\u00f3wnie\u017c pocz\u0105tkiem drogi ku trze\u017awo\u015bci.<\/p>\n\n\n\n<p><strong>Terapia p\u00f3\u0142stacjonarna<\/strong><\/p>\n\n\n\n<p>Ten rodzaj terapii skierowany jest do tych os\u00f3b, kt\u00f3re przebywaj\u0105 w naszym o\u015brodku przez minimum miesi\u0105c (rekomendujemy trzy miesi\u0105ce), a jednocze\u015bnie nie rezygnuj\u0105 z pracy zawodowej. Pacjenci przebywaj\u0105 w o\u015brodku i uczestnicz\u0105 popo\u0142udniami w terapii indywidualnej i grupowej oraz w \u017cyciu naszej spo\u0142eczno\u015bci terapeutycznej. Ka\u017cdego dnia otrzymuj\u0105 przepustk\u0119 na czas pracy i wracaj\u0105 na noc do O\u015brodka. Ta forma terapii daje im mo\u017cliwo\u015b\u0107 kontynuacji pracy, sta\u0142ej konsultacji terapeutycznej i sposobno\u015b\u0107 godzenia terapii w O\u015brodku z \u017cyciem \u201ena zewn\u0105trz\u201d poza o\u015brodkiem.&nbsp;<\/p>\n\n\n\n<p>Ten model terapeutyczny szczeg\u00f3lnie jest dedykowany osobom uzale\u017cnionym wysokofunkcjonuj\u0105cym, pracuj\u0105cym, kt\u00f3rzy nie mog\u0105 sobie pozwoli\u0107 na urlop czy prac\u0119 zdaln\u0105 oraz dla os\u00f3b, kt\u00f3re po terapii stacjonarnej nie s\u0105 gotowe do samodzielnego \u017cycia poza o\u015brodkiem. W ostatnim przypadku jest to forma zabezpieczenia uczestnika terapii przed sytuacjami wyzwalaj\u0105cymi oraz&nbsp; oraz zabezpieczenie abstynencji podczas wieczor\u00f3w.<\/p>\n\n\n\n<p>W wielu sytuacjach pacjent potrafi godzi\u0107 prac\u0119 zawodow\u0105 z prac\u0105 terapeutyczn\u0105 odstawiaj\u0105c szkodliwe substancje lub inne destrukcyjne uzale\u017cnienie behawioralne. Dla tych os\u00f3b terapia p\u00f3\u0142stacjonarna mo\u017ce stanowi\u0107 skuteczne rozwi\u0105zanie problemu.<\/p>\n\n\n\n<p><strong>Terapia dzienna<\/strong><\/p>\n\n\n\n<p>Je\u015bli osoba uzale\u017cniona nie wymaga przebywania w o\u015brodku w formie stacjonarnej lub istniej\u0105 inne powody uniemo\u017cliwiaj\u0105ce pobyt stacjonarny, mo\u017ce zdecydowa\u0107 si\u0119 na pobyt w o\u015brodku dziennym, gdzie regularnie odbywaj\u0105 si\u0119 spotkania terapeutyczne w modelu grupowym i w mniejszym zakresie indywidualnym. Terapia dzienna to terapia bez zakwaterowania.<\/p>\n\n\n\n<p>Celem dziennych oddzia\u0142\u00f3w leczenia uzale\u017cnie\u0144 jest stworzenie osobie uzale\u017cnionej sprzyjaj\u0105cego do refleksji \u015brodowiska oraz okre\u015blenie jej w\u0142asnych potrzeb i d\u0105\u017cenie do ich realizacji.<\/p>\n\n\n\n<p>&nbsp;Terapia dzienna zazwyczaj trwa od 4-8 tygodni i jest prowadzona od poniedzia\u0142ku do pi\u0105tku w godzinach 10-17. Zalecamy dodatkowo udzia\u0142 w zaj\u0119ciach weekendowych w czasie trwania procesu terapeutycznego w trybie dziennym.<\/p>\n\n\n\n<p>W czasie trwania zaj\u0119\u0107 wszyscy uczestnicy terapii dziennej maj\u0105 takie same prawa i obowi\u0105zki jak osoby przebywaj\u0105cy na terapii stacjonarnej.<\/p>\n\n\n\n<p>Ten rodzaj terapii wybieraj\u0105 zazwyczaj osoby mieszkaj\u0105ce w okolicy, kt\u00f3re z r\u00f3\u017cnych powod\u00f3w wol\u0105 nocowa\u0107 w miejscu zamieszkania. Warunkiem uczestnictwa jest utrzymanie bezwzgl\u0119dnej abstynencji w domu.<\/p>\n\n\n\n<p>Po zako\u0144czeniu procesu terapii dziennej, uczestnik terapii mo\u017ce podj\u0105\u0107 decyzje o dalszej terapii w trybie ambulatoryjnym dochodz\u0105cym 1-2 w tygodniu w formie zaj\u0119\u0107 indywidualnych, lub nadal bra\u0107 udzia\u0142 w zaj\u0119ciach grupowych w spos\u00f3b mniej regularny ustalony ze sztabem terapeutycznym.<\/p>\n\n\n\n<p><strong>Terapia ambulatoryjna\/dochodz\u0105ca<\/strong><\/p>\n\n\n\n<p>Model terapii ambulatoryjnej, czyli dochodz\u0105cej, jest sugerowany dla os\u00f3b, kt\u00f3re uko\u0144czy\u0142y terapie stacjonarn\u0105 w naszym lub innym o\u015brodku i chc\u0105 kontynuowa\u0107 swoj\u0105 drog\u0119 ku trze\u017awo\u015bci. Tak\u017ce w wielu przypadkach przy uzale\u017cnieniach behawioralnych nie jest wymagana czy zalecana terapia stacjonarna, zatem w takich przypadkach doskonale spe\u0142nia si\u0119 terapia ambulatoryjna.<\/p>\n\n\n\n<p>Leczenie ambulatoryjne prowadzone w naszym o\u015brodku jest podzielone na 3 etapy \u2013 wst\u0119pny, podstawowy i pog\u0142\u0119biony.&nbsp;Etap wst\u0119pny to podsumowanie terapii stacjonarnej, rozpocz\u0119cie pracy nad realizacj\u0105 planu wyj\u015bcia. Etap podstawowy to praca z w\u0142asnymi s\u0142abo\u015bciami, wyzwalaczami, kontrola emocji, budowa konstruktywnych relacji z otaczaj\u0105cym \u015bwiatem. Terapia pog\u0142\u0119biona to dalsza praca nad sob\u0105, rozwojem, postawami asertywnymi, konstruktywn\u0105 komunikacj\u0105 z otoczeniem itp.<\/p>\n\n\n\n<p>Spotkania odbywaj\u0105 si\u0119 minimum 1 raz w tygodniu. Jest to model terapii indywidualnej, cho\u0107 zalecamy uczestnictwo w zaj\u0119ciach grupowych wedle mo\u017cliwo\u015bci czasowych uczestnika terapii.<\/p>\n\n\n\n<p>Proces zdrowienia i trze\u017awienia jest procesem wymagaj\u0105cym czasu, zatem kontynuacja terapii stacjonarnej terapi\u0105 dochodz\u0105c\u0105 trwa nawet do 12 miesi\u0119cy. Przy tej terapii jednymi z najwa\u017cniejszych warunk\u00f3w powodzenia s\u0105 bezwzgl\u0119dne utrzymywanie abstynencji oraz regularno\u015b\u0107 sesji.<\/p>\n\n\n\n<p>Leczenie DDA oraz wsp\u00f3\u0142uzale\u017cnienia odbywa si\u0119 w trybie dochodz\u0105cym przy zalecanej cz\u0119stotliwo\u015bci 1-2 spotka\u0144 na tydzie\u0144 w trybie indywidualnym.<\/p>\n\n\n\n<p><strong>Terapia weekendowa stacjonarna<\/strong><\/p>\n\n\n\n<p>Rozumiemy, \u017ce sytuacja zawodowa mo\u017ce nie pozwala\u0107 na uczestnictwo w terapii kilkutygodniowej w jednym miejscu. Dlatego nasi pacjenci korzystaj\u0105 z terapii w dni wolne od obowi\u0105zk\u00f3w na to, aby wyj\u015b\u0107 z uzale\u017cnienia, godz\u0105c proces terapeutyczny z prac\u0105 czy prowadzeniem firmy. Pacjent w takim przypadku przyje\u017cd\u017ca do nas w pi\u0105tek po pracy i pozostaje w O\u015brodku do niedzieli. W tym czasie intensywnie uczestniczy w sesjach indywidualnych z terapeut\u0105 oraz w terapii zaj\u0119ciowej.<\/p>\n\n\n\n<p>Intensywna praca nad sob\u0105 przynosi efekty i upragnion\u0105 zmian\u0119 \u017cycia pacjenta. Pobyt terapeutyczny poza swoim codziennym \u015brodowiskiem od pi\u0105tku do niedzieli jest po to, aby zdoby\u0107 wiedz\u0119, wyciszy\u0107 si\u0119 i odci\u0105\u0107 od tego, co destrukcyjne. Pozwala na\u0142adowa\u0107 baterie na kolejny tydzie\u0144 pracy i obowi\u0105zk\u00f3w. Poza tym wiemy, \u017ce weekend jest nierzadko w\u0142a\u015bnie tym czasem, kiedy uzale\u017cnienie si\u0119 pog\u0142\u0119bia i coraz bardziej zagra\u017ca tygodniowemu cyklowi pracy pacjenta.<\/p>\n\n\n\n<p>Terapia stacjonarna weekendowa dedykowana jest szczeg\u00f3lnie dla os\u00f3b uzale\u017cnionych wysokofunkcjonuj\u0105cych, pracuj\u0105cych mieszkaj\u0105cych poza wojew\u00f3dztwem mazowieckim oraz dla wszystkich, kt\u00f3rzy po cyklu podstawowym stacjonarnym (4 tygodnie) nie mog\u0105 pozosta\u0107 d\u0142u\u017cej w o\u015brodku, a jednocze\u015bnie chc\u0119 uczestniczy\u0107 w zaj\u0119ciach terapii pog\u0142\u0119bionej.<\/p>\n\n\n\n<p><strong>Terapia online r\u00f3\u017cni si\u0119 od terapii tradycyjnej tylko form\u0105 komunikacji.<\/strong>&nbsp;Us\u0142uga porad psychologicznych oraz terapii online polega na tym, \u017ce pacjent \u0142\u0105czy si\u0119 z terapeut\u0105 poprzez programy typu Skype, Whatsapp, Facetime, Teams czy innych komunikatorach. Taka forma umo\u017cliwia klientowi rozmow\u0119 z psychologiem czy te\u017c terapeut\u0105 w czasie rzeczywistym. Obie strony widz\u0105 si\u0119 i s\u0142ysz\u0105 po obu stronach kamery. Aby korzysta\u0107 z terapii online nie potrzeba nic wi\u0119cej opr\u00f3cz po\u0142\u0105czenia internetowego i medium, z kt\u00f3rego b\u0119dziemy korzysta\u0107-&nbsp;&nbsp;komputera, telefonu lub tabletu. Warto zadba\u0107 o otoczenie, w kt\u00f3rym b\u0119dzie si\u0119&nbsp;odbywa\u0107 rozmowa.<\/p>\n\n\n\n<p>Zalety terapii online:<\/p>\n\n\n\n<ul>\n<li>Oszcz\u0119dno\u015b\u0107 czasu i pieni\u0119dzy na dojazdy<\/li>\n\n\n\n<li>Z wizyty mog\u0105 skorzysta\u0107 osoby z innej miejscowo\u015bci, a tak\u017ce innego kraju<\/li>\n\n\n\n<li>Wi\u0119ksza elastyczno\u015b\u0107 co do godzin spotka\u0144<\/li>\n\n\n\n<li>osoby nie\u015bmia\u0142e i wycofane spo\u0142ecznie mog\u0105 ch\u0119tniej skorzysta\u0107 z takiej formy pomocy<\/li>\n\n\n\n<li>Umo\u017cliwia spotkania z terapeut\u0105 osobom z niepe\u0142nosprawno\u015bciami, kt\u00f3re maj\u0105 k\u0142opoty z dojazdem do o\u015brodka<\/li>\n\n\n\n<li>daje mo\u017cliwo\u015b\u0107 psychoterapii osobom, kt\u00f3re nie mog\u0105 wyj\u015b\u0107&nbsp;z domu (np. mamy z ma\u0142ymi dzie\u0107mi)&nbsp;<\/li>\n\n\n\n<li>idealne rozwi\u0105zanie dla os\u00f3b du\u017co podr\u00f3\u017cuj\u0105cych, kt\u00f3re nie s\u0105 pewne, czy b\u0119d\u0105 w danym miejscu w okre\u015blonym terminie<\/li>\n<\/ul>\n\n\n\n<p>W ramach terapii online ka\u017cdy uczestnik mo\u017ce w pe\u0142ni korzysta\u0107 z pe\u0142nego zakresu \u015bwiadczonych us\u0142ug, w tym pomocy psychologicznej, psychiatrycznej itp<\/p>\n\n\n\n<p><strong>Terapia nawrotowa<\/strong><\/p>\n\n\n\n<p>Terapia nawrotowa skierowana jest do os\u00f3b, kt\u00f3re po uko\u0144czeniu terapii znalaz\u0142y si\u0119 w sytuacji zbli\u017conej do nawrotu uzale\u017cnienia lub nawet ju\u017c do niego dosz\u0142o. Celem tej terapii jest przywr\u00f3cenie chorego na w\u0142a\u015bciw\u0105 \u015bcie\u017ck\u0119 trze\u017awo\u015bci i utrzymanie jej.<\/p>\n\n\n\n<p>&nbsp;Osoba dotkni\u0119ta uzale\u017cnieniem bardzo cz\u0119sto nie jest w stanie racjonalnie zareagowa\u0107 na przytrafiaj\u0105c\u0105 mu si\u0119 losow\u0105 sytuacj\u0119 i w jednej chwili mo\u017ce powr\u00f3ci\u0107 do swoich niezdrowych nawyk\u00f3w, a w konsekwencji do czynnego uzale\u017cnienia. Dlatego aby zapobiega\u0107 nawrotom uzale\u017cnienia wa\u017cne jest, by odpowiednio zadba\u0107 o Pacjenta i nie dopu\u015bci\u0107 do jakichkolwiek negatywnych my\u015bli, prowadz\u0105cych do depresji i l\u0119k\u00f3w, czego konsekwencj\u0105 b\u0119dzie powr\u00f3t do starych nawyk\u00f3w, rutyny i nudy. R\u00f3wnie istotne jest ci\u0105g\u0142e stawianie nacisku na motywacj\u0119 i wytrwa\u0142o\u015b\u0107.<\/p>\n\n\n\n<p>Celem terapii nawrot\u00f3w jest przede wszystkim psychiczne wsparcie pacjenta w jego postanowieniach, kt\u00f3re przek\u0142ada si\u0119 na podtrzymywanie efekt\u00f3w przebytego leczenia. Podczas spotka\u0144 zajmujemy si\u0119 r\u00f3wnie\u017c rozpoznaniem zagro\u017ce\u0144 codziennego \u017cycia, kt\u00f3re mog\u0105 doprowadzi\u0107 do z\u0142amania abstynencji. Ponadto prowadzone przez nas sesje zapobiegania nawrotom choroby alkoholowej i innych na\u0142og\u00f3w obejmuj\u0105 r\u00f3wnie\u017c u\u015bwiadomienie sobie zagro\u017ce\u0144 wynikaj\u0105cych z trwania w uzale\u017cnieniach. Zdobyta podczas spotka\u0144 znajomo\u015b\u0107 niebezpiecze\u0144stw oraz odpowiedniej reakcji na nie, praca nad nowymi nawykami i utrwalanie ich, rozbudowanie siatki wsparcia, kontynuacja pracy ze stresem, emocjami i asertywno\u015bci\u0105 procentuje nast\u0119pnie w codziennym \u017cyciu i daje si\u0142\u0119, by oprze\u0107 si\u0119 pokusom.<\/p>\n\n\n\n<p>Przy terapii nawrotowej sugerowany jest pobyt stacjonarny w o\u015brodku przez minimum dwa tygodnie.<\/p>\n","protected":false},"excerpt":{"rendered":"<p>Terapia stacjonarna Terapia stacjonarna jest najskuteczniejsz\u0105 form\u0105 terapii. Model terapii stacjonarnej, jaki proponujemy,&nbsp; jest najskuteczniejszym obecnie procesem terapeutycznym. Opiera si\u0119 on na terapii indywidualnej stacjonarnej z terapia grupow\u0105. Terapia indywidualna odbywa si\u0119 pi\u0119c razy w tygodniu, dla ka\u017cdego uczestnika terapii, podczas gdy terapia grupowa odbywa si\u0119 sze\u015b\u0107 razy w tygodniu. Na zaj\u0119ciach grupowych podopieczni zdobywaj\u0105 [&hellip;]<\/p>\n","protected":false},"author":1,"featured_media":0,"parent":0,"menu_order":0,"comment_status":"closed","ping_status":"closed","template":"","meta":{"om_disable_all_campaigns":false,"_monsterinsights_skip_tracking":false,"_monsterinsights_sitenote_active":false,"_monsterinsights_sitenote_note":"","_monsterinsights_sitenote_category":0,"footnotes":""},"aioseo_notices":[],"yoast_head":"<!-- This site is optimized with the Yoast SEO Premium plugin v21.3 (Yoast SEO v22.6) - https:\/\/yoast.com\/wordpress\/plugins\/seo\/ -->\n<title>Leczenie uzale\u017cnie\u0144 - Terapia uzale\u017cnie\u0144, wsp\u00f3\u0142uzale\u017cnie\u0144, par, DDA, DDD<\/title>\n<meta name=\"description\" content=\"Terapia stacjonarna jest najskuteczniejsz\u0105 form\u0105 terapii. Model terapii stacjonarnej, jaki proponujemy,\u00a0 jest najskuteczniejszym obecnie procesem terapeutycznym.\" \/>\n<meta name=\"robots\" content=\"index, follow, max-snippet:-1, max-image-preview:large, max-video-preview:-1\" \/>\n<link rel=\"canonical\" href=\"http:\/\/terapeuci.com.pl\/index.php\/leczenie-uzaleznien\/\" \/>\n<meta property=\"og:locale\" content=\"pl_PL\" \/>\n<meta property=\"og:type\" content=\"article\" \/>\n<meta property=\"og:title\" content=\"Leczenie uzale\u017cnie\u0144\" \/>\n<meta property=\"og:description\" content=\"Terapia stacjonarna jest najskuteczniejsz\u0105 form\u0105 terapii. Model terapii stacjonarnej, jaki proponujemy,\u00a0 jest najskuteczniejszym obecnie procesem terapeutycznym.\" \/>\n<meta property=\"og:url\" content=\"http:\/\/terapeuci.com.pl\/index.php\/leczenie-uzaleznien\/\" \/>\n<meta property=\"og:site_name\" content=\"Terapia uzale\u017cnie\u0144, wsp\u00f3\u0142uzale\u017cnie\u0144, par, DDA, DDD\" \/>\n<meta property=\"article:modified_time\" content=\"2023-11-12T10:34:01+00:00\" \/>\n<meta property=\"og:image\" content=\"http:\/\/terapeuci.com.pl\/wp-content\/uploads\/2023\/10\/Leczenie_uzaleznieni_warszawa-1024x512.jpg\" \/>\n<meta name=\"twitter:card\" content=\"summary_large_image\" \/>\n<meta name=\"twitter:label1\" content=\"Szacowany czas czytania\" \/>\n\t<meta name=\"twitter:data1\" content=\"8 minut\" \/>\n<script type=\"application\/ld+json\" class=\"yoast-schema-graph\">{\"@context\":\"https:\/\/schema.org\",\"@graph\":[{\"@type\":\"WebPage\",\"@id\":\"http:\/\/terapeuci.com.pl\/index.php\/leczenie-uzaleznien\/\",\"url\":\"http:\/\/terapeuci.com.pl\/index.php\/leczenie-uzaleznien\/\",\"name\":\"Leczenie uzale\u017cnie\u0144 - Terapia uzale\u017cnie\u0144, wsp\u00f3\u0142uzale\u017cnie\u0144, par, DDA, DDD\",\"isPartOf\":{\"@id\":\"http:\/\/terapeuci.com.pl\/#website\"},\"primaryImageOfPage\":{\"@id\":\"http:\/\/terapeuci.com.pl\/index.php\/leczenie-uzaleznien\/#primaryimage\"},\"image\":{\"@id\":\"http:\/\/terapeuci.com.pl\/index.php\/leczenie-uzaleznien\/#primaryimage\"},\"thumbnailUrl\":\"http:\/\/terapeuci.com.pl\/wp-content\/uploads\/2023\/10\/Leczenie_uzaleznieni_warszawa-1024x512.jpg\",\"datePublished\":\"2023-10-16T14:14:03+00:00\",\"dateModified\":\"2023-11-12T10:34:01+00:00\",\"description\":\"Terapia stacjonarna jest najskuteczniejsz\u0105 form\u0105 terapii. Model terapii stacjonarnej, jaki proponujemy,\u00a0 jest najskuteczniejszym obecnie procesem terapeutycznym.\",\"breadcrumb\":{\"@id\":\"http:\/\/terapeuci.com.pl\/index.php\/leczenie-uzaleznien\/#breadcrumb\"},\"inLanguage\":\"pl-PL\",\"potentialAction\":[{\"@type\":\"ReadAction\",\"target\":[\"http:\/\/terapeuci.com.pl\/index.php\/leczenie-uzaleznien\/\"]}]},{\"@type\":\"ImageObject\",\"inLanguage\":\"pl-PL\",\"@id\":\"http:\/\/terapeuci.com.pl\/index.php\/leczenie-uzaleznien\/#primaryimage\",\"url\":\"http:\/\/terapeuci.com.pl\/wp-content\/uploads\/2023\/10\/Leczenie_uzaleznieni_warszawa.jpg\",\"contentUrl\":\"http:\/\/terapeuci.com.pl\/wp-content\/uploads\/2023\/10\/Leczenie_uzaleznieni_warszawa.jpg\",\"width\":1184,\"height\":592,\"caption\":\"leczenie uzale\u017cnie\u0144 wsp\u00f3\u0142uzale\u017cnie\u0144 DDA Warszawa mzaowieckie\"},{\"@type\":\"BreadcrumbList\",\"@id\":\"http:\/\/terapeuci.com.pl\/index.php\/leczenie-uzaleznien\/#breadcrumb\",\"itemListElement\":[{\"@type\":\"ListItem\",\"position\":1,\"name\":\"Strona g\u0142\u00f3wna\",\"item\":\"https:\/\/terapeuci.com.pl\/\"},{\"@type\":\"ListItem\",\"position\":2,\"name\":\"Leczenie uzale\u017cnie\u0144\"}]},{\"@type\":\"WebSite\",\"@id\":\"http:\/\/terapeuci.com.pl\/#website\",\"url\":\"http:\/\/terapeuci.com.pl\/\",\"name\":\"Terapia uzale\u017cnie\u0144, wsp\u00f3\u0142uzale\u017cnie\u0144, par, DDA, DDD\",\"description\":\"Spraw, aby ka\u017cdy dzie\u0144 m\u00f3g\u0142 by\u0107 najpi\u0119kniejszym dniem Twojego \u017cycia\",\"potentialAction\":[{\"@type\":\"SearchAction\",\"target\":{\"@type\":\"EntryPoint\",\"urlTemplate\":\"http:\/\/terapeuci.com.pl\/?s={search_term_string}\"},\"query-input\":\"required name=search_term_string\"}],\"inLanguage\":\"pl-PL\"}]}<\/script>\n<!-- \/ Yoast SEO Premium plugin. -->","yoast_head_json":{"title":"Leczenie uzale\u017cnie\u0144 - Terapia uzale\u017cnie\u0144, wsp\u00f3\u0142uzale\u017cnie\u0144, par, DDA, DDD","description":"Terapia stacjonarna jest najskuteczniejsz\u0105 form\u0105 terapii. Model terapii stacjonarnej, jaki proponujemy,\u00a0 jest najskuteczniejszym obecnie procesem terapeutycznym.","robots":{"index":"index","follow":"follow","max-snippet":"max-snippet:-1","max-image-preview":"max-image-preview:large","max-video-preview":"max-video-preview:-1"},"canonical":"http:\/\/terapeuci.com.pl\/index.php\/leczenie-uzaleznien\/","og_locale":"pl_PL","og_type":"article","og_title":"Leczenie uzale\u017cnie\u0144","og_description":"Terapia stacjonarna jest najskuteczniejsz\u0105 form\u0105 terapii. Model terapii stacjonarnej, jaki proponujemy,\u00a0 jest najskuteczniejszym obecnie procesem terapeutycznym.","og_url":"http:\/\/terapeuci.com.pl\/index.php\/leczenie-uzaleznien\/","og_site_name":"Terapia uzale\u017cnie\u0144, wsp\u00f3\u0142uzale\u017cnie\u0144, par, DDA, DDD","article_modified_time":"2023-11-12T10:34:01+00:00","og_image":[{"url":"http:\/\/terapeuci.com.pl\/wp-content\/uploads\/2023\/10\/Leczenie_uzaleznieni_warszawa-1024x512.jpg"}],"twitter_card":"summary_large_image","twitter_misc":{"Szacowany czas czytania":"8 minut"},"schema":{"@context":"https:\/\/schema.org","@graph":[{"@type":"WebPage","@id":"http:\/\/terapeuci.com.pl\/index.php\/leczenie-uzaleznien\/","url":"http:\/\/terapeuci.com.pl\/index.php\/leczenie-uzaleznien\/","name":"Leczenie uzale\u017cnie\u0144 - Terapia uzale\u017cnie\u0144, wsp\u00f3\u0142uzale\u017cnie\u0144, par, DDA, DDD","isPartOf":{"@id":"http:\/\/terapeuci.com.pl\/#website"},"primaryImageOfPage":{"@id":"http:\/\/terapeuci.com.pl\/index.php\/leczenie-uzaleznien\/#primaryimage"},"image":{"@id":"http:\/\/terapeuci.com.pl\/index.php\/leczenie-uzaleznien\/#primaryimage"},"thumbnailUrl":"http:\/\/terapeuci.com.pl\/wp-content\/uploads\/2023\/10\/Leczenie_uzaleznieni_warszawa-1024x512.jpg","datePublished":"2023-10-16T14:14:03+00:00","dateModified":"2023-11-12T10:34:01+00:00","description":"Terapia stacjonarna jest najskuteczniejsz\u0105 form\u0105 terapii. Model terapii stacjonarnej, jaki proponujemy,\u00a0 jest najskuteczniejszym obecnie procesem terapeutycznym.","breadcrumb":{"@id":"http:\/\/terapeuci.com.pl\/index.php\/leczenie-uzaleznien\/#breadcrumb"},"inLanguage":"pl-PL","potentialAction":[{"@type":"ReadAction","target":["http:\/\/terapeuci.com.pl\/index.php\/leczenie-uzaleznien\/"]}]},{"@type":"ImageObject","inLanguage":"pl-PL","@id":"http:\/\/terapeuci.com.pl\/index.php\/leczenie-uzaleznien\/#primaryimage","url":"http:\/\/terapeuci.com.pl\/wp-content\/uploads\/2023\/10\/Leczenie_uzaleznieni_warszawa.jpg","contentUrl":"http:\/\/terapeuci.com.pl\/wp-content\/uploads\/2023\/10\/Leczenie_uzaleznieni_warszawa.jpg","width":1184,"height":592,"caption":"leczenie uzale\u017cnie\u0144 wsp\u00f3\u0142uzale\u017cnie\u0144 DDA Warszawa mzaowieckie"},{"@type":"BreadcrumbList","@id":"http:\/\/terapeuci.com.pl\/index.php\/leczenie-uzaleznien\/#breadcrumb","itemListElement":[{"@type":"ListItem","position":1,"name":"Strona g\u0142\u00f3wna","item":"https:\/\/terapeuci.com.pl\/"},{"@type":"ListItem","position":2,"name":"Leczenie uzale\u017cnie\u0144"}]},{"@type":"WebSite","@id":"http:\/\/terapeuci.com.pl\/#website","url":"http:\/\/terapeuci.com.pl\/","name":"Terapia uzale\u017cnie\u0144, wsp\u00f3\u0142uzale\u017cnie\u0144, par, DDA, DDD","description":"Spraw, aby ka\u017cdy dzie\u0144 m\u00f3g\u0142 by\u0107 najpi\u0119kniejszym dniem Twojego \u017cycia","potentialAction":[{"@type":"SearchAction","target":{"@type":"EntryPoint","urlTemplate":"http:\/\/terapeuci.com.pl\/?s={search_term_string}"},"query-input":"required name=search_term_string"}],"inLanguage":"pl-PL"}]}},"_links":{"self":[{"href":"http:\/\/terapeuci.com.pl\/index.php\/wp-json\/wp\/v2\/pages\/189"}],"collection":[{"href":"http:\/\/terapeuci.com.pl\/index.php\/wp-json\/wp\/v2\/pages"}],"about":[{"href":"http:\/\/terapeuci.com.pl\/index.php\/wp-json\/wp\/v2\/types\/page"}],"author":[{"embeddable":true,"href":"http:\/\/terapeuci.com.pl\/index.php\/wp-json\/wp\/v2\/users\/1"}],"replies":[{"embeddable":true,"href":"http:\/\/terapeuci.com.pl\/index.php\/wp-json\/wp\/v2\/comments?post=189"}],"version-history":[{"count":3,"href":"http:\/\/terapeuci.com.pl\/index.php\/wp-json\/wp\/v2\/pages\/189\/revisions"}],"predecessor-version":[{"id":248,"href":"http:\/\/terapeuci.com.pl\/index.php\/wp-json\/wp\/v2\/pages\/189\/revisions\/248"}],"wp:attachment":[{"href":"http:\/\/terapeuci.com.pl\/index.php\/wp-json\/wp\/v2\/media?parent=189"}],"curies":[{"name":"wp","href":"https:\/\/api.w.org\/{rel}","templated":true}]}}