{"id":195,"date":"2023-10-16T16:49:08","date_gmt":"2023-10-16T14:49:08","guid":{"rendered":"http:\/\/terapeuci.com.pl\/?page_id=195"},"modified":"2023-11-12T11:58:20","modified_gmt":"2023-11-12T10:58:20","slug":"wspoluzaleznienie","status":"publish","type":"page","link":"http:\/\/terapeuci.com.pl\/index.php\/wspoluzaleznienie\/","title":{"rendered":"Wsp\u00f3\u0142uzale\u017cnienie"},"content":{"rendered":"\n<div class=\"wp-block-media-text alignfull is-stacked-on-mobile is-vertically-aligned-center\"><figure class=\"wp-block-media-text__media\"><img decoding=\"async\" loading=\"lazy\" width=\"350\" height=\"234\" src=\"http:\/\/terapeuci.com.pl\/wp-content\/uploads\/2023\/10\/wspoluzaleznienie_leczenie_warszawa-targowek.jpg\" alt=\"wsp\u00f3\u0142uzale\u017cnienie terapia psychoterapia leczenie warszawa targ\u00f3wek\" class=\"wp-image-196 size-full\" srcset=\"http:\/\/terapeuci.com.pl\/wp-content\/uploads\/2023\/10\/wspoluzaleznienie_leczenie_warszawa-targowek.jpg 350w, http:\/\/terapeuci.com.pl\/wp-content\/uploads\/2023\/10\/wspoluzaleznienie_leczenie_warszawa-targowek-300x201.jpg 300w\" sizes=\"(max-width: 350px) 100vw, 350px\" \/><\/figure><div class=\"wp-block-media-text__content\">\n<h3 class=\"wp-block-heading has-text-align-center has-text-color\" id=\"h-wspoluzaleznienie-to-zespol-zachowan-i-zaburzen-ktore-charakteryzuja-osoby-znajdujace-sie-najblizszym-otoczeniu-osob-uzaleznionych\" style=\"color:#000000\"><strong>Wsp\u00f3\u0142uzale\u017cnienie to zesp\u00f3\u0142 zachowa\u0144 i zaburze\u0144, kt\u00f3re charakteryzuj\u0105 osoby znajduj\u0105ce si\u0119 najbli\u017cszym otoczeniu os\u00f3b uzale\u017cnionych. <\/strong><\/h3>\n\n\n\n<p class=\"has-text-align-center has-extra-small-font-size\"><strong>Alkoholizm, narkomania, uzale\u017cnienie od hazardu czy od dopalaczy to choroby wp\u0142ywaj\u0105ce na \u017cycie ca\u0142ych rodzin.<\/strong><\/p>\n<\/div><\/div>\n\n\n\n<p>Najbli\u017csi, widz\u0105c problem z uzale\u017cnieniem u cz\u0142onka rodziny czy przyjaciela staraj\u0105 mu si\u0119 pom\u00f3c w najlepiej jak potrafi\u0105, przynajmniej ich zdaniem. Bez odpowiednej wiedzy, ich starania s\u0105 nieskuteczne. Na pocz\u0105tku wiele os\u00f3b stara si\u0119 wr\u0119cz \u201ekry\u0107\u2019 problem, usprawiedliwiaj\u0105c nieobecno\u015bci w szkole, pracy, t\u0142umacz\u0105c chorob\u0105 czy z\u0142ym samopoczuciem osoby uzale\u017cnionej. Zaczyna si\u0119 poczucie wstydu w\u015br\u00f3d s\u0105siad\u00f3w, znajomych. W okolicznych sklepach, w pracy. Kolejny etap to obwinianie si\u0119, a zarazem usprawiedliwianie. Jednocze\u015bnie zaczyna si\u0119 budowanie niezgody wobec osoby uzale\u017cnionej. Pada mn\u00f3stwo ostrych s\u0142\u00f3w, wr\u0119cz gr\u00f3\u017ab, ale i one nie przynosz\u0105 \u017cadnych efekt\u00f3w. Pojawia si\u0119 bezsilno\u015b\u0107 i bezradno\u015b\u0107. Zaczyna si\u0119 b\u0142\u0119dne ko\u0142o emocjonalne, strach przed powrotem do domu, nienawi\u015b\u0107 przeplataj\u0105ca si\u0119 ze wsp\u00f3\u0142czuciem. To jeden z wielu przyk\u0142ad\u00f3w rozwijania si\u0119 wsp\u00f3\u0142uzale\u017cnienia.<\/p>\n\n\n\n<p>D\u0142ugie przebywanie z osob\u0105 uzale\u017cnion\u0105 np. trwaj\u0105c w ma\u0142\u017ce\u0144stwie czy toksycznym zwi\u0105zku powoduje liczne cechy wsp\u00f3\u0142uzale\u017cnienia, w tym liczne zaburzenia emocjonalne:<\/p>\n\n\n\n<p>\uf0b7&nbsp; brak umiej\u0119tno\u015bci podejmowania decyzji,<\/p>\n\n\n\n<p>\uf0b7&nbsp; nadopieku\u0144czo\u015b\u0107 nad osob\u0105 uzale\u017cnion\u0105,<\/p>\n\n\n\n<p>\uf0b7&nbsp; t\u0142umienie emocji i my\u015bli,<\/p>\n\n\n\n<p>\uf0b7&nbsp; brak zaufania do siebie i innych,<\/p>\n\n\n\n<p>\uf0b7&nbsp; trudno\u015bci w porozumiewaniu si\u0119,<\/p>\n\n\n\n<p>\uf0b7&nbsp; zaniedbywanie w\u0142asnych potrzeb<\/p>\n\n\n\n<p>\uf0b7&nbsp; brak umiej\u0119tno\u015bci stawiania granic,<\/p>\n\n\n\n<p>\uf0b7&nbsp; obni\u017cone poczucie w\u0142asnej warto\u015bci,<\/p>\n\n\n\n<p>\uf0b7&nbsp; poczucie bezsensu \u017cycia,<\/p>\n\n\n\n<p>\uf0b7&nbsp; brak asertywno\u015bci,<\/p>\n\n\n\n<p>\uf0b7&nbsp; skrajne reakcje emocjonalne,<\/p>\n\n\n\n<p>\uf0b7&nbsp; rezygnacj\u0119 z siebie na rzecz potrzeb partnera,<\/p>\n\n\n\n<p>\uf0b7&nbsp; liczne zaburzenia emocjonalne w tym depresj\u0119, l\u0119ki, irracjonaln\u0105 nadziej\u0119 itp.<\/p>\n\n\n\n<p>Taka osoba zaczyna zaniedbywa\u0107 sam\u0105 siebie, dzieci innych cz\u0142onk\u00f3w rodziny, a zamiast tego przenosi ca\u0142\u0105 swoj\u0105 uwag\u0119 na uzale\u017cnionego partnera.<\/p>\n\n\n\n<p>&nbsp;Osoby wsp\u00f3\u0142uzale\u017cnione powinny szuka\u0107 pomocy nie tylko dla osoby uzale\u017cnionej, ale r\u00f3wnie\u017c dla siebie. Terapia os\u00f3b wsp\u00f3\u0142uzale\u017cnionych jest w stanie pom\u00f3c w skutecznym pozbyciu si\u0119 l\u0119k\u00f3w, poczucia winy czy zaburze\u0144 emocjonalnych. Niestety, wiele os\u00f3b nie wie o wyst\u0119powaniu wsp\u00f3\u0142uzale\u017cnienia, a nawet je\u015bli, nie wiedz\u0105 gdzie skutecznie szuka\u0107 pomocy.<\/p>\n\n\n\n<p>Terapia wsp\u00f3\u0142uzale\u017cnie\u0144 odbywa si\u0119 w trybie ambulatoryjnym, regularnych spotka\u0144 indywidualnych lub grupowych, przeznaczonych tylko dla os\u00f3b wsp\u00f3\u0142uzale\u017cnionych. Jest r\u00f3wnie\u017c wiele grup samopomocowych dla os\u00f3b wsp\u00f3\u0142uzale\u017cnionych.<\/p>\n","protected":false},"excerpt":{"rendered":"<p>Wsp\u00f3\u0142uzale\u017cnienie to zesp\u00f3\u0142 zachowa\u0144 i zaburze\u0144, kt\u00f3re charakteryzuj\u0105 osoby znajduj\u0105ce si\u0119 najbli\u017cszym otoczeniu os\u00f3b uzale\u017cnionych. Alkoholizm, narkomania, uzale\u017cnienie od hazardu czy od dopalaczy to choroby wp\u0142ywaj\u0105ce na \u017cycie ca\u0142ych rodzin. Najbli\u017csi, widz\u0105c problem z uzale\u017cnieniem u cz\u0142onka rodziny czy przyjaciela staraj\u0105 mu si\u0119 pom\u00f3c w najlepiej jak potrafi\u0105, przynajmniej ich zdaniem. Bez odpowiednej wiedzy, ich [&hellip;]<\/p>\n","protected":false},"author":1,"featured_media":0,"parent":0,"menu_order":0,"comment_status":"closed","ping_status":"closed","template":"","meta":{"om_disable_all_campaigns":false,"_monsterinsights_skip_tracking":false,"_monsterinsights_sitenote_active":false,"_monsterinsights_sitenote_note":"","_monsterinsights_sitenote_category":0,"footnotes":""},"aioseo_notices":[],"yoast_head":"<!-- This site is optimized with the Yoast SEO Premium plugin v21.3 (Yoast SEO v22.6) - https:\/\/yoast.com\/wordpress\/plugins\/seo\/ -->\n<title>Wsp\u00f3\u0142uzale\u017cnienie - Terapia uzale\u017cnie\u0144, wsp\u00f3\u0142uzale\u017cnie\u0144, par, DDA, DDD<\/title>\n<meta name=\"description\" content=\"Wsp\u00f3\u0142uzale\u017cnienie to zesp\u00f3\u0142 zachowa\u0144 i zaburze\u0144, kt\u00f3re charakteryzuj\u0105 osoby znajduj\u0105ce si\u0119 najbli\u017cszym otoczeniu os\u00f3b uzale\u017cnionych.\" \/>\n<meta name=\"robots\" content=\"index, follow, max-snippet:-1, max-image-preview:large, max-video-preview:-1\" \/>\n<link rel=\"canonical\" href=\"http:\/\/terapeuci.com.pl\/index.php\/wspoluzaleznienie\/\" \/>\n<meta property=\"og:locale\" content=\"pl_PL\" \/>\n<meta property=\"og:type\" content=\"article\" \/>\n<meta property=\"og:title\" content=\"Wsp\u00f3\u0142uzale\u017cnienie\" \/>\n<meta property=\"og:description\" content=\"Wsp\u00f3\u0142uzale\u017cnienie to zesp\u00f3\u0142 zachowa\u0144 i zaburze\u0144, kt\u00f3re charakteryzuj\u0105 osoby znajduj\u0105ce si\u0119 najbli\u017cszym otoczeniu os\u00f3b uzale\u017cnionych.\" \/>\n<meta property=\"og:url\" content=\"http:\/\/terapeuci.com.pl\/index.php\/wspoluzaleznienie\/\" \/>\n<meta property=\"og:site_name\" content=\"Terapia uzale\u017cnie\u0144, wsp\u00f3\u0142uzale\u017cnie\u0144, par, DDA, DDD\" \/>\n<meta property=\"article:modified_time\" content=\"2023-11-12T10:58:20+00:00\" \/>\n<meta property=\"og:image\" content=\"http:\/\/terapeuci.com.pl\/wp-content\/uploads\/2023\/10\/wspoluzaleznienie_leczenie_warszawa-targowek.jpg\" \/>\n<meta name=\"twitter:card\" content=\"summary_large_image\" \/>\n<meta name=\"twitter:label1\" content=\"Szacowany czas czytania\" \/>\n\t<meta name=\"twitter:data1\" content=\"3 minuty\" \/>\n<script type=\"application\/ld+json\" class=\"yoast-schema-graph\">{\"@context\":\"https:\/\/schema.org\",\"@graph\":[{\"@type\":\"WebPage\",\"@id\":\"http:\/\/terapeuci.com.pl\/index.php\/wspoluzaleznienie\/\",\"url\":\"http:\/\/terapeuci.com.pl\/index.php\/wspoluzaleznienie\/\",\"name\":\"Wsp\u00f3\u0142uzale\u017cnienie - Terapia uzale\u017cnie\u0144, wsp\u00f3\u0142uzale\u017cnie\u0144, par, DDA, DDD\",\"isPartOf\":{\"@id\":\"http:\/\/terapeuci.com.pl\/#website\"},\"primaryImageOfPage\":{\"@id\":\"http:\/\/terapeuci.com.pl\/index.php\/wspoluzaleznienie\/#primaryimage\"},\"image\":{\"@id\":\"http:\/\/terapeuci.com.pl\/index.php\/wspoluzaleznienie\/#primaryimage\"},\"thumbnailUrl\":\"http:\/\/terapeuci.com.pl\/wp-content\/uploads\/2023\/10\/wspoluzaleznienie_leczenie_warszawa-targowek.jpg\",\"datePublished\":\"2023-10-16T14:49:08+00:00\",\"dateModified\":\"2023-11-12T10:58:20+00:00\",\"description\":\"Wsp\u00f3\u0142uzale\u017cnienie to zesp\u00f3\u0142 zachowa\u0144 i zaburze\u0144, kt\u00f3re charakteryzuj\u0105 osoby znajduj\u0105ce si\u0119 najbli\u017cszym otoczeniu os\u00f3b uzale\u017cnionych.\",\"breadcrumb\":{\"@id\":\"http:\/\/terapeuci.com.pl\/index.php\/wspoluzaleznienie\/#breadcrumb\"},\"inLanguage\":\"pl-PL\",\"potentialAction\":[{\"@type\":\"ReadAction\",\"target\":[\"http:\/\/terapeuci.com.pl\/index.php\/wspoluzaleznienie\/\"]}]},{\"@type\":\"ImageObject\",\"inLanguage\":\"pl-PL\",\"@id\":\"http:\/\/terapeuci.com.pl\/index.php\/wspoluzaleznienie\/#primaryimage\",\"url\":\"http:\/\/terapeuci.com.pl\/wp-content\/uploads\/2023\/10\/wspoluzaleznienie_leczenie_warszawa-targowek.jpg\",\"contentUrl\":\"http:\/\/terapeuci.com.pl\/wp-content\/uploads\/2023\/10\/wspoluzaleznienie_leczenie_warszawa-targowek.jpg\",\"width\":350,\"height\":234},{\"@type\":\"BreadcrumbList\",\"@id\":\"http:\/\/terapeuci.com.pl\/index.php\/wspoluzaleznienie\/#breadcrumb\",\"itemListElement\":[{\"@type\":\"ListItem\",\"position\":1,\"name\":\"Strona g\u0142\u00f3wna\",\"item\":\"https:\/\/terapeuci.com.pl\/\"},{\"@type\":\"ListItem\",\"position\":2,\"name\":\"Wsp\u00f3\u0142uzale\u017cnienie\"}]},{\"@type\":\"WebSite\",\"@id\":\"http:\/\/terapeuci.com.pl\/#website\",\"url\":\"http:\/\/terapeuci.com.pl\/\",\"name\":\"Terapia uzale\u017cnie\u0144, wsp\u00f3\u0142uzale\u017cnie\u0144, par, DDA, DDD\",\"description\":\"Spraw, aby ka\u017cdy dzie\u0144 m\u00f3g\u0142 by\u0107 najpi\u0119kniejszym dniem Twojego \u017cycia\",\"potentialAction\":[{\"@type\":\"SearchAction\",\"target\":{\"@type\":\"EntryPoint\",\"urlTemplate\":\"http:\/\/terapeuci.com.pl\/?s={search_term_string}\"},\"query-input\":\"required name=search_term_string\"}],\"inLanguage\":\"pl-PL\"}]}<\/script>\n<!-- \/ Yoast SEO Premium plugin. -->","yoast_head_json":{"title":"Wsp\u00f3\u0142uzale\u017cnienie - Terapia uzale\u017cnie\u0144, wsp\u00f3\u0142uzale\u017cnie\u0144, par, DDA, DDD","description":"Wsp\u00f3\u0142uzale\u017cnienie to zesp\u00f3\u0142 zachowa\u0144 i zaburze\u0144, kt\u00f3re charakteryzuj\u0105 osoby znajduj\u0105ce si\u0119 najbli\u017cszym otoczeniu os\u00f3b uzale\u017cnionych.","robots":{"index":"index","follow":"follow","max-snippet":"max-snippet:-1","max-image-preview":"max-image-preview:large","max-video-preview":"max-video-preview:-1"},"canonical":"http:\/\/terapeuci.com.pl\/index.php\/wspoluzaleznienie\/","og_locale":"pl_PL","og_type":"article","og_title":"Wsp\u00f3\u0142uzale\u017cnienie","og_description":"Wsp\u00f3\u0142uzale\u017cnienie to zesp\u00f3\u0142 zachowa\u0144 i zaburze\u0144, kt\u00f3re charakteryzuj\u0105 osoby znajduj\u0105ce si\u0119 najbli\u017cszym otoczeniu os\u00f3b uzale\u017cnionych.","og_url":"http:\/\/terapeuci.com.pl\/index.php\/wspoluzaleznienie\/","og_site_name":"Terapia uzale\u017cnie\u0144, wsp\u00f3\u0142uzale\u017cnie\u0144, par, DDA, DDD","article_modified_time":"2023-11-12T10:58:20+00:00","og_image":[{"url":"http:\/\/terapeuci.com.pl\/wp-content\/uploads\/2023\/10\/wspoluzaleznienie_leczenie_warszawa-targowek.jpg"}],"twitter_card":"summary_large_image","twitter_misc":{"Szacowany czas czytania":"3 minuty"},"schema":{"@context":"https:\/\/schema.org","@graph":[{"@type":"WebPage","@id":"http:\/\/terapeuci.com.pl\/index.php\/wspoluzaleznienie\/","url":"http:\/\/terapeuci.com.pl\/index.php\/wspoluzaleznienie\/","name":"Wsp\u00f3\u0142uzale\u017cnienie - Terapia uzale\u017cnie\u0144, wsp\u00f3\u0142uzale\u017cnie\u0144, par, DDA, DDD","isPartOf":{"@id":"http:\/\/terapeuci.com.pl\/#website"},"primaryImageOfPage":{"@id":"http:\/\/terapeuci.com.pl\/index.php\/wspoluzaleznienie\/#primaryimage"},"image":{"@id":"http:\/\/terapeuci.com.pl\/index.php\/wspoluzaleznienie\/#primaryimage"},"thumbnailUrl":"http:\/\/terapeuci.com.pl\/wp-content\/uploads\/2023\/10\/wspoluzaleznienie_leczenie_warszawa-targowek.jpg","datePublished":"2023-10-16T14:49:08+00:00","dateModified":"2023-11-12T10:58:20+00:00","description":"Wsp\u00f3\u0142uzale\u017cnienie to zesp\u00f3\u0142 zachowa\u0144 i zaburze\u0144, kt\u00f3re charakteryzuj\u0105 osoby znajduj\u0105ce si\u0119 najbli\u017cszym otoczeniu os\u00f3b uzale\u017cnionych.","breadcrumb":{"@id":"http:\/\/terapeuci.com.pl\/index.php\/wspoluzaleznienie\/#breadcrumb"},"inLanguage":"pl-PL","potentialAction":[{"@type":"ReadAction","target":["http:\/\/terapeuci.com.pl\/index.php\/wspoluzaleznienie\/"]}]},{"@type":"ImageObject","inLanguage":"pl-PL","@id":"http:\/\/terapeuci.com.pl\/index.php\/wspoluzaleznienie\/#primaryimage","url":"http:\/\/terapeuci.com.pl\/wp-content\/uploads\/2023\/10\/wspoluzaleznienie_leczenie_warszawa-targowek.jpg","contentUrl":"http:\/\/terapeuci.com.pl\/wp-content\/uploads\/2023\/10\/wspoluzaleznienie_leczenie_warszawa-targowek.jpg","width":350,"height":234},{"@type":"BreadcrumbList","@id":"http:\/\/terapeuci.com.pl\/index.php\/wspoluzaleznienie\/#breadcrumb","itemListElement":[{"@type":"ListItem","position":1,"name":"Strona g\u0142\u00f3wna","item":"https:\/\/terapeuci.com.pl\/"},{"@type":"ListItem","position":2,"name":"Wsp\u00f3\u0142uzale\u017cnienie"}]},{"@type":"WebSite","@id":"http:\/\/terapeuci.com.pl\/#website","url":"http:\/\/terapeuci.com.pl\/","name":"Terapia uzale\u017cnie\u0144, wsp\u00f3\u0142uzale\u017cnie\u0144, par, DDA, DDD","description":"Spraw, aby ka\u017cdy dzie\u0144 m\u00f3g\u0142 by\u0107 najpi\u0119kniejszym dniem Twojego \u017cycia","potentialAction":[{"@type":"SearchAction","target":{"@type":"EntryPoint","urlTemplate":"http:\/\/terapeuci.com.pl\/?s={search_term_string}"},"query-input":"required name=search_term_string"}],"inLanguage":"pl-PL"}]}},"_links":{"self":[{"href":"http:\/\/terapeuci.com.pl\/index.php\/wp-json\/wp\/v2\/pages\/195"}],"collection":[{"href":"http:\/\/terapeuci.com.pl\/index.php\/wp-json\/wp\/v2\/pages"}],"about":[{"href":"http:\/\/terapeuci.com.pl\/index.php\/wp-json\/wp\/v2\/types\/page"}],"author":[{"embeddable":true,"href":"http:\/\/terapeuci.com.pl\/index.php\/wp-json\/wp\/v2\/users\/1"}],"replies":[{"embeddable":true,"href":"http:\/\/terapeuci.com.pl\/index.php\/wp-json\/wp\/v2\/comments?post=195"}],"version-history":[{"count":2,"href":"http:\/\/terapeuci.com.pl\/index.php\/wp-json\/wp\/v2\/pages\/195\/revisions"}],"predecessor-version":[{"id":257,"href":"http:\/\/terapeuci.com.pl\/index.php\/wp-json\/wp\/v2\/pages\/195\/revisions\/257"}],"wp:attachment":[{"href":"http:\/\/terapeuci.com.pl\/index.php\/wp-json\/wp\/v2\/media?parent=195"}],"curies":[{"name":"wp","href":"https:\/\/api.w.org\/{rel}","templated":true}]}}