{"id":207,"date":"2023-10-16T17:01:12","date_gmt":"2023-10-16T15:01:12","guid":{"rendered":"http:\/\/terapeuci.com.pl\/?page_id=207"},"modified":"2023-11-12T11:18:21","modified_gmt":"2023-11-12T10:18:21","slug":"detoks","status":"publish","type":"page","link":"http:\/\/terapeuci.com.pl\/index.php\/detoks\/","title":{"rendered":"Detoks"},"content":{"rendered":"\n<div class=\"wp-block-media-text alignfull is-stacked-on-mobile is-vertically-aligned-center\"><figure class=\"wp-block-media-text__media\"><img decoding=\"async\" loading=\"lazy\" width=\"304\" height=\"166\" src=\"http:\/\/terapeuci.com.pl\/wp-content\/uploads\/2023\/08\/terapia-uzaleznien_warszawa_targowek.jpg\" alt=\"terapia uzale\u017cnie\u0144 mazowieckie warszawa targ\u00f3wek detoks alkoholowy narkotykowy lekowy\" class=\"wp-image-105 size-full\" srcset=\"http:\/\/terapeuci.com.pl\/wp-content\/uploads\/2023\/08\/terapia-uzaleznien_warszawa_targowek.jpg 304w, http:\/\/terapeuci.com.pl\/wp-content\/uploads\/2023\/08\/terapia-uzaleznien_warszawa_targowek-300x164.jpg 300w\" sizes=\"(max-width: 304px) 100vw, 304px\" \/><\/figure><div class=\"wp-block-media-text__content\">\n<h3 class=\"wp-block-heading has-text-align-center has-text-color\" id=\"h-w-trakcie-procesu-detoksykacji-udzielamy-wsparcia-psychologicznego\" style=\"color:#000000\">W trakcie procesu detoksykacji udzielamy wsparcia psychologicznego.<\/h3>\n\n\n\n<p class=\"has-text-align-center has-extra-small-font-size\">Wst\u0119pem do tego, aby zacz\u0105\u0107 \u017cycie wolne od na\u0142og\u00f3w takich jak np.&nbsp;alkoholizm, lekomania czy narkomania, jest odtrucie i regeneracja organizmu, nazywana potocznie detoksem.<\/p>\n<\/div><\/div>\n\n\n\n<p>W naszym o\u015brodku pod okiem do\u015bwiadczonych ratownik\u00f3w medycznych, lekarza psychiatry, jak i terapeut\u00f3w przeprowadzamy pe\u0142ne, skuteczne i bezpieczne odtrucia organizmu po tzw ci\u0105gach alkoholowych, lekowych czy narkotykowych oraz innych. Wszyscy Pacjenci przyjmowani na odtrucie s\u0105 wst\u0119pnie badani. Na \u017cyczenie Pacjenta przeprowadzamy kompleksowe badania organizmu.<\/p>\n\n\n\n<p><strong>Nie chcesz detoksu w domu? Musisz szybko stan\u0105\u0107 na nogi? Zrobimy co w naszej mocy, aby szybko, skutecznie i przede wszystkim bezpiecznie podnie\u015b\u0107 Ci\u0119 na nogi.<\/strong><\/p>\n\n\n\n<p><strong>Przyjed\u017a lub zadzwo\u0144, a my przyjedziemy po Ciebie. Doje\u017cd\u017camy na terenie wojew\u00f3dztwa mazowieckiego (alkohol) i ca\u0142ej Polski (narkotyki, leki). Odbieramy z lotniska lub innego wskazanego miejsca.<\/strong><\/p>\n\n\n\n<p>Wst\u0119pem do tego, aby zacz\u0105\u0107 \u017cycie wolne od na\u0142og\u00f3w takich jak np.&nbsp;alkoholizm, lekomania czy narkomania, jest odtrucie i regeneracja organizmu, nazywana potocznie detoksem. Osoba uzale\u017cniona od substancji psychoaktywnych poddawana jest odtruciu, kt\u00f3re skupia si\u0119 przede wszystkim na tym, aby maksymalnie zredukowa\u0107 nieprzyjemne objawy odstawienia \u015brodka uzale\u017cniaj\u0105cego. W pierwszej fazie procesu odtrucie ma za zadanie usuni\u0119cie toksyn z organizmu, nawodnienie oraz uzupe\u0142nienie elektrolit\u00f3w ,witam i innych niezb\u0119dnych element\u00f3w, jak magnez w przypadku d\u0142ugotrwa\u0142ego spo\u017cywania alkoholu. Przy niekt\u00f3rych uzale\u017cnieniach behawioralnych tak\u017ce wyst\u0119puje zesp\u00f3\u0142 odstawienny, kt\u00f3ry ma zupe\u0142nie inne pod\u0142o\u017ce ni\u017c w przypadku \u015brodk\u00f3w chemicznych, jak alkohol, narkotyki, leki czy dopalacze.<\/p>\n\n\n\n<p>W trakcie procesu detoksykacji udzielamy wsparcia psychologicznego. Opr\u00f3cz objaw\u00f3w fizycznych zespo\u0142u odstawiennego pojawiaj\u0105 si\u0119 r\u00f3wnie\u017c dolegliwo\u015bci o charakterze psychicznym.<\/p>\n\n\n\n<p>U os\u00f3b, kt\u00f3re d\u0142ugotrwale si\u0119gaj\u0105 po substancje uzale\u017cniaj\u0105ce nast\u0119puj\u0105 zmiany na poziomie proces\u00f3w metabolicznych. Gwa\u0142towne odstawienie alkoholu czy innych \u015brodk\u00f3w uzale\u017cniaj\u0105cych powoduje u nich bardzo nieprzyjemne objawy (zar\u00f3wno fizyczne, jak i psychiczne).<\/p>\n\n\n\n<p>W I fazie pojawiaj\u0105 si\u0119 b\u00f3le g\u0142owy i mi\u0119\u015bni, uderzenia pot\u00f3w, nudno\u015bci i wymioty, biegunki.<\/p>\n\n\n\n<p>&nbsp;W kolejnej fazie do objaw\u00f3w fizycznych do\u0142\u0105czaj\u0105 symptomy psychiczne:<\/p>\n\n\n\n<ul>\n<li>rozdra\u017cnienie<\/li>\n\n\n\n<li>zaburzenia w rytmie snu<\/li>\n\n\n\n<li>napady l\u0119kowe<\/li>\n\n\n\n<li>napady agresji<\/li>\n\n\n\n<li>omamy (tzw. majaki alkoholowe)<\/li>\n<\/ul>\n\n\n\n<p>Ju\u017c w tym okresie po ust\u0105pieniu dolegliwo\u015bci fizycznych prowadzimy terapi\u0119 motywacyjn\u0105 do dalszego leczenia.<\/p>\n\n\n\n<p>Proces otrucia, czyli detoksu jest niezb\u0119dny do podj\u0119cia skutecznej terapii.<\/p>\n\n\n\n<p>Na detoks przyjmujemy Pacjent\u00f3w w stanie niezagra\u017caj\u0105cym ich \u017cyciu, tak\u017ce pod wp\u0142ywem alkoholu czy narkotyk\u00f3w.<\/p>\n\n\n\n<p>Oferujemy detoksy szybkie i w pe\u0142ni anonimowe.<\/p>\n\n\n\n<p>Mo\u017cliwe s\u0105 dodatkowe wlewy witaminowe i wzmacniaj\u0105ce.<\/p>\n","protected":false},"excerpt":{"rendered":"<p>W trakcie procesu detoksykacji udzielamy wsparcia psychologicznego. Wst\u0119pem do tego, aby zacz\u0105\u0107 \u017cycie wolne od na\u0142og\u00f3w takich jak np.&nbsp;alkoholizm, lekomania czy narkomania, jest odtrucie i regeneracja organizmu, nazywana potocznie detoksem. W naszym o\u015brodku pod okiem do\u015bwiadczonych ratownik\u00f3w medycznych, lekarza psychiatry, jak i terapeut\u00f3w przeprowadzamy pe\u0142ne, skuteczne i bezpieczne odtrucia organizmu po tzw ci\u0105gach alkoholowych, lekowych [&hellip;]<\/p>\n","protected":false},"author":1,"featured_media":0,"parent":0,"menu_order":0,"comment_status":"closed","ping_status":"closed","template":"","meta":{"om_disable_all_campaigns":false,"_monsterinsights_skip_tracking":false,"_monsterinsights_sitenote_active":false,"_monsterinsights_sitenote_note":"","_monsterinsights_sitenote_category":0,"footnotes":""},"aioseo_notices":[],"yoast_head":"<!-- This site is optimized with the Yoast SEO Premium plugin v21.3 (Yoast SEO v22.6) - https:\/\/yoast.com\/wordpress\/plugins\/seo\/ -->\n<title>Detoks - Terapia uzale\u017cnie\u0144, wsp\u00f3\u0142uzale\u017cnie\u0144, par, DDA, DDD<\/title>\n<meta name=\"description\" content=\"Wst\u0119pem do tego, aby zacz\u0105\u0107 \u017cycie wolne od na\u0142og\u00f3w takich jak np.\u00a0alkoholizm, lekomania czy narkomania, jest odtrucie i regeneracja organizmu, nazywana potocznie detoksem.\" \/>\n<meta name=\"robots\" content=\"index, follow, max-snippet:-1, max-image-preview:large, max-video-preview:-1\" \/>\n<link rel=\"canonical\" href=\"https:\/\/terapeuci.com.pl\/index.php\/detoks\/\" \/>\n<meta property=\"og:locale\" content=\"pl_PL\" \/>\n<meta property=\"og:type\" content=\"article\" \/>\n<meta property=\"og:title\" content=\"Detoks\" \/>\n<meta property=\"og:description\" content=\"Wst\u0119pem do tego, aby zacz\u0105\u0107 \u017cycie wolne od na\u0142og\u00f3w takich jak np.\u00a0alkoholizm, lekomania czy narkomania, jest odtrucie i regeneracja organizmu, nazywana potocznie detoksem.\" \/>\n<meta property=\"og:url\" content=\"https:\/\/terapeuci.com.pl\/index.php\/detoks\/\" \/>\n<meta property=\"og:site_name\" content=\"Terapia uzale\u017cnie\u0144, wsp\u00f3\u0142uzale\u017cnie\u0144, par, DDA, DDD\" \/>\n<meta property=\"article:modified_time\" content=\"2023-11-12T10:18:21+00:00\" \/>\n<meta property=\"og:image\" content=\"http:\/\/terapeuci.com.pl\/wp-content\/uploads\/2023\/08\/terapia-uzaleznien_warszawa_targowek.jpg\" \/>\n<meta name=\"twitter:card\" content=\"summary_large_image\" \/>\n<meta name=\"twitter:label1\" content=\"Szacowany czas czytania\" \/>\n\t<meta name=\"twitter:data1\" content=\"3 minuty\" \/>\n<script type=\"application\/ld+json\" class=\"yoast-schema-graph\">{\"@context\":\"https:\/\/schema.org\",\"@graph\":[{\"@type\":\"WebPage\",\"@id\":\"https:\/\/terapeuci.com.pl\/index.php\/detoks\/\",\"url\":\"https:\/\/terapeuci.com.pl\/index.php\/detoks\/\",\"name\":\"Detoks - Terapia uzale\u017cnie\u0144, wsp\u00f3\u0142uzale\u017cnie\u0144, par, DDA, DDD\",\"isPartOf\":{\"@id\":\"http:\/\/terapeuci.com.pl\/#website\"},\"primaryImageOfPage\":{\"@id\":\"https:\/\/terapeuci.com.pl\/index.php\/detoks\/#primaryimage\"},\"image\":{\"@id\":\"https:\/\/terapeuci.com.pl\/index.php\/detoks\/#primaryimage\"},\"thumbnailUrl\":\"http:\/\/terapeuci.com.pl\/wp-content\/uploads\/2023\/08\/terapia-uzaleznien_warszawa_targowek.jpg\",\"datePublished\":\"2023-10-16T15:01:12+00:00\",\"dateModified\":\"2023-11-12T10:18:21+00:00\",\"description\":\"Wst\u0119pem do tego, aby zacz\u0105\u0107 \u017cycie wolne od na\u0142og\u00f3w takich jak np.\u00a0alkoholizm, lekomania czy narkomania, jest odtrucie i regeneracja organizmu, nazywana potocznie detoksem.\",\"breadcrumb\":{\"@id\":\"https:\/\/terapeuci.com.pl\/index.php\/detoks\/#breadcrumb\"},\"inLanguage\":\"pl-PL\",\"potentialAction\":[{\"@type\":\"ReadAction\",\"target\":[\"https:\/\/terapeuci.com.pl\/index.php\/detoks\/\"]}]},{\"@type\":\"ImageObject\",\"inLanguage\":\"pl-PL\",\"@id\":\"https:\/\/terapeuci.com.pl\/index.php\/detoks\/#primaryimage\",\"url\":\"http:\/\/terapeuci.com.pl\/wp-content\/uploads\/2023\/08\/terapia-uzaleznien_warszawa_targowek.jpg\",\"contentUrl\":\"http:\/\/terapeuci.com.pl\/wp-content\/uploads\/2023\/08\/terapia-uzaleznien_warszawa_targowek.jpg\"},{\"@type\":\"BreadcrumbList\",\"@id\":\"https:\/\/terapeuci.com.pl\/index.php\/detoks\/#breadcrumb\",\"itemListElement\":[{\"@type\":\"ListItem\",\"position\":1,\"name\":\"Strona g\u0142\u00f3wna\",\"item\":\"https:\/\/terapeuci.com.pl\/\"},{\"@type\":\"ListItem\",\"position\":2,\"name\":\"Detoks\"}]},{\"@type\":\"WebSite\",\"@id\":\"http:\/\/terapeuci.com.pl\/#website\",\"url\":\"http:\/\/terapeuci.com.pl\/\",\"name\":\"Terapia uzale\u017cnie\u0144, wsp\u00f3\u0142uzale\u017cnie\u0144, par, DDA, DDD\",\"description\":\"Spraw, aby ka\u017cdy dzie\u0144 m\u00f3g\u0142 by\u0107 najpi\u0119kniejszym dniem Twojego \u017cycia\",\"potentialAction\":[{\"@type\":\"SearchAction\",\"target\":{\"@type\":\"EntryPoint\",\"urlTemplate\":\"http:\/\/terapeuci.com.pl\/?s={search_term_string}\"},\"query-input\":\"required name=search_term_string\"}],\"inLanguage\":\"pl-PL\"}]}<\/script>\n<!-- \/ Yoast SEO Premium plugin. -->","yoast_head_json":{"title":"Detoks - Terapia uzale\u017cnie\u0144, wsp\u00f3\u0142uzale\u017cnie\u0144, par, DDA, DDD","description":"Wst\u0119pem do tego, aby zacz\u0105\u0107 \u017cycie wolne od na\u0142og\u00f3w takich jak np.\u00a0alkoholizm, lekomania czy narkomania, jest odtrucie i regeneracja organizmu, nazywana potocznie detoksem.","robots":{"index":"index","follow":"follow","max-snippet":"max-snippet:-1","max-image-preview":"max-image-preview:large","max-video-preview":"max-video-preview:-1"},"canonical":"https:\/\/terapeuci.com.pl\/index.php\/detoks\/","og_locale":"pl_PL","og_type":"article","og_title":"Detoks","og_description":"Wst\u0119pem do tego, aby zacz\u0105\u0107 \u017cycie wolne od na\u0142og\u00f3w takich jak np.\u00a0alkoholizm, lekomania czy narkomania, jest odtrucie i regeneracja organizmu, nazywana potocznie detoksem.","og_url":"https:\/\/terapeuci.com.pl\/index.php\/detoks\/","og_site_name":"Terapia uzale\u017cnie\u0144, wsp\u00f3\u0142uzale\u017cnie\u0144, par, DDA, DDD","article_modified_time":"2023-11-12T10:18:21+00:00","og_image":[{"url":"http:\/\/terapeuci.com.pl\/wp-content\/uploads\/2023\/08\/terapia-uzaleznien_warszawa_targowek.jpg"}],"twitter_card":"summary_large_image","twitter_misc":{"Szacowany czas czytania":"3 minuty"},"schema":{"@context":"https:\/\/schema.org","@graph":[{"@type":"WebPage","@id":"https:\/\/terapeuci.com.pl\/index.php\/detoks\/","url":"https:\/\/terapeuci.com.pl\/index.php\/detoks\/","name":"Detoks - Terapia uzale\u017cnie\u0144, wsp\u00f3\u0142uzale\u017cnie\u0144, par, DDA, DDD","isPartOf":{"@id":"http:\/\/terapeuci.com.pl\/#website"},"primaryImageOfPage":{"@id":"https:\/\/terapeuci.com.pl\/index.php\/detoks\/#primaryimage"},"image":{"@id":"https:\/\/terapeuci.com.pl\/index.php\/detoks\/#primaryimage"},"thumbnailUrl":"http:\/\/terapeuci.com.pl\/wp-content\/uploads\/2023\/08\/terapia-uzaleznien_warszawa_targowek.jpg","datePublished":"2023-10-16T15:01:12+00:00","dateModified":"2023-11-12T10:18:21+00:00","description":"Wst\u0119pem do tego, aby zacz\u0105\u0107 \u017cycie wolne od na\u0142og\u00f3w takich jak np.\u00a0alkoholizm, lekomania czy narkomania, jest odtrucie i regeneracja organizmu, nazywana potocznie detoksem.","breadcrumb":{"@id":"https:\/\/terapeuci.com.pl\/index.php\/detoks\/#breadcrumb"},"inLanguage":"pl-PL","potentialAction":[{"@type":"ReadAction","target":["https:\/\/terapeuci.com.pl\/index.php\/detoks\/"]}]},{"@type":"ImageObject","inLanguage":"pl-PL","@id":"https:\/\/terapeuci.com.pl\/index.php\/detoks\/#primaryimage","url":"http:\/\/terapeuci.com.pl\/wp-content\/uploads\/2023\/08\/terapia-uzaleznien_warszawa_targowek.jpg","contentUrl":"http:\/\/terapeuci.com.pl\/wp-content\/uploads\/2023\/08\/terapia-uzaleznien_warszawa_targowek.jpg"},{"@type":"BreadcrumbList","@id":"https:\/\/terapeuci.com.pl\/index.php\/detoks\/#breadcrumb","itemListElement":[{"@type":"ListItem","position":1,"name":"Strona g\u0142\u00f3wna","item":"https:\/\/terapeuci.com.pl\/"},{"@type":"ListItem","position":2,"name":"Detoks"}]},{"@type":"WebSite","@id":"http:\/\/terapeuci.com.pl\/#website","url":"http:\/\/terapeuci.com.pl\/","name":"Terapia uzale\u017cnie\u0144, wsp\u00f3\u0142uzale\u017cnie\u0144, par, DDA, DDD","description":"Spraw, aby ka\u017cdy dzie\u0144 m\u00f3g\u0142 by\u0107 najpi\u0119kniejszym dniem Twojego \u017cycia","potentialAction":[{"@type":"SearchAction","target":{"@type":"EntryPoint","urlTemplate":"http:\/\/terapeuci.com.pl\/?s={search_term_string}"},"query-input":"required name=search_term_string"}],"inLanguage":"pl-PL"}]}},"_links":{"self":[{"href":"http:\/\/terapeuci.com.pl\/index.php\/wp-json\/wp\/v2\/pages\/207"}],"collection":[{"href":"http:\/\/terapeuci.com.pl\/index.php\/wp-json\/wp\/v2\/pages"}],"about":[{"href":"http:\/\/terapeuci.com.pl\/index.php\/wp-json\/wp\/v2\/types\/page"}],"author":[{"embeddable":true,"href":"http:\/\/terapeuci.com.pl\/index.php\/wp-json\/wp\/v2\/users\/1"}],"replies":[{"embeddable":true,"href":"http:\/\/terapeuci.com.pl\/index.php\/wp-json\/wp\/v2\/comments?post=207"}],"version-history":[{"count":3,"href":"http:\/\/terapeuci.com.pl\/index.php\/wp-json\/wp\/v2\/pages\/207\/revisions"}],"predecessor-version":[{"id":242,"href":"http:\/\/terapeuci.com.pl\/index.php\/wp-json\/wp\/v2\/pages\/207\/revisions\/242"}],"wp:attachment":[{"href":"http:\/\/terapeuci.com.pl\/index.php\/wp-json\/wp\/v2\/media?parent=207"}],"curies":[{"name":"wp","href":"https:\/\/api.w.org\/{rel}","templated":true}]}}