{"id":211,"date":"2023-10-16T17:04:51","date_gmt":"2023-10-16T15:04:51","guid":{"rendered":"http:\/\/terapeuci.com.pl\/?page_id=211"},"modified":"2023-11-12T11:49:44","modified_gmt":"2023-11-12T10:49:44","slug":"terapia-on-line","status":"publish","type":"page","link":"http:\/\/terapeuci.com.pl\/index.php\/terapia-on-line\/","title":{"rendered":"Terapia on-line"},"content":{"rendered":"\n<div class=\"wp-block-media-text alignfull is-stacked-on-mobile is-vertically-aligned-center\"><figure class=\"wp-block-media-text__media\"><img decoding=\"async\" loading=\"lazy\" width=\"318\" height=\"159\" src=\"http:\/\/terapeuci.com.pl\/wp-content\/uploads\/2023\/10\/wspoluzaleznienie_psycholog_terapeuta-uzaleznien_warszawa-targowek.jpg\" alt=\"terapia psychoterapia leczenie uzale\u017cnie\u0144 online tanio alkoholizm narkomania lekomania zakupoholizm seksoholizm pornografia hazard \" class=\"wp-image-212 size-full\" srcset=\"http:\/\/terapeuci.com.pl\/wp-content\/uploads\/2023\/10\/wspoluzaleznienie_psycholog_terapeuta-uzaleznien_warszawa-targowek.jpg 318w, http:\/\/terapeuci.com.pl\/wp-content\/uploads\/2023\/10\/wspoluzaleznienie_psycholog_terapeuta-uzaleznien_warszawa-targowek-300x150.jpg 300w\" sizes=\"(max-width: 318px) 100vw, 318px\" \/><\/figure><div class=\"wp-block-media-text__content\">\n<h3 class=\"wp-block-heading has-text-align-center has-text-color\" id=\"h-terapia-online-rozni-sie-od-terapii-tradycyjnej-tylko-forma-komunikacji-nbsp\" style=\"color:#000000\"><strong><strong>Terapia online r\u00f3\u017cni si\u0119 od terapii tradycyjnej tylko form\u0105 komunikacji.<\/strong>&nbsp;<\/strong><\/h3>\n\n\n\n<p class=\"has-text-align-center has-extra-small-font-size\">Aby korzysta\u0107 z terapii online nie potrzeba nic wi\u0119cej opr\u00f3cz po\u0142\u0105czenia internetowego i medium, z kt\u00f3rego b\u0119dziemy korzysta\u0107-&nbsp;&nbsp;komputera, telefonu lub tabletu.<\/p>\n<\/div><\/div>\n\n\n\n<p><strong>Terapia online r\u00f3\u017cni si\u0119 od terapii tradycyjnej tylko form\u0105 komunikacji.<\/strong>&nbsp;Us\u0142uga porad psychologicznych oraz terapii online polega na tym, \u017ce pacjent \u0142\u0105czy si\u0119 z terapeut\u0105 poprzez programy typu Skype, Whatsapp, Facetime, Teams czy innych komunikatorach. Taka forma umo\u017cliwia klientowi rozmow\u0119 z psychologiem czy te\u017c terapeut\u0105 w czasie rzeczywistym. Obie strony widz\u0105 si\u0119 i s\u0142ysz\u0105 po obu stronach kamery. Aby korzysta\u0107 z terapii online nie potrzeba nic wi\u0119cej opr\u00f3cz po\u0142\u0105czenia internetowego i medium, z kt\u00f3rego b\u0119dziemy korzysta\u0107-&nbsp;&nbsp;komputera, telefonu lub tabletu. Warto zadba\u0107 o otoczenie, w kt\u00f3rym b\u0119dzie si\u0119&nbsp;odbywa\u0107 rozmowa.<\/p>\n\n\n\n<p>Zalety terapii online:<\/p>\n\n\n\n<ul>\n<li>Oszcz\u0119dno\u015b\u0107 czasu i pieni\u0119dzy na dojazdy<\/li>\n\n\n\n<li>Z wizyty mog\u0105 skorzysta\u0107 osoby z innej miejscowo\u015bci, a tak\u017ce innego kraju<\/li>\n\n\n\n<li>Wi\u0119ksza elastyczno\u015b\u0107 co do godzin spotka\u0144<\/li>\n\n\n\n<li>osoby nie\u015bmia\u0142e i wycofane spo\u0142ecznie mog\u0105 ch\u0119tniej skorzysta\u0107 z takiej formy pomocy<\/li>\n\n\n\n<li>Umo\u017cliwia spotkania z terapeut\u0105 osobom z niepe\u0142nosprawno\u015bciami, kt\u00f3re maj\u0105 k\u0142opoty z dojazdem do o\u015brodka<\/li>\n\n\n\n<li>daje mo\u017cliwo\u015b\u0107 psychoterapii osobom, kt\u00f3re nie mog\u0105 wyj\u015b\u0107&nbsp;z domu (np. mamy z ma\u0142ymi dzie\u0107mi)&nbsp;<\/li>\n\n\n\n<li>idealne rozwi\u0105zanie dla os\u00f3b du\u017co podr\u00f3\u017cuj\u0105cych, kt\u00f3re nie s\u0105 pewne, czy b\u0119d\u0105 w danym miejscu w okre\u015blonym terminie<\/li>\n<\/ul>\n\n\n\n<p>W ramach terapii online ka\u017cdy uczestnik mo\u017ce w pe\u0142ni korzysta\u0107 z pe\u0142nego zakresu \u015bwiadczonych us\u0142ug, w tym pomocy psychologicznej, psychiatrycznej itp<\/p>\n","protected":false},"excerpt":{"rendered":"<p>Terapia online r\u00f3\u017cni si\u0119 od terapii tradycyjnej tylko form\u0105 komunikacji.&nbsp; Aby korzysta\u0107 z terapii online nie potrzeba nic wi\u0119cej opr\u00f3cz po\u0142\u0105czenia internetowego i medium, z kt\u00f3rego b\u0119dziemy korzysta\u0107-&nbsp;&nbsp;komputera, telefonu lub tabletu. Terapia online r\u00f3\u017cni si\u0119 od terapii tradycyjnej tylko form\u0105 komunikacji.&nbsp;Us\u0142uga porad psychologicznych oraz terapii online polega na tym, \u017ce pacjent \u0142\u0105czy si\u0119 z terapeut\u0105 [&hellip;]<\/p>\n","protected":false},"author":1,"featured_media":0,"parent":0,"menu_order":0,"comment_status":"closed","ping_status":"closed","template":"","meta":{"om_disable_all_campaigns":false,"_monsterinsights_skip_tracking":false,"_monsterinsights_sitenote_active":false,"_monsterinsights_sitenote_note":"","_monsterinsights_sitenote_category":0,"footnotes":""},"aioseo_notices":[],"yoast_head":"<!-- This site is optimized with the Yoast SEO Premium plugin v21.3 (Yoast SEO v22.6) - https:\/\/yoast.com\/wordpress\/plugins\/seo\/ -->\n<title>Terapia on-line - Terapia uzale\u017cnie\u0144, wsp\u00f3\u0142uzale\u017cnie\u0144, par, DDA, DDD<\/title>\n<meta name=\"description\" content=\"Terapia online r\u00f3\u017cni si\u0119 od terapii tradycyjnej tylko form\u0105 komunikacji.\u00a0Aby korzysta\u0107 z terapii online nie potrzeba nic wi\u0119cej opr\u00f3cz po\u0142\u0105czenia internetowego\" \/>\n<meta name=\"robots\" content=\"index, follow, max-snippet:-1, max-image-preview:large, max-video-preview:-1\" \/>\n<link rel=\"canonical\" href=\"http:\/\/terapeuci.com.pl\/index.php\/terapia-on-line\/\" \/>\n<meta property=\"og:locale\" content=\"pl_PL\" \/>\n<meta property=\"og:type\" content=\"article\" \/>\n<meta property=\"og:title\" content=\"Terapia on-line\" \/>\n<meta property=\"og:description\" content=\"Terapia online r\u00f3\u017cni si\u0119 od terapii tradycyjnej tylko form\u0105 komunikacji.\u00a0Aby korzysta\u0107 z terapii online nie potrzeba nic wi\u0119cej opr\u00f3cz po\u0142\u0105czenia internetowego\" \/>\n<meta property=\"og:url\" content=\"http:\/\/terapeuci.com.pl\/index.php\/terapia-on-line\/\" \/>\n<meta property=\"og:site_name\" content=\"Terapia uzale\u017cnie\u0144, wsp\u00f3\u0142uzale\u017cnie\u0144, par, DDA, DDD\" \/>\n<meta property=\"article:modified_time\" content=\"2023-11-12T10:49:44+00:00\" \/>\n<meta property=\"og:image\" content=\"http:\/\/terapeuci.com.pl\/wp-content\/uploads\/2023\/10\/wspoluzaleznienie_psycholog_terapeuta-uzaleznien_warszawa-targowek.jpg\" \/>\n<meta name=\"twitter:card\" content=\"summary_large_image\" \/>\n<meta name=\"twitter:label1\" content=\"Szacowany czas czytania\" \/>\n\t<meta name=\"twitter:data1\" content=\"2 minuty\" \/>\n<script type=\"application\/ld+json\" class=\"yoast-schema-graph\">{\"@context\":\"https:\/\/schema.org\",\"@graph\":[{\"@type\":\"WebPage\",\"@id\":\"http:\/\/terapeuci.com.pl\/index.php\/terapia-on-line\/\",\"url\":\"http:\/\/terapeuci.com.pl\/index.php\/terapia-on-line\/\",\"name\":\"Terapia on-line - Terapia uzale\u017cnie\u0144, wsp\u00f3\u0142uzale\u017cnie\u0144, par, DDA, DDD\",\"isPartOf\":{\"@id\":\"http:\/\/terapeuci.com.pl\/#website\"},\"primaryImageOfPage\":{\"@id\":\"http:\/\/terapeuci.com.pl\/index.php\/terapia-on-line\/#primaryimage\"},\"image\":{\"@id\":\"http:\/\/terapeuci.com.pl\/index.php\/terapia-on-line\/#primaryimage\"},\"thumbnailUrl\":\"http:\/\/terapeuci.com.pl\/wp-content\/uploads\/2023\/10\/wspoluzaleznienie_psycholog_terapeuta-uzaleznien_warszawa-targowek.jpg\",\"datePublished\":\"2023-10-16T15:04:51+00:00\",\"dateModified\":\"2023-11-12T10:49:44+00:00\",\"description\":\"Terapia online r\u00f3\u017cni si\u0119 od terapii tradycyjnej tylko form\u0105 komunikacji.\u00a0Aby korzysta\u0107 z terapii online nie potrzeba nic wi\u0119cej opr\u00f3cz po\u0142\u0105czenia internetowego\",\"breadcrumb\":{\"@id\":\"http:\/\/terapeuci.com.pl\/index.php\/terapia-on-line\/#breadcrumb\"},\"inLanguage\":\"pl-PL\",\"potentialAction\":[{\"@type\":\"ReadAction\",\"target\":[\"http:\/\/terapeuci.com.pl\/index.php\/terapia-on-line\/\"]}]},{\"@type\":\"ImageObject\",\"inLanguage\":\"pl-PL\",\"@id\":\"http:\/\/terapeuci.com.pl\/index.php\/terapia-on-line\/#primaryimage\",\"url\":\"http:\/\/terapeuci.com.pl\/wp-content\/uploads\/2023\/10\/wspoluzaleznienie_psycholog_terapeuta-uzaleznien_warszawa-targowek.jpg\",\"contentUrl\":\"http:\/\/terapeuci.com.pl\/wp-content\/uploads\/2023\/10\/wspoluzaleznienie_psycholog_terapeuta-uzaleznien_warszawa-targowek.jpg\",\"width\":318,\"height\":159},{\"@type\":\"BreadcrumbList\",\"@id\":\"http:\/\/terapeuci.com.pl\/index.php\/terapia-on-line\/#breadcrumb\",\"itemListElement\":[{\"@type\":\"ListItem\",\"position\":1,\"name\":\"Strona g\u0142\u00f3wna\",\"item\":\"https:\/\/terapeuci.com.pl\/\"},{\"@type\":\"ListItem\",\"position\":2,\"name\":\"Terapia on-line\"}]},{\"@type\":\"WebSite\",\"@id\":\"http:\/\/terapeuci.com.pl\/#website\",\"url\":\"http:\/\/terapeuci.com.pl\/\",\"name\":\"Terapia uzale\u017cnie\u0144, wsp\u00f3\u0142uzale\u017cnie\u0144, par, DDA, DDD\",\"description\":\"Spraw, aby ka\u017cdy dzie\u0144 m\u00f3g\u0142 by\u0107 najpi\u0119kniejszym dniem Twojego \u017cycia\",\"potentialAction\":[{\"@type\":\"SearchAction\",\"target\":{\"@type\":\"EntryPoint\",\"urlTemplate\":\"http:\/\/terapeuci.com.pl\/?s={search_term_string}\"},\"query-input\":\"required name=search_term_string\"}],\"inLanguage\":\"pl-PL\"}]}<\/script>\n<!-- \/ Yoast SEO Premium plugin. -->","yoast_head_json":{"title":"Terapia on-line - Terapia uzale\u017cnie\u0144, wsp\u00f3\u0142uzale\u017cnie\u0144, par, DDA, DDD","description":"Terapia online r\u00f3\u017cni si\u0119 od terapii tradycyjnej tylko form\u0105 komunikacji.\u00a0Aby korzysta\u0107 z terapii online nie potrzeba nic wi\u0119cej opr\u00f3cz po\u0142\u0105czenia internetowego","robots":{"index":"index","follow":"follow","max-snippet":"max-snippet:-1","max-image-preview":"max-image-preview:large","max-video-preview":"max-video-preview:-1"},"canonical":"http:\/\/terapeuci.com.pl\/index.php\/terapia-on-line\/","og_locale":"pl_PL","og_type":"article","og_title":"Terapia on-line","og_description":"Terapia online r\u00f3\u017cni si\u0119 od terapii tradycyjnej tylko form\u0105 komunikacji.\u00a0Aby korzysta\u0107 z terapii online nie potrzeba nic wi\u0119cej opr\u00f3cz po\u0142\u0105czenia internetowego","og_url":"http:\/\/terapeuci.com.pl\/index.php\/terapia-on-line\/","og_site_name":"Terapia uzale\u017cnie\u0144, wsp\u00f3\u0142uzale\u017cnie\u0144, par, DDA, DDD","article_modified_time":"2023-11-12T10:49:44+00:00","og_image":[{"url":"http:\/\/terapeuci.com.pl\/wp-content\/uploads\/2023\/10\/wspoluzaleznienie_psycholog_terapeuta-uzaleznien_warszawa-targowek.jpg"}],"twitter_card":"summary_large_image","twitter_misc":{"Szacowany czas czytania":"2 minuty"},"schema":{"@context":"https:\/\/schema.org","@graph":[{"@type":"WebPage","@id":"http:\/\/terapeuci.com.pl\/index.php\/terapia-on-line\/","url":"http:\/\/terapeuci.com.pl\/index.php\/terapia-on-line\/","name":"Terapia on-line - Terapia uzale\u017cnie\u0144, wsp\u00f3\u0142uzale\u017cnie\u0144, par, DDA, DDD","isPartOf":{"@id":"http:\/\/terapeuci.com.pl\/#website"},"primaryImageOfPage":{"@id":"http:\/\/terapeuci.com.pl\/index.php\/terapia-on-line\/#primaryimage"},"image":{"@id":"http:\/\/terapeuci.com.pl\/index.php\/terapia-on-line\/#primaryimage"},"thumbnailUrl":"http:\/\/terapeuci.com.pl\/wp-content\/uploads\/2023\/10\/wspoluzaleznienie_psycholog_terapeuta-uzaleznien_warszawa-targowek.jpg","datePublished":"2023-10-16T15:04:51+00:00","dateModified":"2023-11-12T10:49:44+00:00","description":"Terapia online r\u00f3\u017cni si\u0119 od terapii tradycyjnej tylko form\u0105 komunikacji.\u00a0Aby korzysta\u0107 z terapii online nie potrzeba nic wi\u0119cej opr\u00f3cz po\u0142\u0105czenia internetowego","breadcrumb":{"@id":"http:\/\/terapeuci.com.pl\/index.php\/terapia-on-line\/#breadcrumb"},"inLanguage":"pl-PL","potentialAction":[{"@type":"ReadAction","target":["http:\/\/terapeuci.com.pl\/index.php\/terapia-on-line\/"]}]},{"@type":"ImageObject","inLanguage":"pl-PL","@id":"http:\/\/terapeuci.com.pl\/index.php\/terapia-on-line\/#primaryimage","url":"http:\/\/terapeuci.com.pl\/wp-content\/uploads\/2023\/10\/wspoluzaleznienie_psycholog_terapeuta-uzaleznien_warszawa-targowek.jpg","contentUrl":"http:\/\/terapeuci.com.pl\/wp-content\/uploads\/2023\/10\/wspoluzaleznienie_psycholog_terapeuta-uzaleznien_warszawa-targowek.jpg","width":318,"height":159},{"@type":"BreadcrumbList","@id":"http:\/\/terapeuci.com.pl\/index.php\/terapia-on-line\/#breadcrumb","itemListElement":[{"@type":"ListItem","position":1,"name":"Strona g\u0142\u00f3wna","item":"https:\/\/terapeuci.com.pl\/"},{"@type":"ListItem","position":2,"name":"Terapia on-line"}]},{"@type":"WebSite","@id":"http:\/\/terapeuci.com.pl\/#website","url":"http:\/\/terapeuci.com.pl\/","name":"Terapia uzale\u017cnie\u0144, wsp\u00f3\u0142uzale\u017cnie\u0144, par, DDA, DDD","description":"Spraw, aby ka\u017cdy dzie\u0144 m\u00f3g\u0142 by\u0107 najpi\u0119kniejszym dniem Twojego \u017cycia","potentialAction":[{"@type":"SearchAction","target":{"@type":"EntryPoint","urlTemplate":"http:\/\/terapeuci.com.pl\/?s={search_term_string}"},"query-input":"required name=search_term_string"}],"inLanguage":"pl-PL"}]}},"_links":{"self":[{"href":"http:\/\/terapeuci.com.pl\/index.php\/wp-json\/wp\/v2\/pages\/211"}],"collection":[{"href":"http:\/\/terapeuci.com.pl\/index.php\/wp-json\/wp\/v2\/pages"}],"about":[{"href":"http:\/\/terapeuci.com.pl\/index.php\/wp-json\/wp\/v2\/types\/page"}],"author":[{"embeddable":true,"href":"http:\/\/terapeuci.com.pl\/index.php\/wp-json\/wp\/v2\/users\/1"}],"replies":[{"embeddable":true,"href":"http:\/\/terapeuci.com.pl\/index.php\/wp-json\/wp\/v2\/comments?post=211"}],"version-history":[{"count":3,"href":"http:\/\/terapeuci.com.pl\/index.php\/wp-json\/wp\/v2\/pages\/211\/revisions"}],"predecessor-version":[{"id":251,"href":"http:\/\/terapeuci.com.pl\/index.php\/wp-json\/wp\/v2\/pages\/211\/revisions\/251"}],"wp:attachment":[{"href":"http:\/\/terapeuci.com.pl\/index.php\/wp-json\/wp\/v2\/media?parent=211"}],"curies":[{"name":"wp","href":"https:\/\/api.w.org\/{rel}","templated":true}]}}