{"id":227,"date":"2023-10-16T17:38:36","date_gmt":"2023-10-16T15:38:36","guid":{"rendered":"http:\/\/terapeuci.com.pl\/?page_id=227"},"modified":"2023-11-12T11:55:18","modified_gmt":"2023-11-12T10:55:18","slug":"terapia-uzaleznien-emocjonalnych","status":"publish","type":"page","link":"http:\/\/terapeuci.com.pl\/index.php\/terapia-uzaleznien-emocjonalnych\/","title":{"rendered":"Terapia uzale\u017cnie\u0144 emocjonalnych"},"content":{"rendered":"\n<div class=\"wp-block-media-text alignfull is-stacked-on-mobile is-vertically-aligned-center\"><figure class=\"wp-block-media-text__media\"><img decoding=\"async\" loading=\"lazy\" width=\"770\" height=\"400\" src=\"http:\/\/terapeuci.com.pl\/wp-content\/uploads\/2023\/10\/uzaleznienie-emocjonalne_leczenie_warszawa.jpg\" alt=\"leczenie terapia psychoterapia uzale\u017cnie\u0144 emocjonalnych warszawa targ\u00f3wek\" class=\"wp-image-228 size-full\" srcset=\"http:\/\/terapeuci.com.pl\/wp-content\/uploads\/2023\/10\/uzaleznienie-emocjonalne_leczenie_warszawa.jpg 770w, http:\/\/terapeuci.com.pl\/wp-content\/uploads\/2023\/10\/uzaleznienie-emocjonalne_leczenie_warszawa-300x156.jpg 300w, http:\/\/terapeuci.com.pl\/wp-content\/uploads\/2023\/10\/uzaleznienie-emocjonalne_leczenie_warszawa-768x399.jpg 768w\" sizes=\"(max-width: 770px) 100vw, 770px\" \/><\/figure><div class=\"wp-block-media-text__content\">\n<h3 class=\"wp-block-heading has-text-align-center has-text-color\" id=\"h-uzaleznienie-emocjonalne-jest-szczegolnym-przypadkiem-uzaleznienia-psychicznego\" style=\"color:#000000\"><strong>Uzale\u017cnienie emocjonalne jest szczeg\u00f3lnym przypadkiem uzale\u017cnienia psychicznego.<\/strong><\/h3>\n\n\n\n<p class=\"has-text-align-center has-extra-small-font-size\">Dotyczy najcz\u0119\u015bciej uzale\u017cnienia od innej\/innych os\u00f3b, na przyk\u0142ad Partnera, rodzic\u00f3w, przyjaci\u00f3\u0142.<\/p>\n<\/div><\/div>\n\n\n\n<p>Uzale\u017cnienie emocjonalne<\/p>\n\n\n\n<p>Uzale\u017cnienie emocjonalne jest szczeg\u00f3lnym przypadkiem uzale\u017cnienia psychicznego. Dotyczy najcz\u0119\u015bciej uzale\u017cnienia od innej\/innych os\u00f3b, na przyk\u0142ad Partnera, rodzic\u00f3w, przyjaci\u00f3\u0142.<\/p>\n\n\n\n<p>Nie wi\u0105\u017ce si\u0119 ono bezpo\u015brednio z potrzeb\u0105 za\u017cycia \u015brodka chemicznego zmieniaj\u0105cego \u015bwiadomo\u015b\u0107 czy wykonania czynno\u015bci&nbsp; (w przypadku uzale\u017cnienia behawioralnego) , a z konieczno\u015bci\u0105 przebywania w towarzystwie jakiej\u015b osoby.&nbsp;<\/p>\n\n\n\n<p><strong>Uzale\u017cnienie emocjonalne<\/strong>&nbsp;to bardzo z\u0142o\u017cony stan. Zazwyczaj ma na niego wp\u0142yw wiele czynnik\u00f3w. W wi\u0119kszo\u015bci przypadk\u00f3w osoby uzale\u017cnione emocjonalnie nie s\u0105 tego \u015bwiadome. Osoby takie najcz\u0119\u015bciej my\u015bl\u0105, \u017ce ich problemy maj\u0105 zupe\u0142nie inne pod\u0142o\u017ce.<\/p>\n\n\n\n<p>Uzale\u017cnienie emocjonalne przypomina to, kt\u00f3re prze\u017cywa osoba uzale\u017cniona od innych zachowa\u0144 behawioralnych, czy nawet chemicznych. Cz\u0119sto uzale\u017cniony emocjonalnie odczuwa zesp\u00f3\u0142 odstawienny. Pojawiaj\u0105 si\u0119 epizody niepokoju i depresji. Wi\u0105\u017ce si\u0119 r\u00f3wnie\u017c z g\u0142\u0119bokim cierpieniem.<\/p>\n\n\n\n<p>Typowe przyk\u0142ady uzale\u017cnie\u0144 emocjonalnych<\/p>\n\n\n\n<p>&#8211; Uzale\u017cnienie od rodziny &#8211; ten typ zale\u017cno\u015bci si\u0142\u0105 rzeczy jest jednym z najtrudniejszych do pokonania. W tym przypadku dochodzi do prze\u015bwiadczenia nadmiernej odpowiedzialno\u015bci za cz\u0142onk\u00f3w rodziny, jak na przyk\u0142ad rodzic\u00f3w, brak umiej\u0119tno\u015bci samodzielnego \u017cycia i rozwi\u0105zywania problem\u00f3w bez udzia\u0142u rodziny. Brak zaufania do otaczaj\u0105cego \u015bwiata, problemy ze stworzeniem relacji z Partnerem, nadmierna zazdro\u015b\u0107, stany lekowe przy pr\u00f3bach rozpocz\u0119cia w\u0142asnego \u017cycia i pr\u00f3bach odci\u0119cia od rodziny. Zaczyna si\u0119 b\u0142\u0119dne ko\u0142o. Nie potrafi\u0119 \u017cy\u0107 sam, \u017cyj\u0119 \u017cyciem rodziny, nie w\u0142asnym, kompletnie zapominam o potrzebach swoich oraz o sobie. Cz\u0119sto pojawia si\u0119 l\u0119k czy panika, obwinianie samego siebie.&nbsp;<\/p>\n\n\n\n<p>&#8211; Uzale\u017cnienie emocjonalne w zwi\u0105zku to rodzaj uzale\u017cnienia spotykany bardzo cz\u0119sto. Jest r\u00f3wnie\u017c jednym z bardziej szkodliwych. Zak\u0142ada, \u017ce pozostawanie w zwi\u0105zku z drug\u0105 osob\u0105 nadaje sens \u017cyciu i chroni przed niewyobra\u017caln\u0105 samotno\u015bci\u0105. Dlatego dla wielu partner staje si\u0119 wszystkim. Dzieje si\u0119 tak nawet w przypadkach, gdzie dochodzi do przemocy ze strony Partnera. Osoba uzale\u017cniona oszukuje sam\u0105 siebie, buduj\u0105c fa\u0142szywy obraz Partnera, nadal wierz\u0105c, \u017ce jest on innym cz\u0142owiekiem. Mo\u017ce to wynika\u0107 ze wspomnie\u0144 z przesz\u0142o\u015bci, kiedy Partner na pocz\u0105tku zachowywa\u0142 si\u0119 zupe\u0142nie inaczej, z niskiego poczucia w\u0142asnej warto\u015bci, postaw uleg\u0142ych w \u017cyciu oraz wielu innych czynnik\u00f3w.<\/p>\n\n\n\n<p>W tym przypadku osoba uzale\u017cniona nie potrafi \u017cy\u0107 samodzielnie, bez partnera. Kiedy nast\u0119puje kres dotychczasowego zwi\u0105zku, niemal\u017ce natychmiast szuka kogo\u015b, kto wype\u0142ni pustk\u0119 powsta\u0142\u0105 po by\u0142ym ukochanym.<\/p>\n\n\n\n<p>Bardzo cz\u0119sto jednak te nowe relacje uczuciowe nie s\u0105 oparte na prawdziwej mi\u0142o\u015bci, lecz na fizycznej potrzebie bycia z kim\u015b. Gdy nie ma mi\u0119dzy partnerami uczucia, taki zwi\u0105zek szybko si\u0119 wypala. Zaczynamy si\u0119 ze sob\u0105 nudzi\u0107 i z czasem ka\u017cdy idzie w swoj\u0105 stron\u0119. I sytuacja powtarza si\u0119 kolejny raz. Nie jest to jednak regu\u0142\u0105. Inn\u0105 drog\u0105 jest rozpami\u0119tywanie Partnera, dalsze uleganie mu, nawet poni\u017caj\u0105c samego siebie. To mo\u017ce doprowadzi\u0107 do za\u0142amania nerwowego, depresji czy uzale\u017cnienia od \u015brodk\u00f3w chemicznych, jak alkohol, narkotyki czy leki lub jednego z innych uzaleznie\u0144 behawioralnych.<\/p>\n\n\n\n<p>&#8211; Trzeci przyk\u0142\u0105dowy rodzaj uzale\u017cnienia emocjonalnego to zale\u017cno\u015b\u0107 od spo\u0142ecze\u0144stwa. Jedn\u0105 z cech charakterystycznych jest niezwyk\u0142a potrzeba szukania akceptacji w r\u00f3\u017cnych kr\u0119gach spo\u0142ecznych lub otaczaj\u0105cym \u015brodowisku.<strong>&nbsp;Je\u015bli otoczenie nie wysy\u0142a bezpo\u015brednich sygna\u0142\u00f3w \u015bwiadcz\u0105cych o akceptacji, osoba taka odczuwa stan powa\u017cnego zagro\u017cenia, a nawet paniki.<\/strong><\/p>\n\n\n\n<p>Aby stan ten jako\u015b za\u017cegna\u0107, zrobi wszystko, co oka\u017ce si\u0119 niezb\u0119dne do tego, aby uzyska\u0107 psychiczne wynagrodzenie. Odrzucenie w oczach takiej osoby jest najgorszym mo\u017cliwym scenariuszem. Nie mo\u017ce si\u0119 wydarzy\u0107 dos\u0142ownie nic gorszego.<\/p>\n\n\n\n<p><strong>Aby ostatecznie uzyska\u0107 uznanie grupy osoba taka mo\u017ce sta\u0107 si\u0119 niezwykle podda\u0144cza i uleg\u0142a.<\/strong>&nbsp; Podejmie si\u0119 jakiegokolwiek po\u015bwi\u0119cenia, \u017ceby tylko unikn\u0105\u0107 odrzucenia.<\/p>\n\n\n\n<p>Niezale\u017cnie od tego, czy emocjonalne uzale\u017cnienie pojawia si\u0119 w rodzinie, w zwi\u0105zku czy w kontek\u015bcie spo\u0142ecznym,&nbsp;<strong>zawsze buduje si\u0119 na podstawie niskiego&nbsp;poczucia w\u0142asnej warto\u015bci.<\/strong>&nbsp;U os\u00f3b takich zawsze wyst\u0119puje czynnik, jakim jest brak \u015bwiadomo\u015bci w\u0142asnych mo\u017cliwo\u015bci. Uzale\u017cnienia emocjonalne bardzo cz\u0119sto pojawiaj\u0105 si\u0119 u os\u00f3b z syndromem DDA.<\/p>\n\n\n\n<p><strong>Wbrew pozorom wyj\u015bcie z na\u0142ogu emocjonalnego uzale\u017cnienia od partnera nie jest takie proste<\/strong>. Nie wystarczy jednak zda\u0107 sobie sprawy z problemu. Jego rozwi\u0105zanie i rozpocz\u0119cie nowego \u017cycia wymaga wiele czasu i pracy nad sob\u0105.<\/p>\n","protected":false},"excerpt":{"rendered":"<p>Uzale\u017cnienie emocjonalne jest szczeg\u00f3lnym przypadkiem uzale\u017cnienia psychicznego. Dotyczy najcz\u0119\u015bciej uzale\u017cnienia od innej\/innych os\u00f3b, na przyk\u0142ad Partnera, rodzic\u00f3w, przyjaci\u00f3\u0142. Uzale\u017cnienie emocjonalne Uzale\u017cnienie emocjonalne jest szczeg\u00f3lnym przypadkiem uzale\u017cnienia psychicznego. Dotyczy najcz\u0119\u015bciej uzale\u017cnienia od innej\/innych os\u00f3b, na przyk\u0142ad Partnera, rodzic\u00f3w, przyjaci\u00f3\u0142. Nie wi\u0105\u017ce si\u0119 ono bezpo\u015brednio z potrzeb\u0105 za\u017cycia \u015brodka chemicznego zmieniaj\u0105cego \u015bwiadomo\u015b\u0107 czy wykonania czynno\u015bci&nbsp; (w przypadku [&hellip;]<\/p>\n","protected":false},"author":1,"featured_media":0,"parent":0,"menu_order":0,"comment_status":"closed","ping_status":"closed","template":"","meta":{"om_disable_all_campaigns":false,"_monsterinsights_skip_tracking":false,"_monsterinsights_sitenote_active":false,"_monsterinsights_sitenote_note":"","_monsterinsights_sitenote_category":0,"footnotes":""},"aioseo_notices":[],"yoast_head":"<!-- This site is optimized with the Yoast SEO Premium plugin v21.3 (Yoast SEO v22.6) - https:\/\/yoast.com\/wordpress\/plugins\/seo\/ -->\n<title>Terapia uzale\u017cnie\u0144 emocjonalnych - Terapia uzale\u017cnie\u0144, wsp\u00f3\u0142uzale\u017cnie\u0144, par, DDA, DDD<\/title>\n<meta name=\"description\" content=\"Uzale\u017cnienie emocjonalne jest szczeg\u00f3lnym przypadkiem uzale\u017cnienia psychicznego.Dotyczy najcz\u0119\u015bciej uzale\u017cnienia od innej\/innych os\u00f3b, na przyk\u0142ad Partnera, rodzic\u00f3w, przyjaci\u00f3\u0142.\" \/>\n<meta name=\"robots\" content=\"index, follow, max-snippet:-1, max-image-preview:large, max-video-preview:-1\" \/>\n<link rel=\"canonical\" href=\"http:\/\/terapeuci.com.pl\/index.php\/terapia-uzaleznien-emocjonalnych\/\" \/>\n<meta property=\"og:locale\" content=\"pl_PL\" \/>\n<meta property=\"og:type\" content=\"article\" \/>\n<meta property=\"og:title\" content=\"Terapia uzale\u017cnie\u0144 emocjonalnych\" \/>\n<meta property=\"og:description\" content=\"Uzale\u017cnienie emocjonalne jest szczeg\u00f3lnym przypadkiem uzale\u017cnienia psychicznego.Dotyczy najcz\u0119\u015bciej uzale\u017cnienia od innej\/innych os\u00f3b, na przyk\u0142ad Partnera, rodzic\u00f3w, przyjaci\u00f3\u0142.\" \/>\n<meta property=\"og:url\" content=\"http:\/\/terapeuci.com.pl\/index.php\/terapia-uzaleznien-emocjonalnych\/\" \/>\n<meta property=\"og:site_name\" content=\"Terapia uzale\u017cnie\u0144, wsp\u00f3\u0142uzale\u017cnie\u0144, par, DDA, DDD\" \/>\n<meta property=\"article:modified_time\" content=\"2023-11-12T10:55:18+00:00\" \/>\n<meta property=\"og:image\" content=\"http:\/\/terapeuci.com.pl\/wp-content\/uploads\/2023\/10\/uzaleznienie-emocjonalne_leczenie_warszawa.jpg\" \/>\n<meta name=\"twitter:card\" content=\"summary_large_image\" \/>\n<meta name=\"twitter:label1\" content=\"Szacowany czas czytania\" \/>\n\t<meta name=\"twitter:data1\" content=\"4 minuty\" \/>\n<script type=\"application\/ld+json\" class=\"yoast-schema-graph\">{\"@context\":\"https:\/\/schema.org\",\"@graph\":[{\"@type\":\"WebPage\",\"@id\":\"http:\/\/terapeuci.com.pl\/index.php\/terapia-uzaleznien-emocjonalnych\/\",\"url\":\"http:\/\/terapeuci.com.pl\/index.php\/terapia-uzaleznien-emocjonalnych\/\",\"name\":\"Terapia uzale\u017cnie\u0144 emocjonalnych - Terapia uzale\u017cnie\u0144, wsp\u00f3\u0142uzale\u017cnie\u0144, par, DDA, DDD\",\"isPartOf\":{\"@id\":\"http:\/\/terapeuci.com.pl\/#website\"},\"primaryImageOfPage\":{\"@id\":\"http:\/\/terapeuci.com.pl\/index.php\/terapia-uzaleznien-emocjonalnych\/#primaryimage\"},\"image\":{\"@id\":\"http:\/\/terapeuci.com.pl\/index.php\/terapia-uzaleznien-emocjonalnych\/#primaryimage\"},\"thumbnailUrl\":\"http:\/\/terapeuci.com.pl\/wp-content\/uploads\/2023\/10\/uzaleznienie-emocjonalne_leczenie_warszawa.jpg\",\"datePublished\":\"2023-10-16T15:38:36+00:00\",\"dateModified\":\"2023-11-12T10:55:18+00:00\",\"description\":\"Uzale\u017cnienie emocjonalne jest szczeg\u00f3lnym przypadkiem uzale\u017cnienia psychicznego.Dotyczy najcz\u0119\u015bciej uzale\u017cnienia od innej\/innych os\u00f3b, na przyk\u0142ad Partnera, rodzic\u00f3w, przyjaci\u00f3\u0142.\",\"breadcrumb\":{\"@id\":\"http:\/\/terapeuci.com.pl\/index.php\/terapia-uzaleznien-emocjonalnych\/#breadcrumb\"},\"inLanguage\":\"pl-PL\",\"potentialAction\":[{\"@type\":\"ReadAction\",\"target\":[\"http:\/\/terapeuci.com.pl\/index.php\/terapia-uzaleznien-emocjonalnych\/\"]}]},{\"@type\":\"ImageObject\",\"inLanguage\":\"pl-PL\",\"@id\":\"http:\/\/terapeuci.com.pl\/index.php\/terapia-uzaleznien-emocjonalnych\/#primaryimage\",\"url\":\"http:\/\/terapeuci.com.pl\/wp-content\/uploads\/2023\/10\/uzaleznienie-emocjonalne_leczenie_warszawa.jpg\",\"contentUrl\":\"http:\/\/terapeuci.com.pl\/wp-content\/uploads\/2023\/10\/uzaleznienie-emocjonalne_leczenie_warszawa.jpg\",\"width\":770,\"height\":400,\"caption\":\"leczenie uzale\u017cnie\u0144 emocjonalnych warszawa\"},{\"@type\":\"BreadcrumbList\",\"@id\":\"http:\/\/terapeuci.com.pl\/index.php\/terapia-uzaleznien-emocjonalnych\/#breadcrumb\",\"itemListElement\":[{\"@type\":\"ListItem\",\"position\":1,\"name\":\"Strona g\u0142\u00f3wna\",\"item\":\"https:\/\/terapeuci.com.pl\/\"},{\"@type\":\"ListItem\",\"position\":2,\"name\":\"Terapia uzale\u017cnie\u0144 emocjonalnych\"}]},{\"@type\":\"WebSite\",\"@id\":\"http:\/\/terapeuci.com.pl\/#website\",\"url\":\"http:\/\/terapeuci.com.pl\/\",\"name\":\"Terapia uzale\u017cnie\u0144, wsp\u00f3\u0142uzale\u017cnie\u0144, par, DDA, DDD\",\"description\":\"Spraw, aby ka\u017cdy dzie\u0144 m\u00f3g\u0142 by\u0107 najpi\u0119kniejszym dniem Twojego \u017cycia\",\"potentialAction\":[{\"@type\":\"SearchAction\",\"target\":{\"@type\":\"EntryPoint\",\"urlTemplate\":\"http:\/\/terapeuci.com.pl\/?s={search_term_string}\"},\"query-input\":\"required name=search_term_string\"}],\"inLanguage\":\"pl-PL\"}]}<\/script>\n<!-- \/ Yoast SEO Premium plugin. -->","yoast_head_json":{"title":"Terapia uzale\u017cnie\u0144 emocjonalnych - Terapia uzale\u017cnie\u0144, wsp\u00f3\u0142uzale\u017cnie\u0144, par, DDA, DDD","description":"Uzale\u017cnienie emocjonalne jest szczeg\u00f3lnym przypadkiem uzale\u017cnienia psychicznego.Dotyczy najcz\u0119\u015bciej uzale\u017cnienia od innej\/innych os\u00f3b, na przyk\u0142ad Partnera, rodzic\u00f3w, przyjaci\u00f3\u0142.","robots":{"index":"index","follow":"follow","max-snippet":"max-snippet:-1","max-image-preview":"max-image-preview:large","max-video-preview":"max-video-preview:-1"},"canonical":"http:\/\/terapeuci.com.pl\/index.php\/terapia-uzaleznien-emocjonalnych\/","og_locale":"pl_PL","og_type":"article","og_title":"Terapia uzale\u017cnie\u0144 emocjonalnych","og_description":"Uzale\u017cnienie emocjonalne jest szczeg\u00f3lnym przypadkiem uzale\u017cnienia psychicznego.Dotyczy najcz\u0119\u015bciej uzale\u017cnienia od innej\/innych os\u00f3b, na przyk\u0142ad Partnera, rodzic\u00f3w, przyjaci\u00f3\u0142.","og_url":"http:\/\/terapeuci.com.pl\/index.php\/terapia-uzaleznien-emocjonalnych\/","og_site_name":"Terapia uzale\u017cnie\u0144, wsp\u00f3\u0142uzale\u017cnie\u0144, par, DDA, DDD","article_modified_time":"2023-11-12T10:55:18+00:00","og_image":[{"url":"http:\/\/terapeuci.com.pl\/wp-content\/uploads\/2023\/10\/uzaleznienie-emocjonalne_leczenie_warszawa.jpg"}],"twitter_card":"summary_large_image","twitter_misc":{"Szacowany czas czytania":"4 minuty"},"schema":{"@context":"https:\/\/schema.org","@graph":[{"@type":"WebPage","@id":"http:\/\/terapeuci.com.pl\/index.php\/terapia-uzaleznien-emocjonalnych\/","url":"http:\/\/terapeuci.com.pl\/index.php\/terapia-uzaleznien-emocjonalnych\/","name":"Terapia uzale\u017cnie\u0144 emocjonalnych - Terapia uzale\u017cnie\u0144, wsp\u00f3\u0142uzale\u017cnie\u0144, par, DDA, DDD","isPartOf":{"@id":"http:\/\/terapeuci.com.pl\/#website"},"primaryImageOfPage":{"@id":"http:\/\/terapeuci.com.pl\/index.php\/terapia-uzaleznien-emocjonalnych\/#primaryimage"},"image":{"@id":"http:\/\/terapeuci.com.pl\/index.php\/terapia-uzaleznien-emocjonalnych\/#primaryimage"},"thumbnailUrl":"http:\/\/terapeuci.com.pl\/wp-content\/uploads\/2023\/10\/uzaleznienie-emocjonalne_leczenie_warszawa.jpg","datePublished":"2023-10-16T15:38:36+00:00","dateModified":"2023-11-12T10:55:18+00:00","description":"Uzale\u017cnienie emocjonalne jest szczeg\u00f3lnym przypadkiem uzale\u017cnienia psychicznego.Dotyczy najcz\u0119\u015bciej uzale\u017cnienia od innej\/innych os\u00f3b, na przyk\u0142ad Partnera, rodzic\u00f3w, przyjaci\u00f3\u0142.","breadcrumb":{"@id":"http:\/\/terapeuci.com.pl\/index.php\/terapia-uzaleznien-emocjonalnych\/#breadcrumb"},"inLanguage":"pl-PL","potentialAction":[{"@type":"ReadAction","target":["http:\/\/terapeuci.com.pl\/index.php\/terapia-uzaleznien-emocjonalnych\/"]}]},{"@type":"ImageObject","inLanguage":"pl-PL","@id":"http:\/\/terapeuci.com.pl\/index.php\/terapia-uzaleznien-emocjonalnych\/#primaryimage","url":"http:\/\/terapeuci.com.pl\/wp-content\/uploads\/2023\/10\/uzaleznienie-emocjonalne_leczenie_warszawa.jpg","contentUrl":"http:\/\/terapeuci.com.pl\/wp-content\/uploads\/2023\/10\/uzaleznienie-emocjonalne_leczenie_warszawa.jpg","width":770,"height":400,"caption":"leczenie uzale\u017cnie\u0144 emocjonalnych warszawa"},{"@type":"BreadcrumbList","@id":"http:\/\/terapeuci.com.pl\/index.php\/terapia-uzaleznien-emocjonalnych\/#breadcrumb","itemListElement":[{"@type":"ListItem","position":1,"name":"Strona g\u0142\u00f3wna","item":"https:\/\/terapeuci.com.pl\/"},{"@type":"ListItem","position":2,"name":"Terapia uzale\u017cnie\u0144 emocjonalnych"}]},{"@type":"WebSite","@id":"http:\/\/terapeuci.com.pl\/#website","url":"http:\/\/terapeuci.com.pl\/","name":"Terapia uzale\u017cnie\u0144, wsp\u00f3\u0142uzale\u017cnie\u0144, par, DDA, DDD","description":"Spraw, aby ka\u017cdy dzie\u0144 m\u00f3g\u0142 by\u0107 najpi\u0119kniejszym dniem Twojego \u017cycia","potentialAction":[{"@type":"SearchAction","target":{"@type":"EntryPoint","urlTemplate":"http:\/\/terapeuci.com.pl\/?s={search_term_string}"},"query-input":"required name=search_term_string"}],"inLanguage":"pl-PL"}]}},"_links":{"self":[{"href":"http:\/\/terapeuci.com.pl\/index.php\/wp-json\/wp\/v2\/pages\/227"}],"collection":[{"href":"http:\/\/terapeuci.com.pl\/index.php\/wp-json\/wp\/v2\/pages"}],"about":[{"href":"http:\/\/terapeuci.com.pl\/index.php\/wp-json\/wp\/v2\/types\/page"}],"author":[{"embeddable":true,"href":"http:\/\/terapeuci.com.pl\/index.php\/wp-json\/wp\/v2\/users\/1"}],"replies":[{"embeddable":true,"href":"http:\/\/terapeuci.com.pl\/index.php\/wp-json\/wp\/v2\/comments?post=227"}],"version-history":[{"count":2,"href":"http:\/\/terapeuci.com.pl\/index.php\/wp-json\/wp\/v2\/pages\/227\/revisions"}],"predecessor-version":[{"id":255,"href":"http:\/\/terapeuci.com.pl\/index.php\/wp-json\/wp\/v2\/pages\/227\/revisions\/255"}],"wp:attachment":[{"href":"http:\/\/terapeuci.com.pl\/index.php\/wp-json\/wp\/v2\/media?parent=227"}],"curies":[{"name":"wp","href":"https:\/\/api.w.org\/{rel}","templated":true}]}}