{"id":10,"date":"2023-08-21T22:07:49","date_gmt":"2023-08-21T20:07:49","guid":{"rendered":"http:\/\/terapeuci.com.pl\/?page_id=10"},"modified":"2023-11-12T11:27:30","modified_gmt":"2023-11-12T10:27:30","slug":"kontakt","status":"publish","type":"page","link":"https:\/\/terapeuci.com.pl\/index.php\/kontakt\/","title":{"rendered":"Kontakt"},"content":{"rendered":"\n<p>Strona z podstawowymi informacjami kontaktowymi, takimi jak adres, numer telefonu. Mo\u017cna tak\u017ce spr\u00f3bowa\u0107 wtyczki, za pomoc\u0105 kt\u00f3rej dodamy formularz kontaktowy.<\/p>\n\n\n\n<p>Masz pytania? Chcesz si\u0119 um\u00f3wi\u0107 na sesj\u0119 diagnostyczn\u0105? Szukasz pomocy dla siebie lub kogo\u015b bliskiego?<\/p>\n\n\n\n<p><a href=\"mailto:piotr@terapeuci.com.pl\">Napisz do nas piotr@terapeuci.com.pl<\/a><\/p>\n\n\n\n<p><a href=\"tel:+48537447111\">lub zadzwo\u0144: +48 537 447 111<\/a><\/p>\n\n\n\n<p><\/p>\n\n\n\n<p>lub skorzystaj z formularza poni\u017cej. Skontaktujemy si\u0119 na podany adres email lub oddzwonimy najszybciej, jak to b\u0119dzie mo\u017cliwe<\/p>\n\n\n\n<div class=\"wpcf7 no-js\" id=\"wpcf7-f58-o1\" lang=\"pl-PL\" dir=\"ltr\">\n<div class=\"screen-reader-response\"><p role=\"status\" aria-live=\"polite\" aria-atomic=\"true\"><\/p> <ul><\/ul><\/div>\n<form action=\"\/index.php\/wp-json\/wp\/v2\/pages\/10#wpcf7-f58-o1\" method=\"post\" class=\"wpcf7-form init\" aria-label=\"Formularz kontaktowy\" novalidate=\"novalidate\" data-status=\"init\">\n<div style=\"display: none;\">\n<input type=\"hidden\" name=\"_wpcf7\" value=\"58\" \/>\n<input type=\"hidden\" name=\"_wpcf7_version\" value=\"5.9.8\" \/>\n<input type=\"hidden\" name=\"_wpcf7_locale\" value=\"pl_PL\" \/>\n<input type=\"hidden\" name=\"_wpcf7_unit_tag\" value=\"wpcf7-f58-o1\" \/>\n<input type=\"hidden\" name=\"_wpcf7_container_post\" value=\"0\" \/>\n<input type=\"hidden\" name=\"_wpcf7_posted_data_hash\" value=\"\" \/>\n<\/div>\n<p><label> Twoje imi\u0119 i nazwisko<br \/>\n<span class=\"wpcf7-form-control-wrap\" data-name=\"your-name\"><input size=\"40\" maxlength=\"400\" class=\"wpcf7-form-control wpcf7-text wpcf7-validates-as-required\" autocomplete=\"name\" aria-required=\"true\" aria-invalid=\"false\" value=\"\" type=\"text\" name=\"your-name\" \/><\/span> <\/label>\n<\/p>\n<p><label> Tw\u00f3j adres e-mail<br \/>\n<span class=\"wpcf7-form-control-wrap\" data-name=\"your-email\"><input size=\"40\" maxlength=\"400\" class=\"wpcf7-form-control wpcf7-email wpcf7-validates-as-required wpcf7-text wpcf7-validates-as-email\" autocomplete=\"email\" aria-required=\"true\" aria-invalid=\"false\" value=\"\" type=\"email\" name=\"your-email\" \/><\/span> <\/label>\n<\/p>\n<p><label> Temat<br \/>\n<span class=\"wpcf7-form-control-wrap\" data-name=\"your-subject\"><input size=\"40\" maxlength=\"400\" class=\"wpcf7-form-control wpcf7-text wpcf7-validates-as-required\" aria-required=\"true\" aria-invalid=\"false\" value=\"\" type=\"text\" name=\"your-subject\" \/><\/span> <\/label>\n<\/p>\n<p><label> Twoja wiadomo\u015bci (opcjonalne)<br \/>\n<span class=\"wpcf7-form-control-wrap\" data-name=\"your-message\"><textarea cols=\"40\" rows=\"10\" maxlength=\"2000\" class=\"wpcf7-form-control wpcf7-textarea\" aria-invalid=\"false\" name=\"your-message\"><\/textarea><\/span> <\/label>\n<\/p>\n<p><input class=\"wpcf7-form-control wpcf7-submit has-spinner\" type=\"submit\" value=\"Wy\u015blij\" \/>\n<\/p><div class=\"wpcf7-response-output\" aria-hidden=\"true\"><\/div>\n<\/form>\n<\/div>\n\n","protected":false},"excerpt":{"rendered":"<p>Strona z podstawowymi informacjami kontaktowymi, takimi jak adres, numer telefonu. Mo\u017cna tak\u017ce spr\u00f3bowa\u0107 wtyczki, za pomoc\u0105 kt\u00f3rej dodamy formularz kontaktowy. Masz pytania? Chcesz si\u0119 um\u00f3wi\u0107 na sesj\u0119 diagnostyczn\u0105? Szukasz pomocy dla siebie lub kogo\u015b bliskiego? Napisz do nas piotr@terapeuci.com.pl lub zadzwo\u0144: +48 537 447 111 lub skorzystaj z formularza poni\u017cej. Skontaktujemy si\u0119 na podany adres [&hellip;]<\/p>\n","protected":false},"author":1,"featured_media":0,"parent":0,"menu_order":0,"comment_status":"closed","ping_status":"closed","template":"","meta":{"om_disable_all_campaigns":false,"_monsterinsights_skip_tracking":false,"_monsterinsights_sitenote_active":false,"_monsterinsights_sitenote_note":"","_monsterinsights_sitenote_category":0,"footnotes":""},"aioseo_notices":[],"yoast_head":"<!-- This site is optimized with the Yoast SEO Premium plugin v21.3 (Yoast SEO v22.6) - https:\/\/yoast.com\/wordpress\/plugins\/seo\/ -->\n<title>Kontakt - Terapia uzale\u017cnie\u0144, wsp\u00f3\u0142uzale\u017cnie\u0144, par, DDA, DDD<\/title>\n<meta name=\"robots\" content=\"index, follow, max-snippet:-1, max-image-preview:large, max-video-preview:-1\" \/>\n<link rel=\"canonical\" href=\"https:\/\/terapeuci.com.pl\/index.php\/kontakt\/\" \/>\n<meta property=\"og:locale\" content=\"pl_PL\" \/>\n<meta property=\"og:type\" content=\"article\" \/>\n<meta property=\"og:title\" content=\"Kontakt\" \/>\n<meta property=\"og:description\" content=\"Strona z podstawowymi informacjami kontaktowymi, takimi jak adres, numer telefonu. Mo\u017cna tak\u017ce spr\u00f3bowa\u0107 wtyczki, za pomoc\u0105 kt\u00f3rej dodamy formularz kontaktowy. Masz pytania? Chcesz si\u0119 um\u00f3wi\u0107 na sesj\u0119 diagnostyczn\u0105? Szukasz pomocy dla siebie lub kogo\u015b bliskiego? Napisz do nas piotr@terapeuci.com.pl lub zadzwo\u0144: +48 537 447 111 lub skorzystaj z formularza poni\u017cej. Skontaktujemy si\u0119 na podany adres [&hellip;]\" \/>\n<meta property=\"og:url\" content=\"https:\/\/terapeuci.com.pl\/index.php\/kontakt\/\" \/>\n<meta property=\"og:site_name\" content=\"Terapia uzale\u017cnie\u0144, wsp\u00f3\u0142uzale\u017cnie\u0144, par, DDA, DDD\" \/>\n<meta property=\"article:modified_time\" content=\"2023-11-12T10:27:30+00:00\" \/>\n<meta name=\"twitter:card\" content=\"summary_large_image\" \/>\n<meta name=\"twitter:label1\" content=\"Szacowany czas czytania\" \/>\n\t<meta name=\"twitter:data1\" content=\"1 minuta\" \/>\n<script type=\"application\/ld+json\" class=\"yoast-schema-graph\">{\"@context\":\"https:\/\/schema.org\",\"@graph\":[{\"@type\":\"WebPage\",\"@id\":\"https:\/\/terapeuci.com.pl\/index.php\/kontakt\/\",\"url\":\"https:\/\/terapeuci.com.pl\/index.php\/kontakt\/\",\"name\":\"Kontakt - Terapia uzale\u017cnie\u0144, wsp\u00f3\u0142uzale\u017cnie\u0144, par, DDA, DDD\",\"isPartOf\":{\"@id\":\"http:\/\/terapeuci.com.pl\/#website\"},\"datePublished\":\"2023-08-21T20:07:49+00:00\",\"dateModified\":\"2023-11-12T10:27:30+00:00\",\"breadcrumb\":{\"@id\":\"https:\/\/terapeuci.com.pl\/index.php\/kontakt\/#breadcrumb\"},\"inLanguage\":\"pl-PL\",\"potentialAction\":[{\"@type\":\"ReadAction\",\"target\":[\"https:\/\/terapeuci.com.pl\/index.php\/kontakt\/\"]}]},{\"@type\":\"BreadcrumbList\",\"@id\":\"https:\/\/terapeuci.com.pl\/index.php\/kontakt\/#breadcrumb\",\"itemListElement\":[{\"@type\":\"ListItem\",\"position\":1,\"name\":\"Strona g\u0142\u00f3wna\",\"item\":\"https:\/\/terapeuci.com.pl\/\"},{\"@type\":\"ListItem\",\"position\":2,\"name\":\"Kontakt\"}]},{\"@type\":\"WebSite\",\"@id\":\"http:\/\/terapeuci.com.pl\/#website\",\"url\":\"http:\/\/terapeuci.com.pl\/\",\"name\":\"Terapia uzale\u017cnie\u0144, wsp\u00f3\u0142uzale\u017cnie\u0144, par, DDA, DDD\",\"description\":\"Spraw, aby ka\u017cdy dzie\u0144 m\u00f3g\u0142 by\u0107 najpi\u0119kniejszym dniem Twojego \u017cycia\",\"potentialAction\":[{\"@type\":\"SearchAction\",\"target\":{\"@type\":\"EntryPoint\",\"urlTemplate\":\"http:\/\/terapeuci.com.pl\/?s={search_term_string}\"},\"query-input\":\"required name=search_term_string\"}],\"inLanguage\":\"pl-PL\"}]}<\/script>\n<!-- \/ Yoast SEO Premium plugin. -->","yoast_head_json":{"title":"Kontakt - Terapia uzale\u017cnie\u0144, wsp\u00f3\u0142uzale\u017cnie\u0144, par, DDA, DDD","robots":{"index":"index","follow":"follow","max-snippet":"max-snippet:-1","max-image-preview":"max-image-preview:large","max-video-preview":"max-video-preview:-1"},"canonical":"https:\/\/terapeuci.com.pl\/index.php\/kontakt\/","og_locale":"pl_PL","og_type":"article","og_title":"Kontakt","og_description":"Strona z podstawowymi informacjami kontaktowymi, takimi jak adres, numer telefonu. Mo\u017cna tak\u017ce spr\u00f3bowa\u0107 wtyczki, za pomoc\u0105 kt\u00f3rej dodamy formularz kontaktowy. Masz pytania? Chcesz si\u0119 um\u00f3wi\u0107 na sesj\u0119 diagnostyczn\u0105? Szukasz pomocy dla siebie lub kogo\u015b bliskiego? Napisz do nas piotr@terapeuci.com.pl lub zadzwo\u0144: +48 537 447 111 lub skorzystaj z formularza poni\u017cej. Skontaktujemy si\u0119 na podany adres [&hellip;]","og_url":"https:\/\/terapeuci.com.pl\/index.php\/kontakt\/","og_site_name":"Terapia uzale\u017cnie\u0144, wsp\u00f3\u0142uzale\u017cnie\u0144, par, DDA, DDD","article_modified_time":"2023-11-12T10:27:30+00:00","twitter_card":"summary_large_image","twitter_misc":{"Szacowany czas czytania":"1 minuta"},"schema":{"@context":"https:\/\/schema.org","@graph":[{"@type":"WebPage","@id":"https:\/\/terapeuci.com.pl\/index.php\/kontakt\/","url":"https:\/\/terapeuci.com.pl\/index.php\/kontakt\/","name":"Kontakt - Terapia uzale\u017cnie\u0144, wsp\u00f3\u0142uzale\u017cnie\u0144, par, DDA, DDD","isPartOf":{"@id":"http:\/\/terapeuci.com.pl\/#website"},"datePublished":"2023-08-21T20:07:49+00:00","dateModified":"2023-11-12T10:27:30+00:00","breadcrumb":{"@id":"https:\/\/terapeuci.com.pl\/index.php\/kontakt\/#breadcrumb"},"inLanguage":"pl-PL","potentialAction":[{"@type":"ReadAction","target":["https:\/\/terapeuci.com.pl\/index.php\/kontakt\/"]}]},{"@type":"BreadcrumbList","@id":"https:\/\/terapeuci.com.pl\/index.php\/kontakt\/#breadcrumb","itemListElement":[{"@type":"ListItem","position":1,"name":"Strona g\u0142\u00f3wna","item":"https:\/\/terapeuci.com.pl\/"},{"@type":"ListItem","position":2,"name":"Kontakt"}]},{"@type":"WebSite","@id":"http:\/\/terapeuci.com.pl\/#website","url":"http:\/\/terapeuci.com.pl\/","name":"Terapia uzale\u017cnie\u0144, wsp\u00f3\u0142uzale\u017cnie\u0144, par, DDA, DDD","description":"Spraw, aby ka\u017cdy dzie\u0144 m\u00f3g\u0142 by\u0107 najpi\u0119kniejszym dniem Twojego \u017cycia","potentialAction":[{"@type":"SearchAction","target":{"@type":"EntryPoint","urlTemplate":"http:\/\/terapeuci.com.pl\/?s={search_term_string}"},"query-input":"required name=search_term_string"}],"inLanguage":"pl-PL"}]}},"_links":{"self":[{"href":"https:\/\/terapeuci.com.pl\/index.php\/wp-json\/wp\/v2\/pages\/10"}],"collection":[{"href":"https:\/\/terapeuci.com.pl\/index.php\/wp-json\/wp\/v2\/pages"}],"about":[{"href":"https:\/\/terapeuci.com.pl\/index.php\/wp-json\/wp\/v2\/types\/page"}],"author":[{"embeddable":true,"href":"https:\/\/terapeuci.com.pl\/index.php\/wp-json\/wp\/v2\/users\/1"}],"replies":[{"embeddable":true,"href":"https:\/\/terapeuci.com.pl\/index.php\/wp-json\/wp\/v2\/comments?post=10"}],"version-history":[{"count":5,"href":"https:\/\/terapeuci.com.pl\/index.php\/wp-json\/wp\/v2\/pages\/10\/revisions"}],"predecessor-version":[{"id":77,"href":"https:\/\/terapeuci.com.pl\/index.php\/wp-json\/wp\/v2\/pages\/10\/revisions\/77"}],"wp:attachment":[{"href":"https:\/\/terapeuci.com.pl\/index.php\/wp-json\/wp\/v2\/media?parent=10"}],"curies":[{"name":"wp","href":"https:\/\/api.w.org\/{rel}","templated":true}]}}