{"id":40,"date":"2023-08-22T12:04:01","date_gmt":"2023-08-22T10:04:01","guid":{"rendered":"http:\/\/terapeuci.com.pl\/?page_id=40"},"modified":"2023-11-12T11:40:20","modified_gmt":"2023-11-12T10:40:20","slug":"nasza-oferta","status":"publish","type":"page","link":"https:\/\/terapeuci.com.pl\/index.php\/nasza-oferta\/","title":{"rendered":"Oferta szczeg\u00f3\u0142owa"},"content":{"rendered":"\n<p>Specjalizujemy si\u0119 w terapii w trybie ambulatoryjnym oraz on-line os\u00f3b uzale\u017cnionych, wsp\u00f3\u0142uzale\u017cnionych, par, leczenia syndromu DDA i DDD. Wsp\u00f3\u0142pracujemy z dwoma o\u015brodkami terapii uzale\u017cnie\u0144 w trybie stacjonarnym (wraz z detoksykacj\u0105) w Warszawie i Konstancinie-Jeziorna. Ponadto w naszym zespole jest dw\u00f3jka ratownik\u00f3w medycznych, kt\u00f3rzy prowadz\u0105 odtrucia domowe. Na \u017cyczenie bliskich os\u00f3b uzale\u017cnionych prowadzimy interwencje kryzysowe.<\/p>\n\n\n\n<div class=\"wp-block-columns alignwide is-layout-flex wp-container-7 wp-block-columns-is-layout-flex\" style=\"margin-bottom:0\">\n<div class=\"wp-block-column has-text-color has-background has-link-color wp-elements-1e6514745b2399bcbc73a355ce514caf is-layout-flow wp-block-column-is-layout-flow\" style=\"color:#000000;background-color:#ffe97d;padding-top:2em;padding-right:2em;padding-bottom:2em;padding-left:2em\">\n<h2 class=\"wp-block-heading has-text-align-center\" id=\"single\" style=\"font-size:40px\"><strong>Terapia uzale\u017cnie\u0144<\/strong><\/h2>\n\n\n\n<p class=\"has-normal-font-size\" style=\"line-height:1.5\"><strong>Leczymy uzale\u017cnienia chemiczne, takie jak alkohol, narkotyki, leki, dopalacze, a tak\u017ce uzale\u017cnienia behawioralne, jak hazard, zakupoholizm oraz inne.<\/strong><\/p>\n\n\n\n<hr class=\"wp-block-separator has-text-color has-css-opacity has-background is-style-wide\" style=\"background-color:#000000;color:#000000\"\/>\n\n\n\n<ul class=\"has-normal-font-size\">\n<li>Program terapii dostosowany dla ka\u017cdego, tak\u017ce dla pracuj\u0105cych<\/li>\n\n\n\n<li>Ponad 15 letnie do\u015bwiadczenie<\/li>\n\n\n\n<li>Terapia systemowa<\/li>\n<\/ul>\n\n\n\n<div class=\"wp-block-buttons alignfull is-horizontal is-content-justification-center is-layout-flex wp-container-1 wp-block-buttons-is-layout-flex\">\n<div class=\"wp-block-button has-custom-width wp-block-button__width-100\"><a class=\"wp-block-button__link has-white-color has-text-color has-background no-border-radius wp-element-button\" style=\"background-color:#000000\">od 150 PLN sesja indywidualna<\/a><\/div>\n\n\n\n<div class=\"wp-block-button has-custom-width wp-block-button__width-100\"><a class=\"wp-block-button__link has-white-color has-text-color has-background no-border-radius wp-element-button\" style=\"background-color:#000000\">pobyt stacjonarny &#8211; zadzwo\u0144<\/a><\/div>\n<\/div>\n<\/div>\n\n\n\n<div class=\"wp-block-column has-text-color has-background has-link-color wp-elements-00b5181eabdb46474b1a6d2495351673 is-layout-flow wp-block-column-is-layout-flow\" style=\"color:#000000;background-color:#d1d1e1;padding-top:2em;padding-right:2em;padding-bottom:2em;padding-left:2em\">\n<h3 class=\"wp-block-heading alignfull has-text-align-center\" id=\"family\" style=\"font-size:40px\"><strong>Terapia dla os\u00f3b wsp\u00f3\u0142uzale\u017cnio-nych<\/strong><\/h3>\n\n\n\n<p><strong>Wsp\u00f3\u0142uzale\u017cnienie to zesp\u00f3\u0142 zachowa\u0144 i zaburze\u0144, kt\u00f3re charakteryzuj\u0105 osoby znajduj\u0105ce si\u0119 najbli\u017cszym otoczeniu os\u00f3b uzale\u017cnionych.<\/strong><\/p>\n\n\n\n<p><strong>Je\u017celi<\/strong><\/p>\n\n\n\n<ul class=\"has-normal-font-size\">\n<li>codziennie zastanawiasz si\u0119, jak wyrwa\u0107 z uzale\u017cnienia blisk\u0105 osob\u0119<\/li>\n\n\n\n<li>\u017cyjesz w ci\u0105g\u0142ym l\u0119ku<\/li>\n\n\n\n<li>czujesz bezsilno\u015b\u0107 i bezradno\u015b\u0107<\/li>\n<\/ul>\n\n\n\n<p>to mo\u017ce by\u0107 wsp\u00f3\u0142uzale\u017cnienie<\/p>\n\n\n\n<hr class=\"wp-block-separator has-css-opacity is-style-wide\"\/>\n\n\n\n<div class=\"wp-block-buttons alignfull is-horizontal is-content-justification-center is-layout-flex wp-container-3 wp-block-buttons-is-layout-flex\">\n<div class=\"wp-block-button has-custom-width wp-block-button__width-100 is-style-fill\"><a class=\"wp-block-button__link has-white-color has-text-color has-background no-border-radius wp-element-button\" style=\"background-color:#000000\">od 150 PLN sesja indywidualna<\/a><\/div>\n<\/div>\n<\/div>\n\n\n\n<div class=\"wp-block-column has-text-color has-background has-link-color wp-elements-274f0feaa524047e1d46441248baec26 is-layout-flow wp-block-column-is-layout-flow\" style=\"color:#000000;background-color:#c0ebf1;padding-top:2em;padding-right:2em;padding-bottom:2em;padding-left:2em\">\n<h2 class=\"wp-block-heading has-text-align-center\" id=\"patron\" style=\"font-size:40px\"><strong>Terapia systemowa<\/strong><\/h2>\n\n\n\n<p class=\"has-normal-font-size\"><strong>Terapia rodzinna systemowa to rodzaj terapii rodzinnej, kt\u00f3ry skupia si\u0119 na pracy z ca\u0142\u0105 rodzin\u0105, a nie tylko z osob\u0105 uzale\u017cnion\u0105.<\/strong><\/p>\n\n\n\n<hr class=\"wp-block-separator has-css-opacity is-style-wide\"\/>\n\n\n\n<ul class=\"has-normal-font-size\">\n<li>Terapia par w odniesieniu do terapii systemowej<\/li>\n\n\n\n<li>Regularne spotkania w formie ambulatoryjnej<\/li>\n\n\n\n<li>Skuteczna forma terapii dla os\u00f3b uzale\u017cnionych i wsp\u00f3\u0142uzale\u017cnionych<\/li>\n<\/ul>\n\n\n\n<div class=\"wp-block-buttons alignfull is-horizontal is-content-justification-center is-layout-flex wp-container-5 wp-block-buttons-is-layout-flex\">\n<div class=\"wp-block-button has-custom-width wp-block-button__width-100\"><a class=\"wp-block-button__link has-white-color has-text-color has-background no-border-radius wp-element-button\" style=\"background-color:#000000\">od 150 PLN sesja<\/a><\/div>\n\n\n\n<div class=\"wp-block-button has-custom-width wp-block-button__width-100\"><a class=\"wp-block-button__link has-white-color has-text-color has-background no-border-radius wp-element-button\" style=\"background-color:#000000\">terapia par od 250 PLN<\/a><\/div>\n<\/div>\n<\/div>\n<\/div>\n\n\n\n<div class=\"wp-block-columns alignwide is-layout-flex wp-container-16 wp-block-columns-is-layout-flex\" style=\"margin-bottom:0\">\n<div class=\"wp-block-column has-text-color has-background has-link-color wp-elements-cdfcae2fb6cd503a4f9dc4a937635788 is-layout-flow wp-block-column-is-layout-flow\" style=\"color:#000000;background-color:#ffe97d;padding-top:2em;padding-right:2em;padding-bottom:2em;padding-left:2em\">\n<h2 class=\"wp-block-heading has-text-align-center\" id=\"single\" style=\"font-size:40px\"><strong>Terapia on-line<\/strong><\/h2>\n\n\n\n<p class=\"has-normal-font-size\" style=\"line-height:1.5\"><strong>W ramach terapii online ka\u017cdy uczestnik mo\u017ce w pe\u0142ni korzysta\u0107 z pe\u0142nego zakresu \u015bwiadczonych us\u0142ug.<\/strong><\/p>\n\n\n\n<hr class=\"wp-block-separator has-text-color has-css-opacity has-background is-style-wide\" style=\"background-color:#000000;color:#000000\"\/>\n\n\n\n<ul class=\"has-normal-font-size\">\n<li>Terapia online to pe\u0142nowarto\u015bciowa i skuteczna forma pomocy<\/li>\n\n\n\n<li>Zdalnie &#8211; bez dojazd\u00f3w, gdziekolwiek jeste\u015b<\/li>\n\n\n\n<li>Skuteczna dla os\u00f3b uzale\u017cnionych, wsp\u00f3\u0142uzale\u017cnionych, DDA<\/li>\n<\/ul>\n\n\n\n<div class=\"wp-block-buttons alignfull is-horizontal is-content-justification-center is-layout-flex wp-container-8 wp-block-buttons-is-layout-flex\">\n<div class=\"wp-block-button has-custom-width wp-block-button__width-100\"><a class=\"wp-block-button__link has-white-color has-text-color has-background no-border-radius wp-element-button\" style=\"background-color:#000000\">od 150 PLN<\/a><\/div>\n<\/div>\n<\/div>\n\n\n\n<div class=\"wp-block-column has-text-color has-background has-link-color wp-elements-0060ed90d9fa85069c6131fd010969e1 is-layout-flow wp-block-column-is-layout-flow\" style=\"color:#000000;background-color:#d1d1e1;padding-top:2em;padding-right:2em;padding-bottom:2em;padding-left:2em\">\n<div class=\"wp-block-group is-layout-constrained wp-block-group-is-layout-constrained\"><div class=\"wp-block-group__inner-container\">\n<div class=\"wp-block-group is-layout-constrained wp-block-group-is-layout-constrained\"><div class=\"wp-block-group__inner-container\">\n<h2 class=\"wp-block-heading has-text-align-center\" id=\"family\" style=\"font-size:40px\"><strong><a href=\"http:\/\/terapeuci.com.pl\/index.php\/interwencja-kryzysowa\/\">Interwencja kryzysowa<\/a><\/strong><\/h2>\n\n\n\n<p class=\"has-normal-font-size\" style=\"line-height:1.5\"><strong>Je\u015bli Twoje pr\u00f3by pomocy nie przynosz\u0105 efekt\u00f3w i chory nadal nie chce si\u0119 leczy\u0107,&nbsp;zwr\u00f3\u0107 si\u0119 po pomoc do nas.<\/strong><\/p>\n\n\n\n<hr class=\"wp-block-separator has-css-opacity is-style-wide\"\/>\n\n\n\n<ul class=\"has-normal-font-size\">\n<li>Interwencja to pomoc komu\u015b, kto tej pomocy nie chce<\/li>\n\n\n\n<li>Interwencja to dzia\u0142anie z zewn\u0105trz<\/li>\n\n\n\n<li>W czasie interwencji atakowane s\u0105 argumenty, a nie osoba uzale\u017cniona<\/li>\n<\/ul>\n<\/div><\/div>\n<\/div><\/div>\n\n\n\n<div class=\"wp-block-buttons alignfull is-horizontal is-content-justification-center is-layout-flex wp-container-12 wp-block-buttons-is-layout-flex\">\n<div class=\"wp-block-button has-custom-width wp-block-button__width-100 is-style-fill\"><a class=\"wp-block-button__link has-white-color has-text-color has-background no-border-radius wp-element-button\" href=\"https:\/\/terapeuci.com.pl\/index.php\/interwencja-kryzysowa\/\" style=\"background-color:#000000\">od 400 PLN<\/a><\/div>\n<\/div>\n<\/div>\n\n\n\n<div class=\"wp-block-column has-text-color has-background has-link-color wp-elements-f066697b632d263be7ee77f8279c1d7e is-layout-flow wp-block-column-is-layout-flow\" style=\"color:#000000;background-color:#c0ebf1;padding-top:2em;padding-right:2em;padding-bottom:2em;padding-left:2em\">\n<h2 class=\"wp-block-heading has-text-align-center\" id=\"patron\" style=\"font-size:40px\"><strong>Odtrucia \/ detoks<\/strong><\/h2>\n\n\n\n<p class=\"has-normal-font-size\"><strong>Wst\u0119pem do tego, aby zacz\u0105\u0107 \u017cycie wolne od na\u0142og\u00f3w jest odtrucie i regeneracja organizmu, nazywana potocznie detoksem.<\/strong><\/p>\n\n\n\n<hr class=\"wp-block-separator has-css-opacity is-style-wide\"\/>\n\n\n\n<ul class=\"has-normal-font-size\">\n<li>Proces otrucia, czyli detoksu jest niezb\u0119dny do podj\u0119cia skutecznej terapii przy d\u0142ugotrwa\u0142ych ci\u0105gach<\/li>\n\n\n\n<li>Oferujemy r\u00f3wnie\u017c detoksy szybkie, wszystkie w pe\u0142ni anonimowe<\/li>\n\n\n\n<li>Mo\u017cliwe s\u0105 dodatkowe wlewy witaminowe i wzmacniaj\u0105ce<\/li>\n<\/ul>\n\n\n\n<div class=\"wp-block-buttons alignfull is-horizontal is-content-justification-center is-layout-flex wp-container-14 wp-block-buttons-is-layout-flex\">\n<div class=\"wp-block-button has-custom-width wp-block-button__width-100\"><a class=\"wp-block-button__link has-white-color has-text-color has-background no-border-radius wp-element-button\" style=\"background-color:#000000\">cena odtru\u0107 &#8211; zadzwo\u0144<\/a><\/div>\n<\/div>\n<\/div>\n<\/div>\n\n\n\n<div class=\"wp-block-columns alignwide is-layout-flex wp-container-23 wp-block-columns-is-layout-flex\" style=\"margin-bottom:0\">\n<div class=\"wp-block-column has-text-color has-background has-link-color wp-elements-3fa0b0c362ab1bae974bde57c4a5b0fe is-layout-flow wp-block-column-is-layout-flow\" style=\"color:#000000;background-color:#ffe97d;padding-top:2em;padding-right:2em;padding-bottom:2em;padding-left:2em\">\n<h2 class=\"wp-block-heading has-text-align-center\" id=\"single\" style=\"font-size:40px\"><strong>Esperal \/ Naltrexon<\/strong><\/h2>\n\n\n\n<p class=\"has-normal-font-size\" style=\"line-height:1.5\"><strong>Tak zwane wszywki s\u0105 jedn\u0105 z metod zachowania abstynencji.<\/strong><\/p>\n\n\n\n<hr class=\"wp-block-separator has-text-color has-css-opacity has-background is-style-wide\" style=\"background-color:#000000;color:#000000\"\/>\n\n\n\n<ul class=\"has-normal-font-size\">\n<li>Do\u015bwiadczony chirurg<\/li>\n\n\n\n<li>Esperal (disulfiram) &#8211; skuteczny \u015brodek, aby pom\u00f3c osobom uzale\u017cnionym od alkoholu w walce z na\u0142ogiem<\/li>\n\n\n\n<li>Naltrexon &#8211; lek wspomagaj\u0105cy abstynencj\u0119 oraz zmniejszaj\u0105cy g\u0142ody opioidowe oraz alkoholowe<\/li>\n<\/ul>\n\n\n\n<div class=\"wp-block-buttons alignfull is-horizontal is-content-justification-center is-layout-flex wp-container-17 wp-block-buttons-is-layout-flex\">\n<div class=\"wp-block-button has-custom-width wp-block-button__width-100\"><a class=\"wp-block-button__link has-white-color has-text-color has-background no-border-radius wp-element-button\" style=\"background-color:#000000\">od 1000 PLN<\/a><\/div>\n<\/div>\n<\/div>\n\n\n\n<div class=\"wp-block-column has-text-color has-background has-link-color wp-elements-0d8941eba0198e77e201b944f5298be9 is-layout-flow wp-block-column-is-layout-flow\" style=\"color:#000000;background-color:#d1d1e1;padding-top:2em;padding-right:2em;padding-bottom:2em;padding-left:2em\">\n<h2 class=\"wp-block-heading has-text-align-center\" id=\"family\" style=\"font-size:40px\">DDA<\/h2>\n\n\n\n<p class=\"has-normal-font-size\" style=\"line-height:1.5\"><strong>Tym terminem okre\u015bla si\u0119 wszystkich doros\u0142ych, kt\u00f3rych dzieci\u0144stwo up\u0142ywa\u0142o pod znakiem problem\u00f3w alkoholowych lub innych uzale\u017cnie\u0144 jednego lub obojga rodzic\u00f3w.<\/strong><\/p>\n\n\n\n<hr class=\"wp-block-separator has-css-opacity is-style-wide\"\/>\n\n\n\n<ul class=\"has-normal-font-size\">\n<li>DDA s\u0105 cz\u0119\u015bciej nara\u017cone na problemy emocjonalne i maj\u0105 trudno\u015bci w utrzymywaniu relacji mi\u0119dzyludzkich<\/li>\n\n\n\n<li>Celem terapii DDA jest udzielenie wsparcia<\/li>\n\n\n\n<li>Osoby po terapii DDA osi\u0105gaj\u0105 stabilno\u015b\u0107 emocjonaln\u0105, maj\u0105 w sobie wi\u0119cej optymizmu i zaczynaj\u0105 \u017cy\u0107 w\u0142asnym \u017cyciem<\/li>\n<\/ul>\n\n\n\n<div class=\"wp-block-buttons alignfull is-horizontal is-content-justification-center is-layout-flex wp-container-19 wp-block-buttons-is-layout-flex\">\n<div class=\"wp-block-button has-custom-width wp-block-button__width-100 is-style-fill\"><a class=\"wp-block-button__link has-white-color has-text-color has-background no-border-radius wp-element-button\" style=\"background-color:#000000\">od 150 PLN sesja indywidualna<\/a><\/div>\n<\/div>\n<\/div>\n\n\n\n<div class=\"wp-block-column has-text-color has-background has-link-color wp-elements-d72cc5497197318bbd4f9f4d63577001 is-layout-flow wp-block-column-is-layout-flow\" style=\"color:#000000;background-color:#c0ebf1;padding-top:2em;padding-right:2em;padding-bottom:2em;padding-left:2em\">\n<h2 class=\"wp-block-heading has-text-align-center\" id=\"patron\" style=\"font-size:40px\"><strong>Addiction therapy in English<\/strong><\/h2>\n\n\n\n<p class=\"has-normal-font-size\"><strong>We provide also addiction therapy in English language.<\/strong><\/p>\n\n\n\n<hr class=\"wp-block-separator has-css-opacity is-style-wide\"\/>\n\n\n\n<ul class=\"has-normal-font-size\">\n<li>Stationary, outpatient and online therapy<\/li>\n\n\n\n<li>Crisis intervention also in English<\/li>\n<\/ul>\n\n\n\n<div class=\"wp-block-buttons alignfull is-horizontal is-content-justification-center is-layout-flex wp-container-21 wp-block-buttons-is-layout-flex\">\n<div class=\"wp-block-button has-custom-width wp-block-button__width-100\"><a class=\"wp-block-button__link has-white-color has-text-color has-background no-border-radius wp-element-button\" style=\"background-color:#000000\">from 250 PLN \/ session<\/a><\/div>\n<\/div>\n<\/div>\n<\/div>\n","protected":false},"excerpt":{"rendered":"<p>Specjalizujemy si\u0119 w terapii w trybie ambulatoryjnym oraz on-line os\u00f3b uzale\u017cnionych, wsp\u00f3\u0142uzale\u017cnionych, par, leczenia syndromu DDA i DDD. Wsp\u00f3\u0142pracujemy z dwoma o\u015brodkami terapii uzale\u017cnie\u0144 w trybie stacjonarnym (wraz z detoksykacj\u0105) w Warszawie i Konstancinie-Jeziorna. Ponadto w naszym zespole jest dw\u00f3jka ratownik\u00f3w medycznych, kt\u00f3rzy prowadz\u0105 odtrucia domowe. Na \u017cyczenie bliskich os\u00f3b uzale\u017cnionych prowadzimy interwencje kryzysowe. Terapia [&hellip;]<\/p>\n","protected":false},"author":1,"featured_media":0,"parent":0,"menu_order":0,"comment_status":"closed","ping_status":"closed","template":"","meta":{"om_disable_all_campaigns":false,"_monsterinsights_skip_tracking":false,"_monsterinsights_sitenote_active":false,"_monsterinsights_sitenote_note":"","_monsterinsights_sitenote_category":0,"footnotes":""},"aioseo_notices":[],"yoast_head":"<!-- This site is optimized with the Yoast SEO Premium plugin v21.3 (Yoast SEO v22.6) - https:\/\/yoast.com\/wordpress\/plugins\/seo\/ -->\n<title>Oferta szczeg\u00f3\u0142owa - Terapia uzale\u017cnie\u0144, wsp\u00f3\u0142uzale\u017cnie\u0144, par, DDA, DDD<\/title>\n<meta name=\"description\" content=\"Specjalizujemy si\u0119 w terapii w trybie ambulatoryjnym oraz on-line os\u00f3b uzale\u017cnionych, wsp\u00f3\u0142uzale\u017cnionych, par, leczenia syndromu DDA i DDD\" \/>\n<meta name=\"robots\" content=\"index, follow, max-snippet:-1, max-image-preview:large, max-video-preview:-1\" \/>\n<link rel=\"canonical\" href=\"http:\/\/terapeuci.com.pl\/index.php\/nasza-oferta\/\" \/>\n<meta property=\"og:locale\" content=\"pl_PL\" \/>\n<meta property=\"og:type\" content=\"article\" \/>\n<meta property=\"og:title\" content=\"Oferta szczeg\u00f3\u0142owa\" \/>\n<meta property=\"og:description\" content=\"Specjalizujemy si\u0119 w terapii w trybie ambulatoryjnym oraz on-line os\u00f3b uzale\u017cnionych, wsp\u00f3\u0142uzale\u017cnionych, par, leczenia syndromu DDA i DDD\" \/>\n<meta property=\"og:url\" content=\"http:\/\/terapeuci.com.pl\/index.php\/nasza-oferta\/\" \/>\n<meta property=\"og:site_name\" content=\"Terapia uzale\u017cnie\u0144, wsp\u00f3\u0142uzale\u017cnie\u0144, par, DDA, DDD\" \/>\n<meta property=\"article:modified_time\" content=\"2023-11-12T10:40:20+00:00\" \/>\n<meta name=\"twitter:card\" content=\"summary_large_image\" \/>\n<meta name=\"twitter:label1\" content=\"Szacowany czas czytania\" \/>\n\t<meta name=\"twitter:data1\" content=\"3 minuty\" \/>\n<script type=\"application\/ld+json\" class=\"yoast-schema-graph\">{\"@context\":\"https:\/\/schema.org\",\"@graph\":[{\"@type\":\"WebPage\",\"@id\":\"http:\/\/terapeuci.com.pl\/index.php\/nasza-oferta\/\",\"url\":\"http:\/\/terapeuci.com.pl\/index.php\/nasza-oferta\/\",\"name\":\"Oferta szczeg\u00f3\u0142owa - Terapia uzale\u017cnie\u0144, wsp\u00f3\u0142uzale\u017cnie\u0144, par, DDA, DDD\",\"isPartOf\":{\"@id\":\"http:\/\/terapeuci.com.pl\/#website\"},\"datePublished\":\"2023-08-22T10:04:01+00:00\",\"dateModified\":\"2023-11-12T10:40:20+00:00\",\"description\":\"Specjalizujemy si\u0119 w terapii w trybie ambulatoryjnym oraz on-line os\u00f3b uzale\u017cnionych, wsp\u00f3\u0142uzale\u017cnionych, par, leczenia syndromu DDA i DDD\",\"breadcrumb\":{\"@id\":\"http:\/\/terapeuci.com.pl\/index.php\/nasza-oferta\/#breadcrumb\"},\"inLanguage\":\"pl-PL\",\"potentialAction\":[{\"@type\":\"ReadAction\",\"target\":[\"http:\/\/terapeuci.com.pl\/index.php\/nasza-oferta\/\"]}]},{\"@type\":\"BreadcrumbList\",\"@id\":\"http:\/\/terapeuci.com.pl\/index.php\/nasza-oferta\/#breadcrumb\",\"itemListElement\":[{\"@type\":\"ListItem\",\"position\":1,\"name\":\"Strona g\u0142\u00f3wna\",\"item\":\"https:\/\/terapeuci.com.pl\/\"},{\"@type\":\"ListItem\",\"position\":2,\"name\":\"Oferta szczeg\u00f3\u0142owa\"}]},{\"@type\":\"WebSite\",\"@id\":\"http:\/\/terapeuci.com.pl\/#website\",\"url\":\"http:\/\/terapeuci.com.pl\/\",\"name\":\"Terapia uzale\u017cnie\u0144, wsp\u00f3\u0142uzale\u017cnie\u0144, par, DDA, DDD\",\"description\":\"Spraw, aby ka\u017cdy dzie\u0144 m\u00f3g\u0142 by\u0107 najpi\u0119kniejszym dniem Twojego \u017cycia\",\"potentialAction\":[{\"@type\":\"SearchAction\",\"target\":{\"@type\":\"EntryPoint\",\"urlTemplate\":\"http:\/\/terapeuci.com.pl\/?s={search_term_string}\"},\"query-input\":\"required name=search_term_string\"}],\"inLanguage\":\"pl-PL\"}]}<\/script>\n<!-- \/ Yoast SEO Premium plugin. -->","yoast_head_json":{"title":"Oferta szczeg\u00f3\u0142owa - Terapia uzale\u017cnie\u0144, wsp\u00f3\u0142uzale\u017cnie\u0144, par, DDA, DDD","description":"Specjalizujemy si\u0119 w terapii w trybie ambulatoryjnym oraz on-line os\u00f3b uzale\u017cnionych, wsp\u00f3\u0142uzale\u017cnionych, par, leczenia syndromu DDA i DDD","robots":{"index":"index","follow":"follow","max-snippet":"max-snippet:-1","max-image-preview":"max-image-preview:large","max-video-preview":"max-video-preview:-1"},"canonical":"http:\/\/terapeuci.com.pl\/index.php\/nasza-oferta\/","og_locale":"pl_PL","og_type":"article","og_title":"Oferta szczeg\u00f3\u0142owa","og_description":"Specjalizujemy si\u0119 w terapii w trybie ambulatoryjnym oraz on-line os\u00f3b uzale\u017cnionych, wsp\u00f3\u0142uzale\u017cnionych, par, leczenia syndromu DDA i DDD","og_url":"http:\/\/terapeuci.com.pl\/index.php\/nasza-oferta\/","og_site_name":"Terapia uzale\u017cnie\u0144, wsp\u00f3\u0142uzale\u017cnie\u0144, par, DDA, DDD","article_modified_time":"2023-11-12T10:40:20+00:00","twitter_card":"summary_large_image","twitter_misc":{"Szacowany czas czytania":"3 minuty"},"schema":{"@context":"https:\/\/schema.org","@graph":[{"@type":"WebPage","@id":"http:\/\/terapeuci.com.pl\/index.php\/nasza-oferta\/","url":"http:\/\/terapeuci.com.pl\/index.php\/nasza-oferta\/","name":"Oferta szczeg\u00f3\u0142owa - Terapia uzale\u017cnie\u0144, wsp\u00f3\u0142uzale\u017cnie\u0144, par, DDA, DDD","isPartOf":{"@id":"http:\/\/terapeuci.com.pl\/#website"},"datePublished":"2023-08-22T10:04:01+00:00","dateModified":"2023-11-12T10:40:20+00:00","description":"Specjalizujemy si\u0119 w terapii w trybie ambulatoryjnym oraz on-line os\u00f3b uzale\u017cnionych, wsp\u00f3\u0142uzale\u017cnionych, par, leczenia syndromu DDA i DDD","breadcrumb":{"@id":"http:\/\/terapeuci.com.pl\/index.php\/nasza-oferta\/#breadcrumb"},"inLanguage":"pl-PL","potentialAction":[{"@type":"ReadAction","target":["http:\/\/terapeuci.com.pl\/index.php\/nasza-oferta\/"]}]},{"@type":"BreadcrumbList","@id":"http:\/\/terapeuci.com.pl\/index.php\/nasza-oferta\/#breadcrumb","itemListElement":[{"@type":"ListItem","position":1,"name":"Strona g\u0142\u00f3wna","item":"https:\/\/terapeuci.com.pl\/"},{"@type":"ListItem","position":2,"name":"Oferta szczeg\u00f3\u0142owa"}]},{"@type":"WebSite","@id":"http:\/\/terapeuci.com.pl\/#website","url":"http:\/\/terapeuci.com.pl\/","name":"Terapia uzale\u017cnie\u0144, wsp\u00f3\u0142uzale\u017cnie\u0144, par, DDA, DDD","description":"Spraw, aby ka\u017cdy dzie\u0144 m\u00f3g\u0142 by\u0107 najpi\u0119kniejszym dniem Twojego \u017cycia","potentialAction":[{"@type":"SearchAction","target":{"@type":"EntryPoint","urlTemplate":"http:\/\/terapeuci.com.pl\/?s={search_term_string}"},"query-input":"required name=search_term_string"}],"inLanguage":"pl-PL"}]}},"_links":{"self":[{"href":"https:\/\/terapeuci.com.pl\/index.php\/wp-json\/wp\/v2\/pages\/40"}],"collection":[{"href":"https:\/\/terapeuci.com.pl\/index.php\/wp-json\/wp\/v2\/pages"}],"about":[{"href":"https:\/\/terapeuci.com.pl\/index.php\/wp-json\/wp\/v2\/types\/page"}],"author":[{"embeddable":true,"href":"https:\/\/terapeuci.com.pl\/index.php\/wp-json\/wp\/v2\/users\/1"}],"replies":[{"embeddable":true,"href":"https:\/\/terapeuci.com.pl\/index.php\/wp-json\/wp\/v2\/comments?post=40"}],"version-history":[{"count":33,"href":"https:\/\/terapeuci.com.pl\/index.php\/wp-json\/wp\/v2\/pages\/40\/revisions"}],"predecessor-version":[{"id":249,"href":"https:\/\/terapeuci.com.pl\/index.php\/wp-json\/wp\/v2\/pages\/40\/revisions\/249"}],"wp:attachment":[{"href":"https:\/\/terapeuci.com.pl\/index.php\/wp-json\/wp\/v2\/media?parent=40"}],"curies":[{"name":"wp","href":"https:\/\/api.w.org\/{rel}","templated":true}]}}