{"id":83,"date":"2023-08-22T23:00:56","date_gmt":"2023-08-22T21:00:56","guid":{"rendered":"http:\/\/terapeuci.com.pl\/?page_id=83"},"modified":"2023-10-18T10:35:39","modified_gmt":"2023-10-18T08:35:39","slug":"kadra","status":"publish","type":"page","link":"https:\/\/terapeuci.com.pl\/index.php\/kadra\/","title":{"rendered":"Kadra"},"content":{"rendered":"\n<p>W budowie<\/p>\n","protected":false},"excerpt":{"rendered":"<p>W budowie<\/p>\n","protected":false},"author":1,"featured_media":0,"parent":0,"menu_order":0,"comment_status":"closed","ping_status":"closed","template":"","meta":{"om_disable_all_campaigns":false,"_monsterinsights_skip_tracking":false,"_monsterinsights_sitenote_active":false,"_monsterinsights_sitenote_note":"","_monsterinsights_sitenote_category":0,"footnotes":""},"aioseo_notices":[],"yoast_head":"<!-- This site is optimized with the Yoast SEO Premium plugin v21.3 (Yoast SEO v22.6) - https:\/\/yoast.com\/wordpress\/plugins\/seo\/ -->\n<title>Kadra - Terapia uzale\u017cnie\u0144, wsp\u00f3\u0142uzale\u017cnie\u0144, par, DDA, DDD<\/title>\n<meta name=\"robots\" content=\"index, follow, max-snippet:-1, max-image-preview:large, max-video-preview:-1\" \/>\n<link rel=\"canonical\" href=\"http:\/\/terapeuci.com.pl\/index.php\/kadra\/\" \/>\n<meta property=\"og:locale\" content=\"pl_PL\" \/>\n<meta property=\"og:type\" content=\"article\" \/>\n<meta property=\"og:title\" content=\"Kadra\" \/>\n<meta property=\"og:description\" content=\"W budowie\" \/>\n<meta property=\"og:url\" content=\"http:\/\/terapeuci.com.pl\/index.php\/kadra\/\" \/>\n<meta property=\"og:site_name\" content=\"Terapia uzale\u017cnie\u0144, wsp\u00f3\u0142uzale\u017cnie\u0144, par, DDA, DDD\" \/>\n<meta property=\"article:modified_time\" content=\"2023-10-18T08:35:39+00:00\" \/>\n<meta name=\"twitter:card\" content=\"summary_large_image\" \/>\n<meta name=\"twitter:label1\" content=\"Szacowany czas czytania\" \/>\n\t<meta name=\"twitter:data1\" content=\"1 minuta\" \/>\n<script type=\"application\/ld+json\" class=\"yoast-schema-graph\">{\"@context\":\"https:\/\/schema.org\",\"@graph\":[{\"@type\":\"WebPage\",\"@id\":\"http:\/\/terapeuci.com.pl\/index.php\/kadra\/\",\"url\":\"http:\/\/terapeuci.com.pl\/index.php\/kadra\/\",\"name\":\"Kadra - Terapia uzale\u017cnie\u0144, wsp\u00f3\u0142uzale\u017cnie\u0144, par, DDA, DDD\",\"isPartOf\":{\"@id\":\"http:\/\/terapeuci.com.pl\/#website\"},\"datePublished\":\"2023-08-22T21:00:56+00:00\",\"dateModified\":\"2023-10-18T08:35:39+00:00\",\"breadcrumb\":{\"@id\":\"http:\/\/terapeuci.com.pl\/index.php\/kadra\/#breadcrumb\"},\"inLanguage\":\"pl-PL\",\"potentialAction\":[{\"@type\":\"ReadAction\",\"target\":[\"http:\/\/terapeuci.com.pl\/index.php\/kadra\/\"]}]},{\"@type\":\"BreadcrumbList\",\"@id\":\"http:\/\/terapeuci.com.pl\/index.php\/kadra\/#breadcrumb\",\"itemListElement\":[{\"@type\":\"ListItem\",\"position\":1,\"name\":\"Strona g\u0142\u00f3wna\",\"item\":\"https:\/\/terapeuci.com.pl\/\"},{\"@type\":\"ListItem\",\"position\":2,\"name\":\"Kadra\"}]},{\"@type\":\"WebSite\",\"@id\":\"http:\/\/terapeuci.com.pl\/#website\",\"url\":\"http:\/\/terapeuci.com.pl\/\",\"name\":\"Terapia uzale\u017cnie\u0144, wsp\u00f3\u0142uzale\u017cnie\u0144, par, DDA, DDD\",\"description\":\"Spraw, aby ka\u017cdy dzie\u0144 m\u00f3g\u0142 by\u0107 najpi\u0119kniejszym dniem Twojego \u017cycia\",\"potentialAction\":[{\"@type\":\"SearchAction\",\"target\":{\"@type\":\"EntryPoint\",\"urlTemplate\":\"http:\/\/terapeuci.com.pl\/?s={search_term_string}\"},\"query-input\":\"required name=search_term_string\"}],\"inLanguage\":\"pl-PL\"}]}<\/script>\n<!-- \/ Yoast SEO Premium plugin. -->","yoast_head_json":{"title":"Kadra - Terapia uzale\u017cnie\u0144, wsp\u00f3\u0142uzale\u017cnie\u0144, par, DDA, DDD","robots":{"index":"index","follow":"follow","max-snippet":"max-snippet:-1","max-image-preview":"max-image-preview:large","max-video-preview":"max-video-preview:-1"},"canonical":"http:\/\/terapeuci.com.pl\/index.php\/kadra\/","og_locale":"pl_PL","og_type":"article","og_title":"Kadra","og_description":"W budowie","og_url":"http:\/\/terapeuci.com.pl\/index.php\/kadra\/","og_site_name":"Terapia uzale\u017cnie\u0144, wsp\u00f3\u0142uzale\u017cnie\u0144, par, DDA, DDD","article_modified_time":"2023-10-18T08:35:39+00:00","twitter_card":"summary_large_image","twitter_misc":{"Szacowany czas czytania":"1 minuta"},"schema":{"@context":"https:\/\/schema.org","@graph":[{"@type":"WebPage","@id":"http:\/\/terapeuci.com.pl\/index.php\/kadra\/","url":"http:\/\/terapeuci.com.pl\/index.php\/kadra\/","name":"Kadra - Terapia uzale\u017cnie\u0144, wsp\u00f3\u0142uzale\u017cnie\u0144, par, DDA, DDD","isPartOf":{"@id":"http:\/\/terapeuci.com.pl\/#website"},"datePublished":"2023-08-22T21:00:56+00:00","dateModified":"2023-10-18T08:35:39+00:00","breadcrumb":{"@id":"http:\/\/terapeuci.com.pl\/index.php\/kadra\/#breadcrumb"},"inLanguage":"pl-PL","potentialAction":[{"@type":"ReadAction","target":["http:\/\/terapeuci.com.pl\/index.php\/kadra\/"]}]},{"@type":"BreadcrumbList","@id":"http:\/\/terapeuci.com.pl\/index.php\/kadra\/#breadcrumb","itemListElement":[{"@type":"ListItem","position":1,"name":"Strona g\u0142\u00f3wna","item":"https:\/\/terapeuci.com.pl\/"},{"@type":"ListItem","position":2,"name":"Kadra"}]},{"@type":"WebSite","@id":"http:\/\/terapeuci.com.pl\/#website","url":"http:\/\/terapeuci.com.pl\/","name":"Terapia uzale\u017cnie\u0144, wsp\u00f3\u0142uzale\u017cnie\u0144, par, DDA, DDD","description":"Spraw, aby ka\u017cdy dzie\u0144 m\u00f3g\u0142 by\u0107 najpi\u0119kniejszym dniem Twojego \u017cycia","potentialAction":[{"@type":"SearchAction","target":{"@type":"EntryPoint","urlTemplate":"http:\/\/terapeuci.com.pl\/?s={search_term_string}"},"query-input":"required name=search_term_string"}],"inLanguage":"pl-PL"}]}},"_links":{"self":[{"href":"https:\/\/terapeuci.com.pl\/index.php\/wp-json\/wp\/v2\/pages\/83"}],"collection":[{"href":"https:\/\/terapeuci.com.pl\/index.php\/wp-json\/wp\/v2\/pages"}],"about":[{"href":"https:\/\/terapeuci.com.pl\/index.php\/wp-json\/wp\/v2\/types\/page"}],"author":[{"embeddable":true,"href":"https:\/\/terapeuci.com.pl\/index.php\/wp-json\/wp\/v2\/users\/1"}],"replies":[{"embeddable":true,"href":"https:\/\/terapeuci.com.pl\/index.php\/wp-json\/wp\/v2\/comments?post=83"}],"version-history":[{"count":2,"href":"https:\/\/terapeuci.com.pl\/index.php\/wp-json\/wp\/v2\/pages\/83\/revisions"}],"predecessor-version":[{"id":236,"href":"https:\/\/terapeuci.com.pl\/index.php\/wp-json\/wp\/v2\/pages\/83\/revisions\/236"}],"wp:attachment":[{"href":"https:\/\/terapeuci.com.pl\/index.php\/wp-json\/wp\/v2\/media?parent=83"}],"curies":[{"name":"wp","href":"https:\/\/api.w.org\/{rel}","templated":true}]}}